{"id":11,"date":"2022-08-15T08:24:58","date_gmt":"2022-08-15T08:24:58","guid":{"rendered":"https:\/\/demo.creativethemes.com\/blocksy\/renovation\/?page_id=11"},"modified":"2025-08-21T19:32:08","modified_gmt":"2025-08-21T19:32:08","slug":"uber","status":"publish","type":"page","link":"https:\/\/www.favamill.com\/de\/uber\/","title":{"rendered":"\u00dcber"},"content":{"rendered":"<div class=\"wp-block-stackable-columns alignfull stk-block-columns stk-block stk-cf65b8b stk-block-background stk--has-background-overlay\" data-block-id=\"cf65b8b\"><style>.stk-cf65b8b .stk--block-align-cf65b8b{align-items:center !important;}.stk-cf65b8b {background-image:url(https:\/\/favamill.com\/wp-content\/uploads\/2024\/06\/banner5.jpg) !important;min-height:500px !important;align-items:center !important;display:flex !important;}.stk-cf65b8b-column{justify-content:center !important;}<\/style><div class=\"stk-row stk-inner-blocks stk--block-align-cf65b8b stk-block-content stk-content-align stk-cf65b8b-column stk--flex alignwide\">\n<div class=\"wp-block-stackable-column stk-block-column stk-column stk-block stk-f8be5fb\" data-v=\"4\" data-block-id=\"f8be5fb\"><style>.stk-f8be5fb {align-self:center !important;}.stk-f8be5fb-inner-blocks{align-items:center !important;justify-content:center !important;}<\/style><div class=\"stk-column-wrapper stk-block-column__content stk-container stk-f8be5fb-container stk--no-background stk--no-padding\"><div class=\"has-text-align-center stk--column-flex stk-block-content stk-inner-blocks stk-f8be5fb-inner-blocks\">\n<div class=\"wp-block-stackable-heading stk-block-heading stk-block-heading--v2 stk-block stk-39e36f0\" id=\"precision-perfected-your-quality-assurance-partner\" data-block-id=\"39e36f0\"><style>.stk-39e36f0 .stk-block-heading__text{color:var(--theme-palette-color-8, #ffffff) !important;}<\/style><h2 class=\"stk-block-heading__text has-text-color has-text-align-center\">Perfektionierte Pr\u00e4zision: Ihr Partner f\u00fcr die Qualit\u00e4tssicherung.<\/h2><\/div>\n<\/div><\/div><\/div>\n<\/div><\/div>\n\n\n\n<div class=\"wp-block-stackable-columns stk-block-columns stk-block stk-b4d6bcf\" data-block-id=\"b4d6bcf\"><style>.stk-b4d6bcf {margin-top:80px !important;margin-bottom:80px !important;}<\/style><div class=\"stk-row stk-inner-blocks stk-block-content stk-content-align stk-b4d6bcf-column\">\n<div class=\"wp-block-stackable-column stk-block-column stk-column stk-block stk-ae168c1\" data-v=\"4\" data-block-id=\"ae168c1\"><style>.stk-ae168c1-inner-blocks{align-items:flex-start !important;}<\/style><div class=\"stk-column-wrapper stk-block-column__content stk-container stk-ae168c1-container stk--no-background stk--no-padding\"><div class=\"stk--column-flex stk-block-content stk-inner-blocks stk-ae168c1-inner-blocks\"><\/div><\/div><\/div>\n<\/div><\/div>\n\n\n\n<div class=\"wp-block-stackable-columns stk-block-columns stk-block stk-6cfcba0\" data-block-id=\"6cfcba0\"><div class=\"stk-row stk-inner-blocks stk-block-content stk-content-align stk-6cfcba0-column\">\n<div class=\"wp-block-stackable-column stk-block-column stk-column stk-block stk-9731073\" data-v=\"4\" data-block-id=\"9731073\"><div class=\"stk-column-wrapper stk-block-column__content stk-container stk-9731073-container stk--no-background stk--no-padding\"><div class=\"stk-block-content stk-inner-blocks stk-9731073-inner-blocks\">\n<div class=\"wp-block-stackable-heading stk-block-heading stk-block-heading--v2 stk-block stk-6d8c307\" id=\"about-favamill\" data-block-id=\"6d8c307\"><h2 class=\"stk-block-heading__text\">\u00dcber Favamill<\/h2><\/div>\n\n\n\n<p>Shenzhen Famamill Testing Equipment Co., Ltd. wurde im Juli 2006 gegr\u00fcndet und konzentriert sich seit 16 Jahren auf die Entwicklung, Konstruktion, Verarbeitung, Herstellung und den Vertrieb von Pr\u00fcfvorrichtungen f\u00fcr die Automobilindustrie. Durch mehr als ein Jahrzehnt der Sedimentation und Polieren, \"Smart Checking Fixtures\" hat sich zu einem bekannten Inspektionswerkzeug Lieferanten Marke in der Branche mit ausgezeichneter Technologie und Qualit\u00e4t.<\/p>\n\n\n\n<p>Famamill verf\u00fcgt \u00fcber erfahrene technische Talente in der Branche, mit mehr als 5 Jahren Erfahrung als Ingenieure und Vermesser, die 80% ausmachen. Wir reagieren schnell auf die Bed\u00fcrfnisse unserer Kunden und entwickeln zeitnahe und genaue L\u00f6sungen. Die Pr\u00e4zision unserer Pr\u00fcfvorrichtungen kann bis zu 0,02 mm betragen, so dass wir hochwertige Pr\u00fcfger\u00e4te f\u00fcr Branchen wie die Automobilindustrie mit hohen Pr\u00e4zisionsanforderungen anbieten k\u00f6nnen.<\/p>\n<\/div><\/div><\/div>\n\n\n\n<div class=\"wp-block-stackable-column stk-block-column stk-column stk-block stk-f6a0159\" data-v=\"4\" data-block-id=\"f6a0159\"><div class=\"stk-column-wrapper stk-block-column__content stk-container stk-f6a0159-container stk--no-background stk--no-padding\"><div class=\"stk-block-content stk-inner-blocks stk-f6a0159-inner-blocks\">\n<div class=\"wp-block-stackable-image stk-block-image stk-block stk-d3b9240\" data-block-id=\"d3b9240\"><figure><span class=\"stk-img-wrapper stk-image--shape-stretch\"><img loading=\"lazy\" decoding=\"async\" class=\"stk-img wp-image-985\" src=\"https:\/\/favamill.com\/wp-content\/uploads\/2024\/06\/tech_guide1-1.jpg\" width=\"500\" height=\"351\" srcset=\"https:\/\/www.favamill.com\/wp-content\/uploads\/2024\/06\/tech_guide1-1.jpg 500w, https:\/\/www.favamill.com\/wp-content\/uploads\/2024\/06\/tech_guide1-1-300x211.jpg 300w\" sizes=\"auto, (max-width: 500px) 100vw, 500px\" \/><\/span><\/figure><\/div>\n<\/div><\/div><\/div>\n<\/div><\/div>\n\n\n\n<div class=\"wp-block-stackable-columns stk-block-columns stk-block stk-06f17ef\" data-block-id=\"06f17ef\"><div class=\"stk-row stk-inner-blocks stk-block-content stk-content-align stk-06f17ef-column\">\n<div class=\"wp-block-stackable-column stk-block-column stk-column stk-block stk-2effd2e\" data-v=\"4\" data-block-id=\"2effd2e\"><div class=\"stk-column-wrapper stk-block-column__content stk-container stk-2effd2e-container stk--no-background stk--no-padding\"><div class=\"stk-block-content stk-inner-blocks stk-2effd2e-inner-blocks\">\n<div class=\"wp-block-stackable-image stk-block-image stk-block stk-6cf1d15\" data-block-id=\"6cf1d15\"><figure><span class=\"stk-img-wrapper stk-image--shape-stretch\"><img loading=\"lazy\" decoding=\"async\" class=\"stk-img wp-image-987\" src=\"https:\/\/favamill.com\/wp-content\/uploads\/2024\/06\/we.jpg\" width=\"600\" height=\"450\" srcset=\"https:\/\/www.favamill.com\/wp-content\/uploads\/2024\/06\/we.jpg 600w, https:\/\/www.favamill.com\/wp-content\/uploads\/2024\/06\/we-300x225.jpg 300w\" sizes=\"auto, (max-width: 600px) 100vw, 600px\" \/><\/span><\/figure><\/div>\n<\/div><\/div><\/div>\n\n\n\n<div class=\"wp-block-stackable-column stk-block-column stk-column stk-block stk-d246769\" data-v=\"4\" data-block-id=\"d246769\"><div class=\"stk-column-wrapper stk-block-column__content stk-container stk-d246769-container stk--no-background stk--no-padding\"><div class=\"stk-block-content stk-inner-blocks stk-d246769-inner-blocks\">\n<div class=\"wp-block-stackable-heading stk-block-heading stk-block-heading--v2 stk-block stk-7783055\" id=\"our-mission\" data-block-id=\"7783055\"><h2 class=\"stk-block-heading__text\">Unser Auftrag<\/h2><\/div>\n\n\n\n<p>1. Entwicklung und Lieferung innovativer und zuverl\u00e4ssiger Pr\u00fcfvorrichtungen, die den Qualit\u00e4tskontrollprozess in der Automobilbranche verbessern.<br>2. Bereitstellung ma\u00dfgeschneiderter L\u00f6sungen, die auf die individuellen Anforderungen jedes Kunden und seine spezifischen Produktionsprozesse zugeschnitten sind.<br>3. St\u00e4ndige Verbesserung und Anpassung an den technologischen Fortschritt, um bei der Entwicklung und Herstellung von Pr\u00fcfvorrichtungen an vorderster Front zu bleiben.<\/p>\n<\/div><\/div><\/div>\n<\/div><\/div>\n\n\n\n<div class=\"wp-block-stackable-columns stk-block-columns stk-block stk-671d668\" data-block-id=\"671d668\"><div class=\"stk-row stk-inner-blocks stk-block-content stk-content-align stk-671d668-column\">\n<div class=\"wp-block-stackable-column stk-block-column stk-column stk-block stk-4f110fe\" data-v=\"4\" data-block-id=\"4f110fe\"><div class=\"stk-column-wrapper stk-block-column__content stk-container stk-4f110fe-container stk--no-background stk--no-padding\"><div class=\"stk-block-content stk-inner-blocks stk-4f110fe-inner-blocks\">\n<div class=\"wp-block-stackable-heading stk-block-heading stk-block-heading--v2 stk-block stk-672b133\" id=\"why-choose-us\" data-block-id=\"672b133\"><h2 class=\"stk-block-heading__text\">Warum uns w\u00e4hlen<\/h2><\/div>\n\n\n\n<div class=\"wp-block-stackable-columns stk-block-columns stk-block stk-99c45ee\" data-block-id=\"99c45ee\"><style>.stk-99c45ee {margin-bottom:0px !important;}<\/style><div class=\"stk-row stk-inner-blocks stk-block-content stk-content-align stk-99c45ee-column\">\n<div class=\"wp-block-stackable-column stk-block-column stk-column stk-block stk-627b196\" data-v=\"4\" data-block-id=\"627b196\"><style>@media screen and (min-width: 768px){.stk-627b196 {flex:var(--stk-flex-grow, 1) 1 calc(8.6% - var(--stk-column-gap, 0px) * 1 \/ 2 ) !important;}}<\/style><div class=\"stk-column-wrapper stk-block-column__content stk-container stk-627b196-container stk--no-background stk--no-padding\"><div class=\"stk-block-content stk-inner-blocks stk-627b196-inner-blocks\">\n<div class=\"wp-block-stackable-number-box stk-block-number-box stk--has-shape stk-block stk-cb9ffd4\" data-block-id=\"cb9ffd4\"><style>.stk-cb9ffd4 .stk-block-number-box__text{height:30px !important;width:30px !important;background-color:var(--theme-palette-color-1, #EC6A2B) !important;font-size:20px !important;}.stk-cb9ffd4 .stk-block-number-box__text:before{background-color:var(--theme-palette-color-1, #EC6A2B) !important;}@media screen and (max-width: 1023px){.stk-cb9ffd4 .stk-block-number-box__text{font-size:20px !important;}}<\/style><div class=\"stk-block-number-box__text\" role=\"presentation\">1<\/div><\/div>\n<\/div><\/div><\/div>\n\n\n\n<div class=\"wp-block-stackable-column stk-block-column stk-column stk-block stk-ed47b04\" data-v=\"4\" data-block-id=\"ed47b04\"><style>@media screen and (min-width: 768px){.stk-ed47b04 {flex:var(--stk-flex-grow, 1) 1 calc(91.4% - var(--stk-column-gap, 0px) * 1 \/ 2 ) !important;}}<\/style><div class=\"stk-column-wrapper stk-block-column__content stk-container stk-ed47b04-container stk--no-background stk--no-padding\"><div class=\"stk-block-content stk-inner-blocks stk-ed47b04-inner-blocks\">\n<div class=\"wp-block-stackable-heading stk-block-heading stk-block-heading--v2 stk-block stk-b352887\" id=\"rich-experience\" data-block-id=\"b352887\"><style>.stk-b352887 .stk-block-heading__bottom-line{height:4px !important;}.stk-b352887 {margin-bottom:5px !important;}<\/style><h6 class=\"stk-block-heading__text\">Reiche Erfahrung<\/h6><\/div>\n\n\n\n<p>15 Jahre Erfahrung in der Anpassung von Pr\u00e4zisionswerkzeugen f\u00fcr die Automobilindustrie<\/p>\n<\/div><\/div><\/div>\n<\/div><\/div>\n\n\n\n<div class=\"wp-block-stackable-columns stk-block-columns stk-block stk-7a92c2e\" data-block-id=\"7a92c2e\"><style>.stk-7a92c2e {margin-bottom:0px !important;}<\/style><div class=\"stk-row stk-inner-blocks stk-block-content stk-content-align stk-7a92c2e-column\">\n<div class=\"wp-block-stackable-column stk-block-column stk-column stk-block stk-a511661\" data-v=\"4\" data-block-id=\"a511661\"><style>@media screen and (min-width: 768px){.stk-a511661 {flex:var(--stk-flex-grow, 1) 1 calc(8.6% - var(--stk-column-gap, 0px) * 1 \/ 2 ) !important;}}<\/style><div class=\"stk-column-wrapper stk-block-column__content stk-container stk-a511661-container stk--no-background stk--no-padding\"><div class=\"stk-block-content stk-inner-blocks stk-a511661-inner-blocks\">\n<div class=\"wp-block-stackable-number-box stk-block-number-box stk--has-shape stk-block stk-18cd174\" data-block-id=\"18cd174\"><style>.stk-18cd174 .stk-block-number-box__text{height:30px !important;width:30px !important;background-color:var(--theme-palette-color-1, #EC6A2B) !important;font-size:20px !important;}.stk-18cd174 .stk-block-number-box__text:before{background-color:var(--theme-palette-color-1, #EC6A2B) !important;}@media screen and (max-width: 1023px){.stk-18cd174 .stk-block-number-box__text{font-size:20px !important;}}<\/style><div class=\"stk-block-number-box__text\" role=\"presentation\">2<\/div><\/div>\n<\/div><\/div><\/div>\n\n\n\n<div class=\"wp-block-stackable-column stk-block-column stk-column stk-block stk-3eed759\" data-v=\"4\" data-block-id=\"3eed759\"><style>@media screen and (min-width: 768px){.stk-3eed759 {flex:var(--stk-flex-grow, 1) 1 calc(91.4% - var(--stk-column-gap, 0px) * 1 \/ 2 ) !important;}}<\/style><div class=\"stk-column-wrapper stk-block-column__content stk-container stk-3eed759-container stk--no-background stk--no-padding\"><div class=\"stk-block-content stk-inner-blocks stk-3eed759-inner-blocks\">\n<div class=\"wp-block-stackable-heading stk-block-heading stk-block-heading--v2 stk-block stk-45b4bb1\" id=\"strong-tailored-solutions-strong\" data-block-id=\"45b4bb1\"><style>.stk-45b4bb1 {margin-bottom:5px !important;}<\/style><h6 class=\"stk-block-heading__text\"><strong>Ma\u00dfgeschneiderte L\u00f6sungen<\/strong><\/h6><\/div>\n\n\n\n<p>Wir k\u00f6nnen L\u00f6sungen entwerfen und produzieren, die perfekt auf Ihre Teile und Pr\u00fcfanforderungen abgestimmt sind.<\/p>\n<\/div><\/div><\/div>\n<\/div><\/div>\n\n\n\n<div class=\"wp-block-stackable-columns stk-block-columns stk-block stk-77239e3\" data-block-id=\"77239e3\"><style>.stk-77239e3 {margin-bottom:0px !important;}<\/style><div class=\"stk-row stk-inner-blocks stk-block-content stk-content-align stk-77239e3-column\">\n<div class=\"wp-block-stackable-column stk-block-column stk-column stk-block stk-9487282\" data-v=\"4\" data-block-id=\"9487282\"><style>@media screen and (min-width: 768px){.stk-9487282 {flex:var(--stk-flex-grow, 1) 1 calc(8.6% - var(--stk-column-gap, 0px) * 1 \/ 2 ) !important;}}<\/style><div class=\"stk-column-wrapper stk-block-column__content stk-container stk-9487282-container stk--no-background stk--no-padding\"><div class=\"stk-block-content stk-inner-blocks stk-9487282-inner-blocks\">\n<div class=\"wp-block-stackable-number-box stk-block-number-box stk--has-shape stk-block stk-bbbae9f\" data-block-id=\"bbbae9f\"><style>.stk-bbbae9f .stk-block-number-box__text{height:30px !important;width:30px !important;background-color:var(--theme-palette-color-1, #EC6A2B) !important;font-size:20px !important;}.stk-bbbae9f .stk-block-number-box__text:before{background-color:var(--theme-palette-color-1, #EC6A2B) !important;}@media screen and (max-width: 1023px){.stk-bbbae9f .stk-block-number-box__text{font-size:20px !important;}}<\/style><div class=\"stk-block-number-box__text\" role=\"presentation\">3<\/div><\/div>\n<\/div><\/div><\/div>\n\n\n\n<div class=\"wp-block-stackable-column stk-block-column stk-column stk-block stk-6b2624f\" data-v=\"4\" data-block-id=\"6b2624f\"><style>@media screen and (min-width: 768px){.stk-6b2624f {flex:var(--stk-flex-grow, 1) 1 calc(91.4% - var(--stk-column-gap, 0px) * 1 \/ 2 ) !important;}}<\/style><div class=\"stk-column-wrapper stk-block-column__content stk-container stk-6b2624f-container stk--no-background stk--no-padding\"><div class=\"stk-block-content stk-inner-blocks stk-6b2624f-inner-blocks\">\n<div class=\"wp-block-stackable-heading stk-block-heading stk-block-heading--v2 stk-block stk-aacb87c\" id=\"durable-quality\" data-block-id=\"aacb87c\"><style>.stk-aacb87c {margin-bottom:5px !important;}<\/style><h6 class=\"stk-block-heading__text\">Dauerhafte Qualit\u00e4t<\/h6><\/div>\n\n\n\n<div class=\"wp-block-stackable-text stk-block-text stk-block stk-d715137\" data-block-id=\"d715137\"><p class=\"stk-block-text__text\">Wir verwenden robuste, langlebige Materialien und ergonomische Designs, um eine gleichbleibende Leistung zu gew\u00e4hrleisten.<\/p><\/div>\n<\/div><\/div><\/div>\n<\/div><\/div>\n\n\n\n<div class=\"wp-block-stackable-columns stk-block-columns stk-block stk-39fbdc4\" data-block-id=\"39fbdc4\"><style>.stk-39fbdc4 {margin-bottom:0px !important;}<\/style><div class=\"stk-row stk-inner-blocks stk-block-content stk-content-align stk-39fbdc4-column\">\n<div class=\"wp-block-stackable-column stk-block-column stk-column stk-block stk-497c054\" data-v=\"4\" data-block-id=\"497c054\"><style>@media screen and (min-width: 768px){.stk-497c054 {flex:var(--stk-flex-grow, 1) 1 calc(8.6% - var(--stk-column-gap, 0px) * 1 \/ 2 ) !important;}}<\/style><div class=\"stk-column-wrapper stk-block-column__content stk-container stk-497c054-container stk--no-background stk--no-padding\"><div class=\"stk-block-content stk-inner-blocks stk-497c054-inner-blocks\">\n<div class=\"wp-block-stackable-number-box stk-block-number-box stk--has-shape stk-block stk-a3b887f\" data-block-id=\"a3b887f\"><style>.stk-a3b887f .stk-block-number-box__text{height:30px !important;width:30px !important;background-color:var(--theme-palette-color-1, #EC6A2B) !important;font-size:20px !important;}.stk-a3b887f .stk-block-number-box__text:before{background-color:var(--theme-palette-color-1, #EC6A2B) !important;}@media screen and (max-width: 1023px){.stk-a3b887f .stk-block-number-box__text{font-size:20px !important;}}<\/style><div class=\"stk-block-number-box__text\" role=\"presentation\">4<\/div><\/div>\n<\/div><\/div><\/div>\n\n\n\n<div class=\"wp-block-stackable-column stk-block-column stk-column stk-block stk-cf162e3\" data-v=\"4\" data-block-id=\"cf162e3\"><style>@media screen and (min-width: 768px){.stk-cf162e3 {flex:var(--stk-flex-grow, 1) 1 calc(91.4% - var(--stk-column-gap, 0px) * 1 \/ 2 ) !important;}}<\/style><div class=\"stk-column-wrapper stk-block-column__content stk-container stk-cf162e3-container stk--no-background stk--no-padding\"><div class=\"stk-block-content stk-inner-blocks stk-cf162e3-inner-blocks\">\n<div class=\"wp-block-stackable-heading stk-block-heading stk-block-heading--v2 stk-block stk-2b967f7\" id=\"comprehensive-service\" data-block-id=\"2b967f7\"><style>.stk-2b967f7 {margin-bottom:5px !important;}<\/style><h6 class=\"stk-block-heading__text\">Umfassender Service<\/h6><\/div>\n\n\n\n<p>Von der Designberatung bis zur Installation bieten wir einen umfassenden technischen Service.<\/p>\n<\/div><\/div><\/div>\n<\/div><\/div>\n<\/div><\/div><\/div>\n\n\n\n<div class=\"wp-block-stackable-column stk-block-column stk-column stk-block stk-f8b3b9c\" data-v=\"4\" data-block-id=\"f8b3b9c\"><div class=\"stk-column-wrapper stk-block-column__content stk-container stk-f8b3b9c-container stk--no-background stk--no-padding\"><div class=\"stk-block-content stk-inner-blocks stk-f8b3b9c-inner-blocks\">\n<div class=\"wp-block-stackable-image stk-block-image stk-block stk-a260a65\" data-block-id=\"a260a65\"><figure><span class=\"stk-img-wrapper stk-image--shape-stretch\"><img loading=\"lazy\" decoding=\"async\" class=\"stk-img wp-image-988\" src=\"https:\/\/favamill.com\/wp-content\/uploads\/2024\/06\/favamill.jpg\" width=\"600\" height=\"450\" alt=\"Favamill\" srcset=\"https:\/\/www.favamill.com\/wp-content\/uploads\/2024\/06\/favamill.jpg 600w, https:\/\/www.favamill.com\/wp-content\/uploads\/2024\/06\/favamill-300x225.jpg 300w\" sizes=\"auto, (max-width: 600px) 100vw, 600px\" \/><\/span><\/figure><\/div>\n<\/div><\/div><\/div>\n<\/div><\/div>","protected":false},"excerpt":{"rendered":"<p>Precision Perfected: Your Quality Assurance Partner. About Favamill Shenzhen Famamill Testing Equipment Co., Ltd. was established in July 2006, focusing on the development, design, processing, manufacturing, and sales services of automotive checking fixtures for 16 years. Through more than a decade of sedimentation and polishing, \u201cSmart Checking Fixtures\u201d has become a well-known inspection tool supplier [&hellip;]<\/p>","protected":false},"author":1,"featured_media":0,"parent":0,"menu_order":0,"comment_status":"closed","ping_status":"closed","template":"","meta":{"_seopress_robots_primary_cat":"","_seopress_titles_title":"","_seopress_titles_desc":"","_seopress_robots_index":"","footnotes":""},"class_list":["post-11","page","type-page","status-publish","hentry"],"blocksy_meta":{"styles_descriptor":{"styles":{"desktop":"","tablet":"","mobile":""},"google_fonts":[],"version":6},"page_title_panel":"","has_hero_section":"disabled","92cb9500f94316609064d93a5ddfc517":"","hero_section":"type-1","hero_elements":[{"id":"custom_title","enabled":true,"heading_tag":"h1","title":"Startseite"},{"id":"custom_description","enabled":true,"description_visibility":{"desktop":true,"tablet":true,"mobile":false}},{"id":"custom_meta","enabled":false,"meta_elements":[{"id":"author","enabled":true,"label":"By","has_author_avatar":"yes","avatar_size":25},{"id":"post_date","enabled":true,"label":"On","date_format_source":"default","date_format":"M j, Y"},{"id":"updated_date","enabled":false,"label":"On","date_format_source":"default","date_format":"M j, Y"},{"id":"categories","enabled":false,"label":"In","style":"simple"},{"id":"comments","enabled":true}],"page_meta_elements":{"joined":true,"articles_count":true,"comments":true}},{"id":"breadcrumbs","enabled":false}],"8a4e2c091d2e7e17dee538ddf05e2381":"","hero_alignment1":"CT_CSS_SKIP_RULE","hero_margin":40,"hero_alignment2":"center","hero_vertical_alignment":"center","b3507b0f630a45253bb4a4241b650d4e":"","hero_structure":"narrow","f94bffa96ba8b9fac8c52268ca0f5e73":"","page_title_bg_type":"featured_image","custom_hero_background":{"attachment_id":null},"page_title_image_size":"full","parallax":{"desktop":false,"tablet":false,"mobile":false},"d64135796b22f09bcc028389b9fb9587":"","hero_height":"250px","pageTitleFont":{"family":"Default","variation":"Default","size":"30px","line-height":"CT_CSS_SKIP_RULE","letter-spacing":"CT_CSS_SKIP_RULE","text-transform":"CT_CSS_SKIP_RULE","text-decoration":"CT_CSS_SKIP_RULE"},"pageTitleFontColor":{"default":{"color":"CT_CSS_SKIP_RULEDEFAULT"}},"pageMetaFont":{"family":"Default","variation":"n6","size":"12px","line-height":"1.3","letter-spacing":"CT_CSS_SKIP_RULE","text-transform":"uppercase","text-decoration":"CT_CSS_SKIP_RULE"},"pageMetaFontColor":{"default":{"color":"CT_CSS_SKIP_RULEDEFAULT"},"hover":{"color":"CT_CSS_SKIP_RULEDEFAULT"}},"page_meta_button_type_font_colors":{"default":{"color":"CT_CSS_SKIP_RULEDEFAULT"},"hover":{"color":"CT_CSS_SKIP_RULEDEFAULT"}},"page_meta_button_type_background_colors":{"default":{"color":"CT_CSS_SKIP_RULEDEFAULT"},"hover":{"color":"CT_CSS_SKIP_RULEDEFAULT"}},"pageExcerptFont":{"family":"Default","variation":"Default","size":"CT_CSS_SKIP_RULE","line-height":"CT_CSS_SKIP_RULE","letter-spacing":"CT_CSS_SKIP_RULE","text-transform":"CT_CSS_SKIP_RULE","text-decoration":"CT_CSS_SKIP_RULE"},"pageExcerptColor":{"default":{"color":"CT_CSS_SKIP_RULEDEFAULT"}},"breadcrumbsFont":{"family":"Default","variation":"Default","size":"CT_CSS_SKIP_RULE","line-height":"CT_CSS_SKIP_RULE","letter-spacing":"CT_CSS_SKIP_RULE","text-transform":"CT_CSS_SKIP_RULE","text-decoration":"CT_CSS_SKIP_RULE"},"breadcrumbsFontColor":{"default":{"color":"CT_CSS_SKIP_RULEDEFAULT"},"initial":{"color":"CT_CSS_SKIP_RULEDEFAULT"},"hover":{"color":"CT_CSS_SKIP_RULEDEFAULT"}},"pageTitleOverlay":{"background_type":"color","background_pattern":"type-1","background_image":{"attachment_id":null,"x":0,"y":0},"gradient":"linear-gradient(135deg,rgba(6,147,227,1) 0%,rgb(155,81,224) 100%)","background_repeat":"repeat","background_size":"auto","background_attachment":"scroll","patternColor":{"default":{"color":"#e5e7ea"}},"overlayColor":{"default":{"color":"CT_CSS_SKIP_RULE"}},"backgroundColor":{"default":{"color":"CT_CSS_SKIP_RULE"}}},"pageTitleBackground":{"background_type":"color","background_pattern":"type-1","background_image":{"attachment_id":null,"x":0,"y":0},"gradient":"linear-gradient(135deg,rgba(6,147,227,1) 0%,rgb(155,81,224) 100%)","background_repeat":"repeat","background_size":"auto","background_attachment":"scroll","patternColor":{"default":{"color":"#e5e7ea"}},"overlayColor":{"default":{"color":"CT_CSS_SKIP_RULE"}},"backgroundColor":{"default":{"color":"var(--theme-palette-color-6)"}}},"pageTitlePadding":{"top":"50px","bottom":"50px","left":"auto","right":"auto","linked":true},"e6a93a576721ee37d251bcfdaab92260":"","page_structure_type":"default","849a66cfd1aae6ed5389c9b2034a6fbd":"","content_style_source":"inherit","content_style":"wide","vertical_spacing_source":"custom","content_area_spacing":"none","background":{"background_type":"color","background_pattern":"type-1","background_image":{"attachment_id":null,"x":0,"y":0},"gradient":"linear-gradient(135deg,rgba(6,147,227,1) 0%,rgb(155,81,224) 100%)","background_repeat":"repeat","background_size":"auto","background_attachment":"scroll","patternColor":{"default":{"color":"#e5e7ea"}},"overlayColor":{"default":{"color":"CT_CSS_SKIP_RULE"}},"backgroundColor":{"default":{"color":"CT_CSS_SKIP_RULE"}}},"content_background":{"background_type":"color","background_pattern":"type-1","background_image":{"attachment_id":null,"x":0,"y":0},"gradient":"linear-gradient(135deg,rgba(6,147,227,1) 0%,rgb(155,81,224) 100%)","background_repeat":"repeat","background_size":"auto","background_attachment":"scroll","patternColor":{"default":{"color":"#e5e7ea"}},"overlayColor":{"default":{"color":"CT_CSS_SKIP_RULE"}},"backgroundColor":{"default":{"color":"var(--theme-palette-color-8)"}}},"content_boxed_shadow":{"inherit":false,"blur":18,"spread":-6,"v_offset":12,"h_offset":0,"inset":false,"enable":true,"color":{"color":"rgba(34, 56, 101, 0.04)"}},"content_boxed_border":{"width":1,"style":"none","color":{"color":"rgba(44,62,80,0.2)"}},"content_boxed_radius":{"top":"3px","bottom":"3px","left":"3px","right":"3px","linked":true},"boxed_content_spacing":{"desktop":{"top":"40px","bottom":"40px","left":"40px","right":"40px","linked":true},"tablet":{"top":"35px","bottom":"35px","left":"35px","right":"35px","linked":true},"mobile":{"top":"20px","bottom":"20px","left":"20px","right":"20px","linked":true}},"36f8458727cc6dd106c846a2ce6c3f72":"","disable_featured_image":"no","disable_share_box":"no","disable_header":"no","disable_footer":"no"},"_hostinger_reach_plugin_has_subscription_block":false,"_hostinger_reach_plugin_is_elementor":false,"_links":{"self":[{"href":"https:\/\/www.favamill.com\/de\/wp-json\/wp\/v2\/pages\/11","targetHints":{"allow":["GET"]}}],"collection":[{"href":"https:\/\/www.favamill.com\/de\/wp-json\/wp\/v2\/pages"}],"about":[{"href":"https:\/\/www.favamill.com\/de\/wp-json\/wp\/v2\/types\/page"}],"author":[{"embeddable":true,"href":"https:\/\/www.favamill.com\/de\/wp-json\/wp\/v2\/users\/1"}],"replies":[{"embeddable":true,"href":"https:\/\/www.favamill.com\/de\/wp-json\/wp\/v2\/comments?post=11"}],"version-history":[{"count":0,"href":"https:\/\/www.favamill.com\/de\/wp-json\/wp\/v2\/pages\/11\/revisions"}],"wp:attachment":[{"href":"https:\/\/www.favamill.com\/de\/wp-json\/wp\/v2\/media?parent=11"}],"curies":[{"name":"wp","href":"https:\/\/api.w.org\/{rel}","templated":true}]}}