{"id":1278,"date":"2024-10-19T15:51:24","date_gmt":"2024-10-19T15:51:24","guid":{"rendered":"https:\/\/favamill.com\/?post_type=product&#038;p=1278"},"modified":"2024-10-19T15:53:09","modified_gmt":"2024-10-19T15:53:09","slug":"schweisvorrichtungen-fur-automatische-elektrische-fahrzeugturen","status":"publish","type":"product","link":"https:\/\/www.favamill.com\/de\/product\/schweisvorrichtungen-fur-automatische-elektrische-fahrzeugturen\/","title":{"rendered":"Automatische elektrische Fahrzeugt\u00fcr-Schwei\u00dfvorrichtungen"},"content":{"rendered":"<table style=\"border-collapse: collapse; width: 449.27pt;\" border=\"0\" width=\"599\" cellspacing=\"0\" cellpadding=\"0\">\n<tbody>\n<tr style=\"height: 32.00pt;\">\n<td class=\"et2\" style=\"height: 32.00pt; width: 178.50pt;\" width=\"238\" height=\"42\">Modell NO.<\/td>\n<td class=\"et3\" style=\"width: 270.75pt;\" width=\"361\">FVIC-1000<\/td>\n<\/tr>\n<tr style=\"height: 32.00pt;\">\n<td class=\"et2\" style=\"height: 32.00pt;\" height=\"42\">Maximaler Exzentrizit\u00e4tsabstand<\/td>\n<td class=\"et3\" style=\"width: 270.75pt;\" width=\"361\">100mm<\/td>\n<\/tr>\n<tr style=\"height: 33.00pt;\">\n<td class=\"et2\" style=\"height: 33.00pt;\" height=\"44\">Neigungswinkel<\/td>\n<td class=\"et3\" style=\"width: 270.75pt;\" width=\"361\">0-90\u00b0<\/td>\n<\/tr>\n<tr style=\"height: 32.00pt;\">\n<td class=\"et2\" style=\"height: 32.00pt;\" height=\"42\">Spannung<\/td>\n<td class=\"et3\" style=\"width: 270.75pt;\" width=\"361\">110V\/220V<\/td>\n<\/tr>\n<tr style=\"height: 32.00pt;\">\n<td class=\"et3\" style=\"height: 32.00pt; width: 178.50pt;\" width=\"238\" height=\"42\">Schwei\u00dfen Drehen Walzen Typ<\/td>\n<td class=\"et3\" style=\"width: 270.75pt;\" width=\"361\">Einstellbar<\/td>\n<\/tr>\n<tr style=\"height: 32.00pt;\">\n<td class=\"et2\" style=\"height: 32.00pt;\" height=\"42\">Schwei\u00dfkipper Typ<\/td>\n<td class=\"et3\" style=\"width: 270.75pt;\" width=\"361\">Flexible Kombination<\/td>\n<\/tr>\n<tr style=\"height: 32.00pt;\">\n<td class=\"et2\" style=\"height: 32.00pt;\" height=\"42\">Genauigkeit<\/td>\n<td class=\"et3\" style=\"width: 270.75pt;\" width=\"361\">0,0,2 mm<\/td>\n<\/tr>\n<tr style=\"height: 32.00pt;\">\n<td class=\"et2\" style=\"height: 32.00pt;\" height=\"42\">Positionierungsblock<\/td>\n<td class=\"et3\" style=\"width: 270.75pt;\" width=\"361\">45 Stahl<\/td>\n<\/tr>\n<tr style=\"height: 32.00pt;\">\n<td class=\"et2\" style=\"height: 32.00pt;\" height=\"42\">Gestaltung<\/td>\n<td class=\"et3\" style=\"width: 270.75pt;\" width=\"361\">Kundenspezifisch<\/td>\n<\/tr>\n<tr style=\"height: 32.00pt;\">\n<td class=\"et2\" style=\"height: 32.00pt;\" height=\"42\">Versand<\/td>\n<td class=\"et3\" style=\"width: 270.75pt;\" width=\"361\">Auf dem Seeweg<\/td>\n<\/tr>\n<tr style=\"height: 32.00pt;\">\n<td class=\"et2\" style=\"height: 32.00pt;\" height=\"42\">Transport-Paket<\/td>\n<td class=\"et3\" style=\"width: 270.75pt;\" width=\"361\">H\u00f6lzerne Verpackung<\/td>\n<\/tr>\n<tr style=\"height: 32.00pt;\">\n<td class=\"et2\" style=\"height: 32.00pt;\" height=\"42\">Spezifikation<\/td>\n<td class=\"et3\" style=\"width: 270.75pt;\" width=\"361\">angepasst<\/td>\n<\/tr>\n<tr style=\"height: 32.00pt;\">\n<td class=\"et2\" style=\"height: 32.00pt;\" height=\"42\">Markenzeichen<\/td>\n<td class=\"et3\" style=\"width: 270.75pt;\" width=\"361\">Favamill<\/td>\n<\/tr>\n<tr style=\"height: 32.00pt;\">\n<td class=\"et2\" style=\"height: 32.00pt;\" height=\"42\">Herkunft<\/td>\n<td class=\"et3\" style=\"width: 270.75pt;\" width=\"361\">Shenzhen, China<\/td>\n<\/tr>\n<tr style=\"height: 32.00pt;\">\n<td class=\"et2\" style=\"height: 32.00pt;\" height=\"42\">Produktionskapazit\u00e4t<\/td>\n<td class=\"et3\" style=\"width: 270.75pt;\" width=\"361\">2000S\u00e4tze\/Jahr<\/td>\n<\/tr>\n<\/tbody>\n<\/table>","protected":false},"excerpt":{"rendered":"<p>Die automatischen T\u00fcrschwei\u00dfvorrichtungen sind auf hohe Pr\u00e4zision und Effizienz ausgelegt. Sie verf\u00fcgen \u00fcber verstellbare Klemmen f\u00fcr verschiedene T\u00fcrgr\u00f6\u00dfen, eine robuste Konstruktion f\u00fcr Langlebigkeit und automatische Positionierungssysteme f\u00fcr eine konsistente Ausrichtung zur Steigerung der Produktivit\u00e4t in der Elektrofahrzeugfertigung.<\/p>","protected":false},"featured_media":1282,"template":"","meta":{"_seopress_robots_primary_cat":"none","_seopress_titles_title":"","_seopress_titles_desc":"","_seopress_robots_index":""},"product_brand":[],"product_cat":[21],"product_tag":[],"class_list":{"0":"post-1278","1":"product","2":"type-product","3":"status-publish","4":"has-post-thumbnail","6":"product_cat-checking-fixture","8":"first","9":"instock","10":"shipping-taxable","11":"product-type-simple"},"_links":{"self":[{"href":"https:\/\/www.favamill.com\/de\/wp-json\/wp\/v2\/product\/1278","targetHints":{"allow":["GET"]}}],"collection":[{"href":"https:\/\/www.favamill.com\/de\/wp-json\/wp\/v2\/product"}],"about":[{"href":"https:\/\/www.favamill.com\/de\/wp-json\/wp\/v2\/types\/product"}],"wp:featuredmedia":[{"embeddable":true,"href":"https:\/\/www.favamill.com\/de\/wp-json\/wp\/v2\/media\/1282"}],"wp:attachment":[{"href":"https:\/\/www.favamill.com\/de\/wp-json\/wp\/v2\/media?parent=1278"}],"wp:term":[{"taxonomy":"product_brand","embeddable":true,"href":"https:\/\/www.favamill.com\/de\/wp-json\/wp\/v2\/product_brand?post=1278"},{"taxonomy":"product_cat","embeddable":true,"href":"https:\/\/www.favamill.com\/de\/wp-json\/wp\/v2\/product_cat?post=1278"},{"taxonomy":"product_tag","embeddable":true,"href":"https:\/\/www.favamill.com\/de\/wp-json\/wp\/v2\/product_tag?post=1278"}],"curies":[{"name":"wp","href":"https:\/\/api.w.org\/{rel}","templated":true}]}}