{"id":1295,"date":"2024-10-20T20:43:16","date_gmt":"2024-10-20T20:43:16","guid":{"rendered":"https:\/\/favamill.com\/?post_type=product&#038;p=1295"},"modified":"2024-10-20T20:43:17","modified_gmt":"2024-10-20T20:43:17","slug":"kundenspezifische-cmm-halteprufvorrichtung-fur-autoteile","status":"publish","type":"product","link":"https:\/\/www.favamill.com\/de\/product\/kundenspezifische-cmm-halteprufvorrichtung-fur-autoteile\/","title":{"rendered":"Kundenspezifische CMM-Halte- und Pr\u00fcfvorrichtung f\u00fcr Autoteile"},"content":{"rendered":"<table style=\"border-collapse: collapse; width: 449.27pt;\" border=\"0\" width=\"599\" cellspacing=\"0\" cellpadding=\"0\">\n<tbody>\n<tr style=\"height: 32.00pt;\">\n<td class=\"et4\" style=\"height: 32.00pt; width: 178.50pt;\" width=\"238\" height=\"42\">Modell NO.<\/td>\n<td class=\"et4\" style=\"width: 270.75pt;\" width=\"361\">Facmm-068<\/td>\n<\/tr>\n<tr style=\"height: 74.00pt;\">\n<td class=\"et4\" style=\"height: 74.00pt; width: 178.50pt;\" width=\"238\" height=\"98\">Anmeldung<\/td>\n<td class=\"et4\" style=\"width: 270.75pt;\" width=\"361\">Automobilindustrie, Industrieausr\u00fcstung und -komponenten, Beleuchtung, Medizintechnik, Telekommunikationsausr\u00fcstung, Luft- und Raumfahrtausr\u00fcstung<\/td>\n<\/tr>\n<tr style=\"height: 32.00pt;\">\n<td class=\"et4\" style=\"height: 32.00pt; width: 178.50pt;\" width=\"238\" height=\"42\">Zertifizierung<\/td>\n<td class=\"et4\" style=\"width: 270.75pt;\" width=\"361\">ISO<\/td>\n<\/tr>\n<tr style=\"height: 32.00pt;\">\n<td class=\"et4\" style=\"height: 32.00pt; width: 178.50pt;\" width=\"238\" height=\"42\">Standard<\/td>\n<td class=\"et4\" style=\"width: 270.75pt;\" width=\"361\">Metrisch<\/td>\n<\/tr>\n<tr style=\"height: 32.00pt;\">\n<td class=\"et4\" style=\"height: 32.00pt; width: 178.50pt;\" width=\"238\" height=\"42\">Kundenspezifisch<\/td>\n<td class=\"et4\" style=\"width: 270.75pt;\" width=\"361\">Ja<\/td>\n<\/tr>\n<tr style=\"height: 32.00pt;\">\n<td class=\"et4\" style=\"height: 32.00pt; width: 178.50pt;\" width=\"238\" height=\"42\">Lokalisierungsstifte (Gr\u00f6\u00dfe)<\/td>\n<td class=\"et4\" style=\"width: 270.75pt;\" width=\"361\">+ 0,00 mm \/ -0,02 mm<\/td>\n<\/tr>\n<tr style=\"height: 32.00pt;\">\n<td class=\"et4\" style=\"height: 32.00pt; width: 178.50pt;\" width=\"238\" height=\"42\">Go Pins (Gr\u00f6\u00dfe)<\/td>\n<td class=\"et4\" style=\"width: 270.75pt;\" width=\"361\">+ 0,00 mm \/ - 0,02 mm<\/td>\n<\/tr>\n<tr style=\"height: 33.00pt;\">\n<td class=\"et4\" style=\"height: 33.00pt; width: 178.50pt;\" width=\"238\" height=\"44\">No Go Pins (Gr\u00f6\u00dfe)<\/td>\n<td class=\"et4\" style=\"width: 270.75pt;\" width=\"361\">+ 0,02 mm \/ - 0,00 mm<\/td>\n<\/tr>\n<tr style=\"height: 32.00pt;\">\n<td class=\"et4\" style=\"height: 32.00pt; width: 178.50pt;\" width=\"238\" height=\"42\">Zertifizierung durch Dritte<\/td>\n<td class=\"et4\" style=\"width: 270.75pt;\" width=\"361\">Ja<\/td>\n<\/tr>\n<tr style=\"height: 32.00pt;\">\n<td class=\"et4\" style=\"height: 32.00pt; width: 178.50pt;\" width=\"238\" height=\"42\">Transport-Paket<\/td>\n<td class=\"et4\" style=\"width: 270.75pt;\" width=\"361\">Polywood Kiste &amp; Palette<\/td>\n<\/tr>\n<tr style=\"height: 32.00pt;\">\n<td class=\"et4\" style=\"height: 32.00pt; width: 178.50pt;\" width=\"238\" height=\"42\">Spezifikation<\/td>\n<td class=\"et4\" style=\"width: 270.75pt;\" width=\"361\">Aluminium und Stahl<\/td>\n<\/tr>\n<tr style=\"height: 32.00pt;\">\n<td class=\"et4\" style=\"height: 32.00pt; width: 178.50pt;\" width=\"238\" height=\"42\">Markenzeichen<\/td>\n<td class=\"et4\" style=\"width: 270.75pt;\" width=\"361\">Sieg Sieg Spielplan<\/td>\n<\/tr>\n<tr style=\"height: 32.00pt;\">\n<td class=\"et4\" style=\"height: 32.00pt; width: 178.50pt;\" width=\"238\" height=\"42\">Herkunft<\/td>\n<td class=\"et4\" style=\"width: 270.75pt;\" width=\"361\">Shenzhen, China<\/td>\n<\/tr>\n<\/tbody>\n<\/table>","protected":false},"excerpt":{"rendered":"<p>Die kundenspezifische Pr\u00fcfvorrichtung zeichnet sich durch pr\u00e4zisionsgefertigte Komponenten f\u00fcr genaue Messungen, eine robuste Konstruktion f\u00fcr Langlebigkeit, ein verstellbares Design f\u00fcr verschiedene Teilegr\u00f6\u00dfen, eine einfache Integration mit Koordinatenmessger\u00e4ten (KMG) und eine benutzerfreundliche Einrichtung f\u00fcr effiziente Pr\u00fcfprozesse aus und gew\u00e4hrleistet so eine hochwertige Kontrolle in der Automobilfertigung.<\/p>","protected":false},"featured_media":1303,"template":"","meta":{"_seopress_robots_primary_cat":"","_seopress_titles_title":"","_seopress_titles_desc":"","_seopress_robots_index":""},"product_brand":[],"product_cat":[32],"product_tag":[],"class_list":{"0":"post-1295","1":"product","2":"type-product","3":"status-publish","4":"has-post-thumbnail","6":"product_cat-cmm-holding-fixture","8":"first","9":"instock","10":"shipping-taxable","11":"product-type-simple"},"_links":{"self":[{"href":"https:\/\/www.favamill.com\/de\/wp-json\/wp\/v2\/product\/1295","targetHints":{"allow":["GET"]}}],"collection":[{"href":"https:\/\/www.favamill.com\/de\/wp-json\/wp\/v2\/product"}],"about":[{"href":"https:\/\/www.favamill.com\/de\/wp-json\/wp\/v2\/types\/product"}],"wp:featuredmedia":[{"embeddable":true,"href":"https:\/\/www.favamill.com\/de\/wp-json\/wp\/v2\/media\/1303"}],"wp:attachment":[{"href":"https:\/\/www.favamill.com\/de\/wp-json\/wp\/v2\/media?parent=1295"}],"wp:term":[{"taxonomy":"product_brand","embeddable":true,"href":"https:\/\/www.favamill.com\/de\/wp-json\/wp\/v2\/product_brand?post=1295"},{"taxonomy":"product_cat","embeddable":true,"href":"https:\/\/www.favamill.com\/de\/wp-json\/wp\/v2\/product_cat?post=1295"},{"taxonomy":"product_tag","embeddable":true,"href":"https:\/\/www.favamill.com\/de\/wp-json\/wp\/v2\/product_tag?post=1295"}],"curies":[{"name":"wp","href":"https:\/\/api.w.org\/{rel}","templated":true}]}}