{"id":1306,"date":"2024-10-20T20:54:05","date_gmt":"2024-10-20T20:54:05","guid":{"rendered":"https:\/\/favamill.com\/?post_type=product&#038;p=1306"},"modified":"2024-10-20T20:54:06","modified_gmt":"2024-10-20T20:54:06","slug":"uberlegene-aluminium-halterung-cmm-halterung-fur-kfz-dachfensterrahmen","status":"publish","type":"product","link":"https:\/\/www.favamill.com\/de\/product\/uberlegene-aluminium-halterung-cmm-halterung-fur-kfz-dachfensterrahmen\/","title":{"rendered":"\u00dcberlegene Aluminium-Haltevorrichtung\/CMM-Vorrichtung f\u00fcr Automobil-Dachfensterrahmen"},"content":{"rendered":"<table style=\"border-collapse: collapse; width: 449.27pt;\" border=\"0\" width=\"599\" cellspacing=\"0\" cellpadding=\"0\">\n<tbody>\n<tr style=\"height: 32.00pt;\">\n<td class=\"et4\" style=\"height: 32.00pt; width: 178.50pt;\" width=\"238\" height=\"42\">Modell NO.<\/td>\n<td class=\"et4\" style=\"width: 270.75pt;\" width=\"361\">Facmm268<\/td>\n<\/tr>\n<tr style=\"height: 41.00pt;\">\n<td class=\"et4\" style=\"height: 41.00pt; width: 178.50pt;\" width=\"238\" height=\"54\">Service nach dem Verkauf<\/td>\n<td class=\"et4\" style=\"width: 270.75pt;\" width=\"361\">7*24 Online-Dienst<\/td>\n<\/tr>\n<tr style=\"height: 32.00pt;\">\n<td class=\"et4\" style=\"height: 32.00pt; width: 178.50pt;\" width=\"238\" height=\"42\">Garantie<\/td>\n<td class=\"et4\" style=\"width: 270.75pt;\" width=\"361\">1 Jahr<\/td>\n<\/tr>\n<tr style=\"height: 32.00pt;\">\n<td class=\"et4\" style=\"height: 32.00pt; width: 178.50pt;\" width=\"238\" height=\"42\">Material<\/td>\n<td class=\"et4\" style=\"width: 270.75pt;\" width=\"361\">Aluminium<\/td>\n<\/tr>\n<tr style=\"height: 32.00pt;\">\n<td class=\"et4\" style=\"height: 32.00pt; width: 178.50pt;\" width=\"238\" height=\"42\">Anmeldung<\/td>\n<td class=\"et4\" style=\"width: 270.75pt;\" width=\"361\">Automobilindustrie, Auto, Elektronik<\/td>\n<\/tr>\n<tr style=\"height: 32.00pt;\">\n<td class=\"et4\" style=\"height: 32.00pt; width: 178.50pt;\" width=\"238\" height=\"42\">Zertifizierung<\/td>\n<td class=\"et4\" style=\"width: 270.75pt;\" width=\"361\">ISO<\/td>\n<\/tr>\n<tr style=\"height: 32.00pt;\">\n<td class=\"et4\" style=\"height: 32.00pt; width: 178.50pt;\" width=\"238\" height=\"42\">Genauigkeit<\/td>\n<td class=\"et4\" style=\"width: 270.75pt;\" width=\"361\">0,005-0,1 mm oder nach Ihren W\u00fcnschen<\/td>\n<\/tr>\n<tr style=\"height: 33.00pt;\">\n<td class=\"et4\" style=\"height: 33.00pt; width: 178.50pt;\" width=\"238\" height=\"44\">Farbe<\/td>\n<td class=\"et4\" style=\"width: 270.75pt;\" width=\"361\">Eloxiert, Aluminiumfarben, Schwarz oder Individual PAR<\/td>\n<\/tr>\n<tr style=\"height: 64.00pt;\">\n<td class=\"et4\" style=\"height: 64.00pt; width: 178.50pt;\" width=\"238\" height=\"85\">Oberfl\u00e4chenbearbeitung<\/td>\n<td class=\"et4\" style=\"width: 270.75pt;\" width=\"361\">Eloxierte Oxidation, Galvanische Behandlung, Schwarz<\/td>\n<\/tr>\n<tr style=\"height: 32.00pt;\">\n<td class=\"et4\" style=\"height: 32.00pt; width: 178.50pt;\" width=\"238\" height=\"42\">Oberfl\u00e4che<\/td>\n<td class=\"et4\" style=\"width: 270.75pt;\" width=\"361\">Sandstrahlen, W\u00e4rmebehandlung, etc.<\/td>\n<\/tr>\n<tr style=\"height: 32.00pt;\">\n<td class=\"et4\" style=\"height: 32.00pt; width: 178.50pt;\" width=\"238\" height=\"42\">Software<\/td>\n<td class=\"et4\" style=\"width: 270.75pt;\" width=\"361\">Autocad,Ug,Catia, Kat Teil ,Prt<\/td>\n<\/tr>\n<tr style=\"height: 32.00pt;\">\n<td class=\"et4\" style=\"height: 32.00pt; width: 178.50pt;\" width=\"238\" height=\"42\">Qualit\u00e4tssicherung<\/td>\n<td class=\"et4\" style=\"width: 270.75pt;\" width=\"361\">ISO9001:2015<\/td>\n<\/tr>\n<tr style=\"height: 32.00pt;\">\n<td class=\"et4\" style=\"height: 32.00pt; width: 178.50pt;\" width=\"238\" height=\"42\">Zeichnung Format<\/td>\n<td class=\"et4\" style=\"width: 270.75pt;\" width=\"361\">JPEG,Pdf,Dwg,Dxf,Igs,Step<\/td>\n<\/tr>\n<\/tbody>\n<\/table>","protected":false},"excerpt":{"rendered":"<p>Diese Aluminium-Haltevorrichtung\/CMM-Vorrichtung zeichnet sich durch eine leichte und dennoch robuste Aluminiumkonstruktion aus, die f\u00fcr eine lange Lebensdauer sorgt, sowie durch eine pr\u00e4zise Ausrichtung f\u00fcr genaue Messungen und eine einfache Verstellbarkeit zur Anpassung an verschiedene Oberlichtdesigns.<\/p>","protected":false},"featured_media":1311,"template":"","meta":{"_seopress_robots_primary_cat":"","_seopress_titles_title":"","_seopress_titles_desc":"","_seopress_robots_index":""},"product_brand":[],"product_cat":[32],"product_tag":[],"class_list":{"0":"post-1306","1":"product","2":"type-product","3":"status-publish","4":"has-post-thumbnail","6":"product_cat-cmm-holding-fixture","8":"first","9":"instock","10":"shipping-taxable","11":"product-type-simple"},"_links":{"self":[{"href":"https:\/\/www.favamill.com\/de\/wp-json\/wp\/v2\/product\/1306","targetHints":{"allow":["GET"]}}],"collection":[{"href":"https:\/\/www.favamill.com\/de\/wp-json\/wp\/v2\/product"}],"about":[{"href":"https:\/\/www.favamill.com\/de\/wp-json\/wp\/v2\/types\/product"}],"wp:featuredmedia":[{"embeddable":true,"href":"https:\/\/www.favamill.com\/de\/wp-json\/wp\/v2\/media\/1311"}],"wp:attachment":[{"href":"https:\/\/www.favamill.com\/de\/wp-json\/wp\/v2\/media?parent=1306"}],"wp:term":[{"taxonomy":"product_brand","embeddable":true,"href":"https:\/\/www.favamill.com\/de\/wp-json\/wp\/v2\/product_brand?post=1306"},{"taxonomy":"product_cat","embeddable":true,"href":"https:\/\/www.favamill.com\/de\/wp-json\/wp\/v2\/product_cat?post=1306"},{"taxonomy":"product_tag","embeddable":true,"href":"https:\/\/www.favamill.com\/de\/wp-json\/wp\/v2\/product_tag?post=1306"}],"curies":[{"name":"wp","href":"https:\/\/api.w.org\/{rel}","templated":true}]}}