{"id":1313,"date":"2024-10-20T21:12:35","date_gmt":"2024-10-20T21:12:35","guid":{"rendered":"https:\/\/favamill.com\/?post_type=product&#038;p=1313"},"modified":"2024-10-20T21:13:02","modified_gmt":"2024-10-20T21:13:02","slug":"hochprazise-prufvorrichtung-aus-aluminium-fur-die-automobilindustrie","status":"publish","type":"product","link":"https:\/\/www.favamill.com\/de\/product\/hochprazise-prufvorrichtung-aus-aluminium-fur-die-automobilindustrie\/","title":{"rendered":"Kundenspezifische Hochpr\u00e4zisions-Aluminium-Pr\u00fcfvorrichtung f\u00fcr die Automobilindustrie"},"content":{"rendered":"<table width=\"599\">\n<tbody>\n<tr>\n<td width=\"238\">Modell NO.<\/td>\n<td width=\"361\">Facmm-5680<\/td>\n<\/tr>\n<tr>\n<td width=\"238\">Zertifizierung<\/td>\n<td width=\"361\">ISO<\/td>\n<\/tr>\n<tr>\n<td width=\"238\">Zertifizierung durch Dritte<\/td>\n<td width=\"361\">Ja<\/td>\n<\/tr>\n<tr>\n<td width=\"238\">Transport-Paket<\/td>\n<td width=\"361\">Polywood Kiste &amp; Palette<\/td>\n<\/tr>\n<tr>\n<td width=\"238\">Spezifikation<\/td>\n<td width=\"361\">Kundenspezifisch<\/td>\n<\/tr>\n<tr>\n<td width=\"238\">Markenzeichen<\/td>\n<td width=\"361\">Favamill<\/td>\n<\/tr>\n<tr>\n<td width=\"238\">Herkunft<\/td>\n<td width=\"361\">Guangdong, China<\/td>\n<\/tr>\n<tr>\n<td width=\"238\">HS-Code<\/td>\n<td width=\"361\">9031809090<\/td>\n<\/tr>\n<\/tbody>\n<\/table>","protected":false},"excerpt":{"rendered":"<p>Die kundenspezifische, hochpr\u00e4zise Aluminium-Pr\u00fcfvorrichtung zeichnet sich durch eine leichte und robuste Aluminiumkonstruktion aus, die f\u00fcr eine bessere Mobilit\u00e4t sorgt, sowie durch eine Pr\u00e4zisionsbearbeitung f\u00fcr genaue Messungen und Ausrichtungen und verstellbare Komponenten zur Aufnahme verschiedener Fahrzeugteile.<\/p>","protected":false},"featured_media":1319,"template":"","meta":{"_seopress_robots_primary_cat":"none","_seopress_titles_title":"","_seopress_titles_desc":"","_seopress_robots_index":""},"product_brand":[],"product_cat":[32],"product_tag":[],"class_list":{"0":"post-1313","1":"product","2":"type-product","3":"status-publish","4":"has-post-thumbnail","6":"product_cat-cmm-holding-fixture","8":"first","9":"instock","10":"shipping-taxable","11":"product-type-simple"},"_links":{"self":[{"href":"https:\/\/www.favamill.com\/de\/wp-json\/wp\/v2\/product\/1313","targetHints":{"allow":["GET"]}}],"collection":[{"href":"https:\/\/www.favamill.com\/de\/wp-json\/wp\/v2\/product"}],"about":[{"href":"https:\/\/www.favamill.com\/de\/wp-json\/wp\/v2\/types\/product"}],"wp:featuredmedia":[{"embeddable":true,"href":"https:\/\/www.favamill.com\/de\/wp-json\/wp\/v2\/media\/1319"}],"wp:attachment":[{"href":"https:\/\/www.favamill.com\/de\/wp-json\/wp\/v2\/media?parent=1313"}],"wp:term":[{"taxonomy":"product_brand","embeddable":true,"href":"https:\/\/www.favamill.com\/de\/wp-json\/wp\/v2\/product_brand?post=1313"},{"taxonomy":"product_cat","embeddable":true,"href":"https:\/\/www.favamill.com\/de\/wp-json\/wp\/v2\/product_cat?post=1313"},{"taxonomy":"product_tag","embeddable":true,"href":"https:\/\/www.favamill.com\/de\/wp-json\/wp\/v2\/product_tag?post=1313"}],"curies":[{"name":"wp","href":"https:\/\/api.w.org\/{rel}","templated":true}]}}