{"id":1397,"date":"2025-02-17T16:44:14","date_gmt":"2025-02-17T16:44:14","guid":{"rendered":"https:\/\/favamill.com\/?post_type=product&#038;p=1397"},"modified":"2025-02-17T16:49:51","modified_gmt":"2025-02-17T16:49:51","slug":"leistungsfahige-automobilschweisanlage-schweisvorrichtungen-fur-rahmen","status":"publish","type":"product","link":"https:\/\/www.favamill.com\/de\/product\/leistungsfahige-automobilschweisanlage-schweisvorrichtungen-fur-rahmen\/","title":{"rendered":"Effiziente Automobilschwei\u00dfanlage Schwei\u00dfvorrichtungen f\u00fcr Rahmen"},"content":{"rendered":"<table style=\"border-collapse: collapse; width: 566.27pt;\" border=\"0\" width=\"755\" cellspacing=\"0\" cellpadding=\"0\">\n<tbody>\n<tr style=\"height: 27.00pt;\">\n<td style=\"height: 27.00pt; width: 180.75pt;\" width=\"241\" height=\"36\">Modell NO.<\/td>\n<td class=\"et2\" style=\"width: 385.50pt;\" width=\"514\">FIC-3000<\/td>\n<\/tr>\n<tr style=\"height: 27.00pt;\">\n<td style=\"height: 27.00pt;\" height=\"36\">Rotationsgeschwindigkeit<\/td>\n<td class=\"et2\">0,3-3U\/min<\/td>\n<\/tr>\n<tr style=\"height: 27.00pt;\">\n<td style=\"height: 27.00pt;\" height=\"36\">Maximaler Exzentrizit\u00e4tsabstand<\/td>\n<td class=\"et2\">100mm<\/td>\n<\/tr>\n<tr style=\"height: 27.00pt;\">\n<td style=\"height: 27.00pt;\" height=\"36\">Neigungswinkel<\/td>\n<td class=\"et2\">0-90\u00b0<\/td>\n<\/tr>\n<tr style=\"height: 27.00pt;\">\n<td style=\"height: 27.00pt;\" height=\"36\">Spannung<\/td>\n<td class=\"et2\">110V\/220V<\/td>\n<\/tr>\n<tr style=\"height: 27.00pt;\">\n<td style=\"height: 27.00pt;\" height=\"36\">Schwei\u00dfen Drehen Walzen Typ<\/td>\n<td class=\"et2\">Einstellbar<\/td>\n<\/tr>\n<tr style=\"height: 27.00pt;\">\n<td style=\"height: 27.00pt;\" height=\"36\">Schwei\u00dfkipper Typ<\/td>\n<td class=\"et2\">Flexible Kombination<\/td>\n<\/tr>\n<tr style=\"height: 27.00pt;\">\n<td style=\"height: 27.00pt;\" height=\"36\">Zustand<\/td>\n<td class=\"et2\">Neu<\/td>\n<\/tr>\n<tr style=\"height: 27.00pt;\">\n<td style=\"height: 27.00pt;\" height=\"36\">Genauigkeit<\/td>\n<td class=\"et2\">0,0,2 mm<\/td>\n<\/tr>\n<tr style=\"height: 27.00pt;\">\n<td style=\"height: 27.00pt;\" height=\"36\">Positionierungsblock<\/td>\n<td class=\"et2\">45 Stahl<\/td>\n<\/tr>\n<tr style=\"height: 27.00pt;\">\n<td style=\"height: 27.00pt;\" height=\"36\">Gestaltung<\/td>\n<td class=\"et2\">Kundenspezifisch<\/td>\n<\/tr>\n<tr style=\"height: 27.00pt;\">\n<td style=\"height: 27.00pt;\" height=\"36\">Versand<\/td>\n<td class=\"et2\">am Meer<\/td>\n<\/tr>\n<tr style=\"height: 27.00pt;\">\n<td style=\"height: 27.00pt;\" height=\"36\">Transport-Paket<\/td>\n<td class=\"et2\">H\u00f6lzerne Verpackung<\/td>\n<\/tr>\n<tr style=\"height: 27.00pt;\">\n<td style=\"height: 27.00pt;\" height=\"36\">Spezifikation<\/td>\n<td class=\"et2\">angepasst<\/td>\n<\/tr>\n<tr style=\"height: 27.00pt;\">\n<td style=\"height: 27.00pt;\" height=\"36\">Markenzeichen<\/td>\n<td class=\"et2\">Favamill<\/td>\n<\/tr>\n<tr style=\"height: 27.00pt;\">\n<td style=\"height: 27.00pt;\" height=\"36\">Herkunft<\/td>\n<td class=\"et2\">Guangdong China<\/td>\n<\/tr>\n<tr style=\"height: 27.00pt;\">\n<td style=\"height: 27.00pt;\" height=\"36\">HS-Code<\/td>\n<td class=\"et2\">8466200000<\/td>\n<\/tr>\n<tr style=\"height: 27.00pt;\">\n<td style=\"height: 27.00pt;\" height=\"36\">Produktionskapazit\u00e4t<\/td>\n<td class=\"et2\">2000S\u00e4tze\/Jahr<\/td>\n<\/tr>\n<\/tbody>\n<\/table>","protected":false},"excerpt":{"rendered":"<p>Diese Vorrichtung wurde entwickelt, um die Produktivit\u00e4t zu steigern, indem sie eine pr\u00e4zise Positionierung, eine optimale Ausrichtung und eine robuste Unterst\u00fctzung bietet und so gleichm\u00e4\u00dfige und hochwertige Schwei\u00dfn\u00e4hte w\u00e4hrend des gesamten Montageprozesses gew\u00e4hrleistet.<\/p>","protected":false},"featured_media":1403,"template":"","meta":{"_seopress_robots_primary_cat":"none","_seopress_titles_title":"","_seopress_titles_desc":"","_seopress_robots_index":""},"product_brand":[],"product_cat":[25],"product_tag":[],"class_list":{"0":"post-1397","1":"product","2":"type-product","3":"status-publish","4":"has-post-thumbnail","6":"product_cat-welding-fixture","8":"first","9":"instock","10":"shipping-taxable","11":"product-type-simple"},"_links":{"self":[{"href":"https:\/\/www.favamill.com\/de\/wp-json\/wp\/v2\/product\/1397","targetHints":{"allow":["GET"]}}],"collection":[{"href":"https:\/\/www.favamill.com\/de\/wp-json\/wp\/v2\/product"}],"about":[{"href":"https:\/\/www.favamill.com\/de\/wp-json\/wp\/v2\/types\/product"}],"wp:featuredmedia":[{"embeddable":true,"href":"https:\/\/www.favamill.com\/de\/wp-json\/wp\/v2\/media\/1403"}],"wp:attachment":[{"href":"https:\/\/www.favamill.com\/de\/wp-json\/wp\/v2\/media?parent=1397"}],"wp:term":[{"taxonomy":"product_brand","embeddable":true,"href":"https:\/\/www.favamill.com\/de\/wp-json\/wp\/v2\/product_brand?post=1397"},{"taxonomy":"product_cat","embeddable":true,"href":"https:\/\/www.favamill.com\/de\/wp-json\/wp\/v2\/product_cat?post=1397"},{"taxonomy":"product_tag","embeddable":true,"href":"https:\/\/www.favamill.com\/de\/wp-json\/wp\/v2\/product_tag?post=1397"}],"curies":[{"name":"wp","href":"https:\/\/api.w.org\/{rel}","templated":true}]}}