{"id":806,"date":"2023-06-28T14:56:46","date_gmt":"2023-06-28T14:56:46","guid":{"rendered":"https:\/\/b2.favamill.com\/product\/automotive-welding-cell-checking-fixture\/"},"modified":"2024-06-02T22:50:40","modified_gmt":"2024-06-02T22:50:40","slug":"prufvorrichtung-fur-kfz-schweiszelle","status":"publish","type":"product","link":"https:\/\/www.favamill.com\/de\/product\/prufvorrichtung-fur-kfz-schweiszelle\/","title":{"rendered":"Kfz-Schwei\u00dfzelle Pr\u00fcfvorrichtung"},"content":{"rendered":"<table>\n<tbody>\n<tr>\n<td>Markenname<\/td>\n<td>Favamill<\/td>\n<\/tr>\n<tr>\n<td>Produktname<\/td>\n<td>Kfz-Schwei\u00dfzelle Pr\u00fcfvorrichtung<\/td>\n<\/tr>\n<tr>\n<td>Toleranz<\/td>\n<td>\u00b10,002mm<\/td>\n<\/tr>\n<tr>\n<td>Material<\/td>\n<td>SKD11, SKD 61, Cr12MOV, D2, SKH-9, RM56, ASP23 usw.<\/td>\n<\/tr>\n<tr>\n<td>Entwurfssoftware<\/td>\n<td>AutoCAD, Solid works, PRO\/E, UG<\/td>\n<\/tr>\n<tr>\n<td>Standard<\/td>\n<td>ISO9001<\/td>\n<\/tr>\n<tr>\n<td>Gussform Typ<\/td>\n<td>Verbundstempel, Einzelstempel, Folgeverbundstempel oder entsprechend den Anforderungen des Kunden<\/td>\n<\/tr>\n<tr>\n<td>Erster Versuch<\/td>\n<td>15-25 Tage nach best\u00e4tigter Formzeichnung<\/td>\n<\/tr>\n<tr>\n<td>Schimmelpilz Leben<\/td>\n<td>Abh\u00e4ngig von der Produktionskapazit\u00e4t des Kunden<\/td>\n<\/tr>\n<tr>\n<td>Qualit\u00e4t best\u00e4tigen<\/td>\n<td>Kann Streifenlayout der Matrize, Testvideo, Pr\u00fcfbescheinigung und Produktmuster senden<\/td>\n<\/tr>\n<tr>\n<td>Paket<\/td>\n<td>PE-Beutel und Karton f\u00fcr Produkte, Holzkiste f\u00fcr Matrize\/Form, oder nach Kundenwunsch<\/td>\n<\/tr>\n<\/tbody>\n<\/table>\n<p>&nbsp;<\/p>\n<div style=\"width: 640px;\" class=\"wp-video\"><video class=\"wp-video-shortcode\" id=\"video-806-1\" width=\"640\" height=\"360\" preload=\"metadata\" controls=\"controls\"><source type=\"video\/mp4\" src=\"https:\/\/favamill.com\/wp-content\/uploads\/2023\/06\/Automotive-Welding-Cell-Checking-Fixture.mp4?_=1\" \/><a href=\"https:\/\/favamill.com\/wp-content\/uploads\/2023\/06\/Automotive-Welding-Cell-Checking-Fixture.mp4\">https:\/\/favamill.com\/wp-content\/uploads\/2023\/06\/Automotive-Welding-Cell-Checking-Fixture.mp4<\/a><\/video><\/div>","protected":false},"excerpt":{"rendered":"<p>Die spezifischen Merkmale der Pr\u00fcfvorrichtungen f\u00fcr Schwei\u00dfzellen in der Automobilindustrie k\u00f6nnen je nach Schwei\u00dfverfahren, Komplexit\u00e4t der Bauteile und Kundenanforderungen variieren. Wir integrieren auch zus\u00e4tzliche Funktionen, die f\u00fcr die Einrichtung der Schwei\u00dfzelle und die Produktionsanforderungen des Kunden spezifisch sind.<\/p>","protected":false},"featured_media":692,"template":"","meta":{"_seopress_robots_primary_cat":"","_seopress_titles_title":"","_seopress_titles_desc":"","_seopress_robots_index":""},"product_brand":[],"product_cat":[25],"product_tag":[26],"class_list":{"0":"post-806","1":"product","2":"type-product","3":"status-publish","4":"has-post-thumbnail","6":"product_cat-welding-fixture","7":"product_tag-automotive-weldingchecking-fixture","9":"first","10":"instock","11":"shipping-taxable","12":"product-type-simple"},"_links":{"self":[{"href":"https:\/\/www.favamill.com\/de\/wp-json\/wp\/v2\/product\/806","targetHints":{"allow":["GET"]}}],"collection":[{"href":"https:\/\/www.favamill.com\/de\/wp-json\/wp\/v2\/product"}],"about":[{"href":"https:\/\/www.favamill.com\/de\/wp-json\/wp\/v2\/types\/product"}],"wp:featuredmedia":[{"embeddable":true,"href":"https:\/\/www.favamill.com\/de\/wp-json\/wp\/v2\/media\/692"}],"wp:attachment":[{"href":"https:\/\/www.favamill.com\/de\/wp-json\/wp\/v2\/media?parent=806"}],"wp:term":[{"taxonomy":"product_brand","embeddable":true,"href":"https:\/\/www.favamill.com\/de\/wp-json\/wp\/v2\/product_brand?post=806"},{"taxonomy":"product_cat","embeddable":true,"href":"https:\/\/www.favamill.com\/de\/wp-json\/wp\/v2\/product_cat?post=806"},{"taxonomy":"product_tag","embeddable":true,"href":"https:\/\/www.favamill.com\/de\/wp-json\/wp\/v2\/product_tag?post=806"}],"curies":[{"name":"wp","href":"https:\/\/api.w.org\/{rel}","templated":true}]}}