{"id":810,"date":"2023-07-02T17:23:21","date_gmt":"2023-07-02T17:23:21","guid":{"rendered":"https:\/\/b2.favamill.com\/product\/precision-cnc-machining-aluminum-jigs\/"},"modified":"2024-06-02T22:50:41","modified_gmt":"2024-06-02T22:50:41","slug":"prazisions-cnc-bearbeitung-von-aluminiumvorrichtungen","status":"publish","type":"product","link":"https:\/\/www.favamill.com\/de\/product\/prazisions-cnc-bearbeitung-von-aluminiumvorrichtungen\/","title":{"rendered":"Pr\u00e4zisions-CNC-Bearbeitung von Aluminiumvorrichtungen"},"content":{"rendered":"<table class=\"all magic-13\">\n<tbody>\n<tr>\n<td colspan=\"1\" rowspan=\"1\">\n<div class=\"magic-14\">\n<div class=\"magic-4\" data-spm-anchor-id=\"a2700.custom-template.0.i17.1d4c3333GDa3f3\"><span class=\"magic-15\" style=\"font-family: Arial;\">Software\/Format<\/span><\/div>\n<\/div>\n<\/td>\n<td colspan=\"1\" rowspan=\"1\">\n<div class=\"magic-16\"><span class=\"magic-15\" style=\"font-family: Arial;\">PRO\/E, Auto CAD, Solid works, IGS, UG, CAD\/CAM\/CAE<\/span><\/div>\n<\/td>\n<\/tr>\n<tr>\n<td colspan=\"1\" rowspan=\"1\">\n<div class=\"magic-17\">\n<div class=\"magic-4\"><span class=\"magic-15\">Name<\/span><\/div>\n<\/div>\n<\/td>\n<td colspan=\"1\" rowspan=\"1\">\n<div class=\"magic-18\">Pr\u00e4zisions-CNC-Bearbeitung von Aluminium Pr\u00fcfvorrichtung\/ Jigs<\/div>\n<\/td>\n<\/tr>\n<tr>\n<td colspan=\"1\" rowspan=\"1\">\n<div class=\"magic-14\">\n<div class=\"magic-4\" data-spm-anchor-id=\"0.0.0.i21.54174f052EhEWg\"><span class=\"magic-15\" style=\"font-family: Arial;\">Toleranz<\/span><\/div>\n<\/div>\n<\/td>\n<td colspan=\"1\" rowspan=\"1\">\n<div class=\"magic-16\" data-spm-anchor-id=\"a2700.details.0.i49.45c6778f9CDlLF\"><span class=\"magic-15\" style=\"font-family: Arial;\">0,01~0,05mm, kann nach Wunsch angepasst werden.<\/span><\/div>\n<\/td>\n<\/tr>\n<tr>\n<td colspan=\"1\" rowspan=\"1\">\n<div class=\"magic-14\">\n<div class=\"magic-4\" data-spm-anchor-id=\"0.0.0.i28.54174f05q5Emo9\"><span class=\"magic-15\" style=\"font-family: Arial;\">Dimension<\/span><\/div>\n<\/div>\n<\/td>\n<td colspan=\"1\" rowspan=\"1\">\n<div class=\"magic-16\"><span class=\"magic-15\" style=\"font-family: Arial;\">Kundenspezifisch<\/span><\/div>\n<\/td>\n<\/tr>\n<tr>\n<td colspan=\"1\" rowspan=\"1\">\n<div class=\"magic-14\">\n<div class=\"magic-4\" data-spm-anchor-id=\"0.0.0.i34.54174f05q5Emo9\"><span class=\"magic-15\" style=\"font-family: Arial;\">Pr\u00fcfger\u00e4te<\/span><\/div>\n<\/div>\n<\/td>\n<td colspan=\"1\" rowspan=\"1\">\n<div class=\"magic-16\"><span class=\"magic-15\" style=\"font-family: Arial;\">Messger\u00e4te, Projektoren, CMM, H\u00f6henmesser, Mikrometer, Gewindelehren, Messschieber, Nadelmessger\u00e4te usw.<\/span><\/div>\n<\/td>\n<\/tr>\n<tr>\n<td colspan=\"1\" rowspan=\"1\">\n<div class=\"magic-14\">\n<div class=\"magic-4\"><span class=\"magic-19\">Verarbeitung<\/span><\/div>\n<\/div>\n<\/td>\n<td colspan=\"1\" rowspan=\"1\">\n<div class=\"magic-16\"><span class=\"magic-15\" style=\"font-family: Arial;\">CNC-Drehen, Fr\u00e4sen, Bohren, Automatendrehen, Gewindeschneiden, Buchsen, Oberfl\u00e4chenbehandlung, Eloxieren, Gie\u00dfen, Einspritzen, 3D-Druck, etc.<\/span><\/div>\n<\/td>\n<\/tr>\n<tr>\n<td colspan=\"1\" rowspan=\"1\">\n<div class=\"magic-14\">\n<div class=\"magic-4\"><span class=\"magic-19\" data-spm-anchor-id=\"0.0.0.i99.54174f052EhEWg\">Unsere Vorteile<\/span><\/div>\n<\/div>\n<\/td>\n<td colspan=\"1\" rowspan=\"1\">\n<div class=\"magic-16\"><span class=\"magic-15\" style=\"font-family: Arial;\">1.) 24 Stunden Online-Service &amp; schnelles Angebot\/Lieferung.\u00a0<\/span><\/p>\n<div data-spm-anchor-id=\"0.0.0.i77.54174f052EhEWg\"><span class=\"magic-15\" style=\"font-family: Arial;\">2.) 100% QC-Qualit\u00e4tspr\u00fcfung vor der Lieferung, kann Qualit\u00e4t bieten<br \/>\nInspektionsformular.<\/span><\/div>\n<div data-spm-anchor-id=\"0.0.0.i77.54174f052EhEWg\"><span class=\"magic-15\" style=\"font-family: Arial;\">\u00a03.) Mehr als 15 Jahre Erfahrung im Bereich der CNC-Bearbeitung und ein erfahrenes Konstruktionsteam, das perfekte \u00c4nderungsvorschl\u00e4ge macht.<\/span><\/div>\n<\/div>\n<\/td>\n<\/tr>\n<\/tbody>\n<\/table>","protected":false},"excerpt":{"rendered":"<p>Insgesamt bieten CNC-Pr\u00e4zisionsbearbeitungsvorrichtungen aus Aluminium eine Kombination aus hoher Pr\u00e4zision, Leichtbauweise, Korrosionsbest\u00e4ndigkeit und Kosteneffizienz, was sie zu einer bevorzugten Wahl in vielen industriellen Anwendungen macht.<\/p>","protected":false},"featured_media":715,"template":"","meta":{"_seopress_robots_primary_cat":"","_seopress_titles_title":"","_seopress_titles_desc":"","_seopress_robots_index":""},"product_brand":[],"product_cat":[30],"product_tag":[],"class_list":{"0":"post-810","1":"product","2":"type-product","3":"status-publish","4":"has-post-thumbnail","6":"product_cat-jigs-gages","8":"first","9":"instock","10":"shipping-taxable","11":"product-type-simple"},"_links":{"self":[{"href":"https:\/\/www.favamill.com\/de\/wp-json\/wp\/v2\/product\/810","targetHints":{"allow":["GET"]}}],"collection":[{"href":"https:\/\/www.favamill.com\/de\/wp-json\/wp\/v2\/product"}],"about":[{"href":"https:\/\/www.favamill.com\/de\/wp-json\/wp\/v2\/types\/product"}],"wp:featuredmedia":[{"embeddable":true,"href":"https:\/\/www.favamill.com\/de\/wp-json\/wp\/v2\/media\/715"}],"wp:attachment":[{"href":"https:\/\/www.favamill.com\/de\/wp-json\/wp\/v2\/media?parent=810"}],"wp:term":[{"taxonomy":"product_brand","embeddable":true,"href":"https:\/\/www.favamill.com\/de\/wp-json\/wp\/v2\/product_brand?post=810"},{"taxonomy":"product_cat","embeddable":true,"href":"https:\/\/www.favamill.com\/de\/wp-json\/wp\/v2\/product_cat?post=810"},{"taxonomy":"product_tag","embeddable":true,"href":"https:\/\/www.favamill.com\/de\/wp-json\/wp\/v2\/product_tag?post=810"}],"curies":[{"name":"wp","href":"https:\/\/api.w.org\/{rel}","templated":true}]}}