{"id":811,"date":"2023-07-02T17:57:48","date_gmt":"2023-07-02T17:57:48","guid":{"rendered":"https:\/\/b2.favamill.com\/product\/customized-automotive-inspection-jig\/"},"modified":"2024-06-02T22:50:41","modified_gmt":"2024-06-02T22:50:41","slug":"kundenspezifische-kfz-prufvorrichtung","status":"publish","type":"product","link":"https:\/\/www.favamill.com\/de\/product\/kundenspezifische-kfz-prufvorrichtung\/","title":{"rendered":"Kundenspezifische Automobil-Inspektionsvorrichtung"},"content":{"rendered":"<table>\n<tbody>\n<tr>\n<td width=\"214\">Artikel<\/td>\n<td>Wert<\/td>\n<\/tr>\n<tr>\n<td width=\"214\">Ort der Herkunft<\/td>\n<td>Shenzhen, China<\/td>\n<\/tr>\n<tr>\n<td width=\"214\">Mikro-Bearbeitung oder nicht:<\/p>\n<p>&nbsp;<\/td>\n<td>Mikro-Bearbeitung<\/p>\n<p>&nbsp;<\/td>\n<\/tr>\n<tr>\n<td width=\"214\">Markenname<\/td>\n<td>andere<\/td>\n<\/tr>\n<tr>\n<td width=\"214\">Modellnummer<\/td>\n<td>andere<\/td>\n<\/tr>\n<tr>\n<td width=\"214\">Bodenplatte<\/td>\n<td>Aluminium 6061<\/td>\n<\/tr>\n<tr>\n<td width=\"214\">Ist es ein Standardteil<\/td>\n<td>Nicht genormte Teile<\/td>\n<\/tr>\n<tr>\n<td width=\"214\">Oberfl\u00e4chenbehandlung<\/td>\n<td>Spr\u00fchfarbe<\/td>\n<\/tr>\n<tr>\n<td width=\"214\">MOQ<\/td>\n<td>1 Satz<\/td>\n<\/tr>\n<tr>\n<td width=\"214\">Materielle F\u00e4higkeiten:<\/p>\n<p>&nbsp;<\/td>\n<td>Aluminium, geh\u00e4rtete Metalle, rostfreier Stahl, Stahllegierungen...<\/p>\n<p>&nbsp;<\/td>\n<\/tr>\n<tr>\n<td width=\"214\">Erfordern:<\/p>\n<p>&nbsp;<\/td>\n<td>Digitales 3D-Modell 2D-Zeichnungen<\/td>\n<\/tr>\n<\/tbody>\n<\/table>","protected":false},"excerpt":{"rendered":"<p>Unsere kundenspezifischen Pr\u00fcfvorrichtungen f\u00fcr die Automobilindustrie bieten pr\u00e4zise Messm\u00f6glichkeiten, kundenspezifisches Design, Multifunktionalit\u00e4t, ergonomische Eigenschaften, Langlebigkeit, Integration mit Pr\u00fcfger\u00e4ten, R\u00fcckverfolgbarkeit<\/p>","protected":false},"featured_media":722,"template":"","meta":{"_seopress_robots_primary_cat":"","_seopress_titles_title":"","_seopress_titles_desc":"","_seopress_robots_index":""},"product_brand":[],"product_cat":[30],"product_tag":[],"class_list":{"0":"post-811","1":"product","2":"type-product","3":"status-publish","4":"has-post-thumbnail","6":"product_cat-jigs-gages","8":"first","9":"instock","10":"shipping-taxable","11":"product-type-simple"},"_links":{"self":[{"href":"https:\/\/www.favamill.com\/de\/wp-json\/wp\/v2\/product\/811","targetHints":{"allow":["GET"]}}],"collection":[{"href":"https:\/\/www.favamill.com\/de\/wp-json\/wp\/v2\/product"}],"about":[{"href":"https:\/\/www.favamill.com\/de\/wp-json\/wp\/v2\/types\/product"}],"wp:featuredmedia":[{"embeddable":true,"href":"https:\/\/www.favamill.com\/de\/wp-json\/wp\/v2\/media\/722"}],"wp:attachment":[{"href":"https:\/\/www.favamill.com\/de\/wp-json\/wp\/v2\/media?parent=811"}],"wp:term":[{"taxonomy":"product_brand","embeddable":true,"href":"https:\/\/www.favamill.com\/de\/wp-json\/wp\/v2\/product_brand?post=811"},{"taxonomy":"product_cat","embeddable":true,"href":"https:\/\/www.favamill.com\/de\/wp-json\/wp\/v2\/product_cat?post=811"},{"taxonomy":"product_tag","embeddable":true,"href":"https:\/\/www.favamill.com\/de\/wp-json\/wp\/v2\/product_tag?post=811"}],"curies":[{"name":"wp","href":"https:\/\/api.w.org\/{rel}","templated":true}]}}