{"id":812,"date":"2023-07-02T18:06:31","date_gmt":"2023-07-02T18:06:31","guid":{"rendered":"https:\/\/b2.favamill.com\/product\/customized-automotive-inspection-welding-checking-fixture\/"},"modified":"2024-06-02T22:50:41","modified_gmt":"2024-06-02T22:50:41","slug":"kundenspezifische-automobil-inspektions-schweisprufvorrichtung","status":"publish","type":"product","link":"https:\/\/www.favamill.com\/de\/product\/kundenspezifische-automobil-inspektions-schweisprufvorrichtung\/","title":{"rendered":"Kundenspezifische Automobil-Inspektions- und Schwei\u00dfpr\u00fcfvorrichtung"},"content":{"rendered":"<table class=\"hight-light-first-column all magic-6\">\n<tbody>\n<tr>\n<td colspan=\"1\" rowspan=\"1\">\n<div class=\"magic-7\">\n<div class=\"magic-8\" data-spm-anchor-id=\"a2700.pc-decorate.0.i25.45ea3333iFS8kA\"><span class=\"magic-9\"><span class=\"magic-10\" style=\"color: #2196ed;\"><b>Name<\/b><\/span><\/span><\/div>\n<\/div>\n<\/td>\n<td colspan=\"1\" rowspan=\"1\">\n<div class=\"magic-11\"><span class=\"magic-10\">Schwei\u00dfen Pr\u00fcfvorrichtung<\/span><\/div>\n<\/td>\n<\/tr>\n<tr>\n<td colspan=\"1\" rowspan=\"1\">\n<div class=\"magic-7\">\n<div class=\"magic-8\"><span class=\"magic-9\"><span class=\"magic-10\" style=\"color: #2196ed;\"><b>Materialien<\/b><\/span><\/span><\/div>\n<\/div>\n<\/td>\n<td colspan=\"1\" rowspan=\"1\">\n<div class=\"magic-11\"><span class=\"magic-10\" data-spm-anchor-id=\"a2700.details.0.i22.541172d5prK4oo\">Aluminium \/ Stahl \/ Legierter Stahl \/ Edelstahl \/ Messing, ect.<\/span><\/div>\n<\/td>\n<\/tr>\n<tr>\n<td colspan=\"1\" rowspan=\"1\">\n<div class=\"magic-7\">\n<div class=\"magic-8\"><span class=\"magic-9\"><span class=\"magic-10\" style=\"color: #2196ed;\"><b>Oberfl\u00e4chenbehandlung<\/b><\/span><\/span><\/div>\n<\/div>\n<\/td>\n<td colspan=\"1\" rowspan=\"1\">\n<div class=\"magic-11\"><span class=\"magic-10\">Eloxieren, Polieren, Sandguss, Zink\/Nickel\/Verchromen, Lackieren, W\u00e4rmebehandlung usw.<\/span><\/div>\n<\/td>\n<\/tr>\n<tr>\n<td colspan=\"1\" rowspan=\"1\">\n<div class=\"magic-7\">\n<div class=\"magic-8\"><span class=\"magic-9\"><span class=\"magic-10\" style=\"color: #2196ed;\"><b>Toleranz<\/b><\/span><\/span><\/div>\n<\/div>\n<\/td>\n<td colspan=\"1\" rowspan=\"1\">\n<div class=\"magic-11\"><span class=\"magic-10\">+\/-0,01mm~+\/-0,05mm, entsprechend den Anforderungen des Kunden<\/span><\/div>\n<\/td>\n<\/tr>\n<tr>\n<td colspan=\"1\" rowspan=\"1\">\n<div class=\"magic-7\">\n<div class=\"magic-8\" data-spm-anchor-id=\"a2700.pc-decorate.0.i17.45ea3333iFS8kA\"><span class=\"magic-10\" style=\"color: #2196ed;\"><b>Verarbeitungsger\u00e4te<\/b><\/span><\/div>\n<\/div>\n<\/td>\n<td colspan=\"1\" rowspan=\"1\">\n<div class=\"magic-11\"><span class=\"magic-10\">CNC-Bearbeitungszentrum, CNC-Drehmaschine, Schleifmaschine, Bohrmaschine, EDM, Drahtschneidemaschine usw.<\/span><\/div>\n<\/td>\n<\/tr>\n<tr>\n<td colspan=\"1\" rowspan=\"1\">\n<div class=\"magic-7\">\n<div class=\"magic-8\" data-spm-anchor-id=\"a2700.pc-decorate.0.i18.45ea3333iFS8kA\"><span class=\"magic-10\" style=\"color: #2196ed;\"><b>Logo-Methode<\/b><\/span><\/div>\n<\/div>\n<\/td>\n<td colspan=\"1\" rowspan=\"1\">\n<div class=\"magic-11\"><span class=\"magic-10\">Lasergravur \/ CNC-Gravur \/ Siebdruck ect.<\/span><\/div>\n<\/td>\n<\/tr>\n<tr>\n<td colspan=\"1\" rowspan=\"1\">\n<div class=\"magic-7\">\n<div class=\"magic-8\" data-spm-anchor-id=\"a2700.pc-decorate.0.i32.45ea3333iFS8kA\"><span class=\"magic-10\" style=\"color: #2196ed;\"><b>Farbe<\/b><\/span><\/div>\n<\/div>\n<\/td>\n<td colspan=\"1\" rowspan=\"1\">\n<div class=\"magic-11\"><span class=\"magic-10\">Silber \/ Schwarz \/ Gold \/ Orange \/ Grau, je nach Anforderung des Kunden<\/span><\/div>\n<\/td>\n<\/tr>\n<tr>\n<td colspan=\"1\" rowspan=\"1\">\n<div class=\"magic-7\">\n<div class=\"magic-8\"><span class=\"magic-9\"><span class=\"magic-10\" style=\"color: #2196ed;\"><b>Dienstleistungsprojekt<\/b><\/span><\/span><\/div>\n<\/div>\n<\/td>\n<td colspan=\"1\" rowspan=\"1\">\n<div class=\"magic-11\" data-spm-anchor-id=\"a2700.details.0.i21.541172d5prK4oo\"><span class=\"magic-10\">Bereitstellung von Produktionsdesign, Produktion und technischem Service, Entwicklung und Bearbeitung von Formen usw.<\/span><\/div>\n<\/td>\n<\/tr>\n<\/tbody>\n<\/table>","protected":false},"excerpt":{"rendered":"<p>unsere kundenspezifischen Schwei\u00dfpr\u00fcfvorrichtungen f\u00fcr die Automobilindustrie bieten eine genaue Bewertung der Schwei\u00dfqualit\u00e4t, kundenspezifische Designs, Spann- und Positionierungsm\u00f6glichkeiten<\/p>","protected":false},"featured_media":729,"template":"","meta":{"_seopress_robots_primary_cat":"","_seopress_titles_title":"","_seopress_titles_desc":"","_seopress_robots_index":""},"product_brand":[],"product_cat":[25],"product_tag":[],"class_list":{"0":"post-812","1":"product","2":"type-product","3":"status-publish","4":"has-post-thumbnail","6":"product_cat-welding-fixture","8":"first","9":"instock","10":"shipping-taxable","11":"product-type-simple"},"_links":{"self":[{"href":"https:\/\/www.favamill.com\/de\/wp-json\/wp\/v2\/product\/812","targetHints":{"allow":["GET"]}}],"collection":[{"href":"https:\/\/www.favamill.com\/de\/wp-json\/wp\/v2\/product"}],"about":[{"href":"https:\/\/www.favamill.com\/de\/wp-json\/wp\/v2\/types\/product"}],"wp:featuredmedia":[{"embeddable":true,"href":"https:\/\/www.favamill.com\/de\/wp-json\/wp\/v2\/media\/729"}],"wp:attachment":[{"href":"https:\/\/www.favamill.com\/de\/wp-json\/wp\/v2\/media?parent=812"}],"wp:term":[{"taxonomy":"product_brand","embeddable":true,"href":"https:\/\/www.favamill.com\/de\/wp-json\/wp\/v2\/product_brand?post=812"},{"taxonomy":"product_cat","embeddable":true,"href":"https:\/\/www.favamill.com\/de\/wp-json\/wp\/v2\/product_cat?post=812"},{"taxonomy":"product_tag","embeddable":true,"href":"https:\/\/www.favamill.com\/de\/wp-json\/wp\/v2\/product_tag?post=812"}],"curies":[{"name":"wp","href":"https:\/\/api.w.org\/{rel}","templated":true}]}}