{"id":813,"date":"2023-07-07T17:39:47","date_gmt":"2023-07-07T17:39:47","guid":{"rendered":"https:\/\/b2.favamill.com\/product\/automotive-interior-plastic-parts-checking-fixture\/"},"modified":"2024-06-02T22:50:41","modified_gmt":"2024-06-02T22:50:41","slug":"prufvorrichtung-fur-kunststoffteile-fur-den-automobilinnenraum","status":"publish","type":"product","link":"https:\/\/www.favamill.com\/de\/product\/prufvorrichtung-fur-kunststoffteile-fur-den-automobilinnenraum\/","title":{"rendered":"Pr\u00fcfvorrichtung f\u00fcr Kunststoffteile im Automobilinnenraum"},"content":{"rendered":"<p>Kunststoffteil Material: PA (Nylon)<br \/>\nMaterial der Pr\u00fcfbefestigung: AL6061, S136, Kunststoff-Harz<br \/>\nDMS-Typ: Einzelne Halterung<br \/>\nBearbeitung: CNC-Bearbeitung, CMM<br \/>\nOberfl\u00e4chenbehandlung: Eloxierung, Pulverbeschichtung, SS-Stahl beschichtet<br \/>\nVorlaufzeit: 20 Tage<br \/>\nSicherung der Qualit\u00e4t: Interne CMM-Inspektion, Zertifizierung durch Dritte<\/p>\n<div><strong>Die von uns hergestellten Kontrollvorrichtungen haben folgende Vorteile:<\/strong><\/div>\n<div><\/div>\n<div>1.  Sehr sch\u00f6nes Aussehen Automotive Pr\u00fcfvorrichtung<\/div>\n<div>2.  Sehr pr\u00e4zise Genauigkeit<\/div>\n<div>\u00a0 \u00a0 2.1 Pr\u00e4zision der Bohrung des Bezugspunkts: +\/-0,05MM<\/div>\n<div>\u00a0 \u00a0 2.2 Genauigkeit des Ortungsnullpunkts: +\/- 0,1MM<\/div>\n<div>\u00a0 \u00a0 2.3 Profilgenauigkeit: +\/-0,15MM<\/div>\n<div><\/div>\n<div>3 . Niedrige Kosten Preisniveau, sehr konkurrenzf\u00e4higer Preis: 2000-8000USD<\/div>\n<div>4 . Kurze Lieferzeit 15-35Tage<\/div>\n<div>5 . Qualit\u00e4tsgarantie<\/div>\n<div>6. Bauteilzeichnung, Zusammenbauzeichnung, 3D-Lehrzeichnung, Bedienungsanleitung, CMM-Kalibrierungsbericht, Versandbest\u00e4tigung Bilder Pr\u00fcfbericht von Dritten wird zusammen mit der Vorrichtung geliefert werden.<\/div>\n<div>7.  Zertifizierung durch Dritte verf\u00fcgbar<\/div>\n<div>8.  Paket:  H\u00f6lzerne Schachtel\/Palette\/Kiste<\/div>\n<div><\/div>\n<div>9.  Sehr schneller\/effizienter Lufttransport, kostensparender Seetransport<\/div>\n<div><\/div>","protected":false},"excerpt":{"rendered":"<p>Diese Pr\u00fcfvorrichtungen f\u00fcr Kunststoffteile im Automobilinnenraum sind Spezialwerkzeuge, die bei der Qualit\u00e4tskontrolle in der Automobilherstellung eingesetzt werden.<\/p>","protected":false},"featured_media":738,"template":"","meta":{"_seopress_robots_primary_cat":"","_seopress_titles_title":"","_seopress_titles_desc":"","_seopress_robots_index":""},"product_brand":[],"product_cat":[21,31],"product_tag":[],"class_list":{"0":"post-813","1":"product","2":"type-product","3":"status-publish","4":"has-post-thumbnail","6":"product_cat-checking-fixture","7":"product_cat-plastic-parts-checking-fixture","9":"first","10":"instock","11":"shipping-taxable","12":"product-type-simple"},"_links":{"self":[{"href":"https:\/\/www.favamill.com\/de\/wp-json\/wp\/v2\/product\/813","targetHints":{"allow":["GET"]}}],"collection":[{"href":"https:\/\/www.favamill.com\/de\/wp-json\/wp\/v2\/product"}],"about":[{"href":"https:\/\/www.favamill.com\/de\/wp-json\/wp\/v2\/types\/product"}],"wp:featuredmedia":[{"embeddable":true,"href":"https:\/\/www.favamill.com\/de\/wp-json\/wp\/v2\/media\/738"}],"wp:attachment":[{"href":"https:\/\/www.favamill.com\/de\/wp-json\/wp\/v2\/media?parent=813"}],"wp:term":[{"taxonomy":"product_brand","embeddable":true,"href":"https:\/\/www.favamill.com\/de\/wp-json\/wp\/v2\/product_brand?post=813"},{"taxonomy":"product_cat","embeddable":true,"href":"https:\/\/www.favamill.com\/de\/wp-json\/wp\/v2\/product_cat?post=813"},{"taxonomy":"product_tag","embeddable":true,"href":"https:\/\/www.favamill.com\/de\/wp-json\/wp\/v2\/product_tag?post=813"}],"curies":[{"name":"wp","href":"https:\/\/api.w.org\/{rel}","templated":true}]}}