{"id":814,"date":"2023-07-10T14:02:47","date_gmt":"2023-07-10T14:02:47","guid":{"rendered":"https:\/\/b2.favamill.com\/product\/car-air-outlet-check-fixture\/"},"modified":"2024-06-02T22:50:41","modified_gmt":"2024-06-02T22:50:41","slug":"kfz-luftauslasskontrolleinrichtung","status":"publish","type":"product","link":"https:\/\/www.favamill.com\/de\/product\/kfz-luftauslasskontrolleinrichtung\/","title":{"rendered":"Auto-Luftauslass-Kontrollarmatur"},"content":{"rendered":"<p>Material der Kunststoffteile: ABS<br \/>\nMaterial der Pr\u00fcfbefestigung: AL6061, S136, Kunststoff-Harz<br \/>\nDMS-Typ: Einzelbefestigung, Montagebefestigung<br \/>\nBearbeitung: CNC-Bearbeitung, CMM<br \/>\nOberfl\u00e4chenbehandlung: Eloxieren, Pulverbeschichtet<br \/>\nVorlaufzeit: 20 Tage<br \/>\nSicherung der Qualit\u00e4t: Interne CMM-Inspektion, Zertifizierung durch Dritte<\/p>","protected":false},"excerpt":{"rendered":"<p>Pr\u00fcfvorrichtungen f\u00fcr Auto-Luftausl\u00e4sse werden in der Automobilindustrie verwendet, um die Qualit\u00e4t und Genauigkeit von Auto-Luftausl\u00e4ssen w\u00e4hrend des Herstellungsprozesses sicherzustellen.<\/p>","protected":false},"featured_media":745,"template":"","meta":{"_seopress_robots_primary_cat":"","_seopress_titles_title":"","_seopress_titles_desc":"","_seopress_robots_index":""},"product_brand":[],"product_cat":[21,31],"product_tag":[],"class_list":{"0":"post-814","1":"product","2":"type-product","3":"status-publish","4":"has-post-thumbnail","6":"product_cat-checking-fixture","7":"product_cat-plastic-parts-checking-fixture","9":"first","10":"instock","11":"shipping-taxable","12":"product-type-simple"},"_links":{"self":[{"href":"https:\/\/www.favamill.com\/de\/wp-json\/wp\/v2\/product\/814","targetHints":{"allow":["GET"]}}],"collection":[{"href":"https:\/\/www.favamill.com\/de\/wp-json\/wp\/v2\/product"}],"about":[{"href":"https:\/\/www.favamill.com\/de\/wp-json\/wp\/v2\/types\/product"}],"wp:featuredmedia":[{"embeddable":true,"href":"https:\/\/www.favamill.com\/de\/wp-json\/wp\/v2\/media\/745"}],"wp:attachment":[{"href":"https:\/\/www.favamill.com\/de\/wp-json\/wp\/v2\/media?parent=814"}],"wp:term":[{"taxonomy":"product_brand","embeddable":true,"href":"https:\/\/www.favamill.com\/de\/wp-json\/wp\/v2\/product_brand?post=814"},{"taxonomy":"product_cat","embeddable":true,"href":"https:\/\/www.favamill.com\/de\/wp-json\/wp\/v2\/product_cat?post=814"},{"taxonomy":"product_tag","embeddable":true,"href":"https:\/\/www.favamill.com\/de\/wp-json\/wp\/v2\/product_tag?post=814"}],"curies":[{"name":"wp","href":"https:\/\/api.w.org\/{rel}","templated":true}]}}