{"id":815,"date":"2023-07-10T14:17:04","date_gmt":"2023-07-10T14:17:04","guid":{"rendered":"https:\/\/b2.favamill.com\/product\/auto-grille-checking-fixture\/"},"modified":"2024-06-02T22:50:41","modified_gmt":"2024-06-02T22:50:41","slug":"autokontrollvorrichtung-fur-gitter","status":"publish","type":"product","link":"https:\/\/www.favamill.com\/de\/product\/autokontrollvorrichtung-fur-gitter\/","title":{"rendered":"Auto-K\u00fchlergrill-Kontrollvorrichtung"},"content":{"rendered":"<p>Material der Kunststoffteile: ABS<br \/>\nMaterial der Halterung: AL6061, S136<br \/>\nBearbeitung: CNC-Bearbeitung, CMM<br \/>\nOberfl\u00e4chenbehandlung: Eloxieren, Pulverbeschichtet<br \/>\nFunktion:<\/p>\n<p>Pr\u00fcfung der Gesamtma\u00dftoleranz und Unterst\u00fctzung der CMM-Pr\u00fcfung<\/p>\n<p>Die K\u00fchlergrill-Pr\u00fcfvorrichtung ist ein spezielles Pr\u00fcfger\u00e4t, das f\u00fcr die Qualit\u00e4tspr\u00fcfung bei der Massenproduktion von Automobilteilen entwickelt und hergestellt wurde und zeit- und arbeitssparender ist als die Pr\u00fcfung mit allgemeinen Messger\u00e4ten.<\/p>","protected":false},"excerpt":{"rendered":"<p>Pr\u00fcfvorrichtungen f\u00fcr K\u00fchlergrills werden in der Automobilindustrie verwendet, um die Qualit\u00e4t, den Sitz und die Ausrichtung der K\u00fchlergrillkomponenten w\u00e4hrend des Herstellungsprozesses zu \u00fcberpr\u00fcfen.<\/p>","protected":false},"featured_media":748,"template":"","meta":{"_seopress_robots_primary_cat":"","_seopress_titles_title":"","_seopress_titles_desc":"","_seopress_robots_index":""},"product_brand":[],"product_cat":[21,31],"product_tag":[],"class_list":{"0":"post-815","1":"product","2":"type-product","3":"status-publish","4":"has-post-thumbnail","6":"product_cat-checking-fixture","7":"product_cat-plastic-parts-checking-fixture","9":"first","10":"instock","11":"shipping-taxable","12":"product-type-simple"},"_links":{"self":[{"href":"https:\/\/www.favamill.com\/de\/wp-json\/wp\/v2\/product\/815","targetHints":{"allow":["GET"]}}],"collection":[{"href":"https:\/\/www.favamill.com\/de\/wp-json\/wp\/v2\/product"}],"about":[{"href":"https:\/\/www.favamill.com\/de\/wp-json\/wp\/v2\/types\/product"}],"wp:featuredmedia":[{"embeddable":true,"href":"https:\/\/www.favamill.com\/de\/wp-json\/wp\/v2\/media\/748"}],"wp:attachment":[{"href":"https:\/\/www.favamill.com\/de\/wp-json\/wp\/v2\/media?parent=815"}],"wp:term":[{"taxonomy":"product_brand","embeddable":true,"href":"https:\/\/www.favamill.com\/de\/wp-json\/wp\/v2\/product_brand?post=815"},{"taxonomy":"product_cat","embeddable":true,"href":"https:\/\/www.favamill.com\/de\/wp-json\/wp\/v2\/product_cat?post=815"},{"taxonomy":"product_tag","embeddable":true,"href":"https:\/\/www.favamill.com\/de\/wp-json\/wp\/v2\/product_tag?post=815"}],"curies":[{"name":"wp","href":"https:\/\/api.w.org\/{rel}","templated":true}]}}