{"id":817,"date":"2023-07-16T08:45:58","date_gmt":"2023-07-16T08:45:58","guid":{"rendered":"https:\/\/b2.favamill.com\/product\/car-accessories-gonogo-gage-inspection-tool\/"},"modified":"2024-06-02T22:50:42","modified_gmt":"2024-06-02T22:50:42","slug":"autozubehor-gonogo-messgerat-inspektionswerkzeug","status":"publish","type":"product","link":"https:\/\/www.favamill.com\/de\/product\/autozubehor-gonogo-messgerat-inspektionswerkzeug\/","title":{"rendered":"Autozubeh\u00f6r Go&amp;NoGo Gage Inspektionswerkzeug"},"content":{"rendered":"<p>Herkunftsort:Guangdong, China<br \/>\nMarkenname:Favamill<br \/>\nModellnummer:FG005 metrisch und Zoll<br \/>\nProduktname:Go&amp;NoGo-Messger\u00e4t<br \/>\nMaterial:Kohlenstoffstahl<br \/>\nTyp:Handmessger\u00e4te<br \/>\nAnwendung:Arbeitslehren<br \/>\nVorlaufzeit:3-7 Tage<br \/>\nVerpackung &amp; Lieferung:Verpackungsdetails Kunststoffbox und Karton<br \/>\nHafen:shenzhen<\/p>","protected":false},"excerpt":{"rendered":"<p>Go&amp;NoGo-Pr\u00fcfger\u00e4te f\u00fcr Autozubeh\u00f6r, auch Pr\u00fcfvorrichtungen oder Pr\u00fcflehren genannt, werden in der Automobilindustrie eingesetzt, um die Ma\u00dfhaltigkeit und Konformit\u00e4t von Autozubeh\u00f6rteilen zu \u00fcberpr\u00fcfen.<\/p>","protected":false},"featured_media":757,"template":"","meta":{"_seopress_robots_primary_cat":"","_seopress_titles_title":"","_seopress_titles_desc":"","_seopress_robots_index":""},"product_brand":[],"product_cat":[30],"product_tag":[],"class_list":{"0":"post-817","1":"product","2":"type-product","3":"status-publish","4":"has-post-thumbnail","6":"product_cat-jigs-gages","8":"first","9":"instock","10":"shipping-taxable","11":"product-type-simple"},"_links":{"self":[{"href":"https:\/\/www.favamill.com\/de\/wp-json\/wp\/v2\/product\/817","targetHints":{"allow":["GET"]}}],"collection":[{"href":"https:\/\/www.favamill.com\/de\/wp-json\/wp\/v2\/product"}],"about":[{"href":"https:\/\/www.favamill.com\/de\/wp-json\/wp\/v2\/types\/product"}],"wp:featuredmedia":[{"embeddable":true,"href":"https:\/\/www.favamill.com\/de\/wp-json\/wp\/v2\/media\/757"}],"wp:attachment":[{"href":"https:\/\/www.favamill.com\/de\/wp-json\/wp\/v2\/media?parent=817"}],"wp:term":[{"taxonomy":"product_brand","embeddable":true,"href":"https:\/\/www.favamill.com\/de\/wp-json\/wp\/v2\/product_brand?post=817"},{"taxonomy":"product_cat","embeddable":true,"href":"https:\/\/www.favamill.com\/de\/wp-json\/wp\/v2\/product_cat?post=817"},{"taxonomy":"product_tag","embeddable":true,"href":"https:\/\/www.favamill.com\/de\/wp-json\/wp\/v2\/product_tag?post=817"}],"curies":[{"name":"wp","href":"https:\/\/api.w.org\/{rel}","templated":true}]}}