{"id":818,"date":"2023-07-27T16:55:12","date_gmt":"2023-07-27T16:55:12","guid":{"rendered":"https:\/\/b2.favamill.com\/product\/customized-cnc-machining-checking-fixture-for-automotive-bracket\/"},"modified":"2024-06-02T22:50:42","modified_gmt":"2024-06-02T22:50:42","slug":"kundenspezifische-cnc-bearbeitung-prufvorrichtung-fur-automobilhalterung","status":"publish","type":"product","link":"https:\/\/www.favamill.com\/de\/product\/kundenspezifische-cnc-bearbeitung-prufvorrichtung-fur-automobilhalterung\/","title":{"rendered":"Ma\u00dfgeschneiderte CNC-Bearbeitung Pr\u00fcfvorrichtung f\u00fcr Kfz-Halterung"},"content":{"rendered":"<table border=\"1\" cellspacing=\"1\" cellpadding=\"1\">\n<tbody>\n<tr>\n<td>Material des Hohlraums<\/td>\n<td>1.2738,1.2343, 1.2344, S7, H13, P20HH, GS738H, LKM738H, 718, 8407, S136, Calmax 635 NAK80,<br \/>\nSKD-61, NIMAX, 45#, 50#, Aluminium f\u00fcr Prototypformen usw.<\/td>\n<\/tr>\n<tr>\n<td>L\u00e4ufer<\/td>\n<td>Kalt- oder Hei\u00dfkanal: YUDO\/ HUSKY\/MOLD-MASTER\/SYNVENTIRE\/INCO\/ MASTIP\/ HASCO\/ DME<\/td>\n<\/tr>\n<tr>\n<td>Tor<\/td>\n<td>Unterwasseranschnitt, Tunnelanschnitt, Seiten-\/Kantenanschnitt, direkter Anschnitt, Punktanschnitt, Angussanschnitt, Membrananschnitt, L\u00fcfteranschnitt, Cashew-Anschnitt, Hakenanschnitt, Hot Tip, Hot Drop, Ventilanschnitt usw.<\/td>\n<\/tr>\n<tr>\n<td>Kunststoffmaterial f\u00fcr Teile<\/td>\n<td>PS, SAN, PA, POM, ABS, PP, PET, PC, PE, HDPE, PA66+GF, PVC, TPE, TPU, TPV usw.<\/td>\n<\/tr>\n<tr>\n<td>Prozess<\/td>\n<td>CNC, Hochgeschwindigkeitsfr\u00e4sen, EDM, Schneiden von Dr\u00e4hten, Bohren, Polieren usw.<\/td>\n<\/tr>\n<tr>\n<td>Vorlaufzeit<\/td>\n<td>10-30 Arbeitstage, abh\u00e4ngig von der Struktur und Gr\u00f6\u00dfe der Produkte<\/td>\n<\/tr>\n<tr>\n<td>Paket<\/td>\n<td>Holzkiste Verpackung oder nach Kundenwunsch<\/td>\n<\/tr>\n<tr>\n<td>Preis Laufzeit<\/td>\n<td>EX Works, FOB Shenzhen, FOB Hongkong, China, CFR, CIF, DDU, DDP<\/td>\n<\/tr>\n<\/tbody>\n<\/table>","protected":false},"excerpt":{"rendered":"<p>Wenn es um die Eigenschaften von Kfz-Halterungen geht, sollte eine ma\u00dfgeschneiderte CNC-Bearbeitungspr\u00fcfvorrichtung mehrere wichtige Aspekte ber\u00fccksichtigen.<\/p>","protected":false},"featured_media":763,"template":"","meta":{"_seopress_robots_primary_cat":"","_seopress_titles_title":"","_seopress_titles_desc":"","_seopress_robots_index":""},"product_brand":[],"product_cat":[21,23],"product_tag":[],"class_list":{"0":"post-818","1":"product","2":"type-product","3":"status-publish","4":"has-post-thumbnail","6":"product_cat-checking-fixture","7":"product_cat-sheet-metal-checking-fixture","9":"first","10":"instock","11":"shipping-taxable","12":"product-type-simple"},"_links":{"self":[{"href":"https:\/\/www.favamill.com\/de\/wp-json\/wp\/v2\/product\/818","targetHints":{"allow":["GET"]}}],"collection":[{"href":"https:\/\/www.favamill.com\/de\/wp-json\/wp\/v2\/product"}],"about":[{"href":"https:\/\/www.favamill.com\/de\/wp-json\/wp\/v2\/types\/product"}],"wp:featuredmedia":[{"embeddable":true,"href":"https:\/\/www.favamill.com\/de\/wp-json\/wp\/v2\/media\/763"}],"wp:attachment":[{"href":"https:\/\/www.favamill.com\/de\/wp-json\/wp\/v2\/media?parent=818"}],"wp:term":[{"taxonomy":"product_brand","embeddable":true,"href":"https:\/\/www.favamill.com\/de\/wp-json\/wp\/v2\/product_brand?post=818"},{"taxonomy":"product_cat","embeddable":true,"href":"https:\/\/www.favamill.com\/de\/wp-json\/wp\/v2\/product_cat?post=818"},{"taxonomy":"product_tag","embeddable":true,"href":"https:\/\/www.favamill.com\/de\/wp-json\/wp\/v2\/product_tag?post=818"}],"curies":[{"name":"wp","href":"https:\/\/api.w.org\/{rel}","templated":true}]}}