{"id":819,"date":"2023-08-23T14:54:55","date_gmt":"2023-08-23T14:54:55","guid":{"rendered":"https:\/\/b2.favamill.com\/product\/custom-3d-cmm-welding-holding-fixture\/"},"modified":"2024-06-02T22:50:42","modified_gmt":"2024-06-02T22:50:42","slug":"kundenspezifische-3d-cmm-schweishalterung","status":"publish","type":"product","link":"https:\/\/www.favamill.com\/de\/product\/kundenspezifische-3d-cmm-schweishalterung\/","title":{"rendered":"Kundenspezifische 3D CMM-Schwei\u00dfhalterung"},"content":{"rendered":"<table style=\"border-collapse: collapse; width: 424.52pt;\" border=\"0\" width=\"566\" cellspacing=\"0\" cellpadding=\"0\">\n<tbody>\n<tr style=\"height: 51.00pt;\">\n<td class=\"et2\" style=\"height: 51.00pt; width: 167.25pt;\" width=\"223\" height=\"68\">Markenname<\/td>\n<td class=\"et3\" style=\"width: 257.25pt;\" width=\"343\"><span class=\"font2\">OEM<\/span><\/td>\n<\/tr>\n<tr style=\"height: 51.00pt;\">\n<td class=\"et2\" style=\"height: 51.00pt; width: 167.25pt;\" width=\"223\" height=\"68\">Produktname<\/td>\n<td class=\"et3\" style=\"width: 257.25pt;\" width=\"343\"><span class=\"font2\">Metall-Stanzwerkzeug\/Form<\/span><\/td>\n<\/tr>\n<tr style=\"height: 51.00pt;\">\n<td class=\"et2\" style=\"height: 51.00pt; width: 167.25pt;\" width=\"223\" height=\"68\">Toleranz<\/td>\n<td class=\"et3\" style=\"width: 257.25pt;\" width=\"343\"><span class=\"font2\">\u00b10,002mm<\/span><\/td>\n<\/tr>\n<tr style=\"height: 51.00pt;\">\n<td class=\"et2\" style=\"height: 51.00pt; width: 167.25pt;\" width=\"223\" height=\"68\">Material<\/td>\n<td class=\"et3\" style=\"width: 257.25pt;\" width=\"343\"><span class=\"font2\">SKD11, SKD 61, Cr12MOV, D2, SKH-9, RM56, ASP23 usw.<\/span><\/td>\n<\/tr>\n<tr style=\"height: 51.00pt;\">\n<td class=\"et2\" style=\"height: 51.00pt; width: 167.25pt;\" width=\"223\" height=\"68\">Entwurfssoftware<\/td>\n<td class=\"et3\" style=\"width: 257.25pt;\" width=\"343\"><span class=\"font2\">AutoCAD, Solid works, PRO\/E, UG<\/span><\/td>\n<\/tr>\n<tr style=\"height: 51.00pt;\">\n<td class=\"et2\" style=\"height: 51.00pt; width: 167.25pt;\" width=\"223\" height=\"68\">Standard<\/td>\n<td class=\"et3\" style=\"width: 257.25pt;\" width=\"343\"><span class=\"font2\">ISO9001<\/span><\/td>\n<\/tr>\n<tr style=\"height: 51.00pt;\">\n<td class=\"et2\" style=\"height: 51.00pt; width: 167.25pt;\" width=\"223\" height=\"68\">Gussform Typ<\/td>\n<td class=\"et3\" style=\"width: 257.25pt;\" width=\"343\"><span class=\"font2\">Verbundstempel, Einzelstempel, Folgeverbundstempel oder entsprechend den Anforderungen des Kunden<\/span><\/td>\n<\/tr>\n<tr style=\"height: 51.00pt;\">\n<td class=\"et2\" style=\"height: 51.00pt; width: 167.25pt;\" width=\"223\" height=\"68\">Erster Versuch<\/td>\n<td class=\"et3\" style=\"width: 257.25pt;\" width=\"343\"><span class=\"font2\">15-25 Tage nach best\u00e4tigter Formzeichnung<\/span><\/td>\n<\/tr>\n<tr style=\"height: 51.00pt;\">\n<td class=\"et4\" style=\"height: 51.00pt; width: 167.25pt;\" width=\"223\" height=\"68\">Schimmelpilz Leben<\/td>\n<td class=\"et5\" style=\"width: 257.25pt;\" width=\"343\"><span class=\"font2\">Abh\u00e4ngig von der Produktionskapazit\u00e4t des Kunden<\/span><\/td>\n<\/tr>\n<tr style=\"height: 40.50pt;\">\n<td class=\"et2\" style=\"height: 40.50pt; width: 167.25pt;\" width=\"223\" height=\"54\">Qualit\u00e4t best\u00e4tigen<\/td>\n<td class=\"et3\" style=\"width: 257.25pt;\" width=\"343\"><span class=\"font2\">Kann Streifenlayout der Matrize, Testvideo, Pr\u00fcfbescheinigung und Produktmuster senden<\/span><\/td>\n<\/tr>\n<tr style=\"height: 40.50pt;\">\n<td class=\"et2\" style=\"height: 40.50pt; width: 167.25pt;\" width=\"223\" height=\"54\">Paket<\/td>\n<td class=\"et3\" style=\"width: 257.25pt;\" width=\"343\"><span class=\"font2\">PE-Beutel und Karton f\u00fcr Produkte, Holzkiste f\u00fcr Matrize\/Form, oder nach Kundenwunsch<\/span><\/td>\n<\/tr>\n<\/tbody>\n<\/table>","protected":false},"excerpt":{"rendered":"<p>Diese kundenspezifischen 3D-KMG-Schwei\u00dfvorrichtungen wurden entwickelt, um den Pr\u00fcfprozess zu rationalisieren, die Qualit\u00e4tskontrolle und die Effizienz zu verbessern und gleichzeitig genaue Messungen der geschwei\u00dften Komponenten zu gew\u00e4hrleisten.<\/p>","protected":false},"featured_media":770,"template":"","meta":{"_seopress_robots_primary_cat":"","_seopress_titles_title":"","_seopress_titles_desc":"","_seopress_robots_index":""},"product_brand":[],"product_cat":[32],"product_tag":[],"class_list":{"0":"post-819","1":"product","2":"type-product","3":"status-publish","4":"has-post-thumbnail","6":"product_cat-cmm-holding-fixture","8":"first","9":"instock","10":"shipping-taxable","11":"product-type-simple"},"_links":{"self":[{"href":"https:\/\/www.favamill.com\/de\/wp-json\/wp\/v2\/product\/819","targetHints":{"allow":["GET"]}}],"collection":[{"href":"https:\/\/www.favamill.com\/de\/wp-json\/wp\/v2\/product"}],"about":[{"href":"https:\/\/www.favamill.com\/de\/wp-json\/wp\/v2\/types\/product"}],"wp:featuredmedia":[{"embeddable":true,"href":"https:\/\/www.favamill.com\/de\/wp-json\/wp\/v2\/media\/770"}],"wp:attachment":[{"href":"https:\/\/www.favamill.com\/de\/wp-json\/wp\/v2\/media?parent=819"}],"wp:term":[{"taxonomy":"product_brand","embeddable":true,"href":"https:\/\/www.favamill.com\/de\/wp-json\/wp\/v2\/product_brand?post=819"},{"taxonomy":"product_cat","embeddable":true,"href":"https:\/\/www.favamill.com\/de\/wp-json\/wp\/v2\/product_cat?post=819"},{"taxonomy":"product_tag","embeddable":true,"href":"https:\/\/www.favamill.com\/de\/wp-json\/wp\/v2\/product_tag?post=819"}],"curies":[{"name":"wp","href":"https:\/\/api.w.org\/{rel}","templated":true}]}}