{"id":821,"date":"2023-08-23T16:05:42","date_gmt":"2023-08-23T16:05:42","guid":{"rendered":"https:\/\/b2.favamill.com\/product\/steel-cmm-holding-fixture-for-automotive-part\/"},"modified":"2024-06-02T22:50:42","modified_gmt":"2024-06-02T22:50:42","slug":"cmm-halterung-aus-stahl-fur-automobilteile","status":"publish","type":"product","link":"https:\/\/www.favamill.com\/de\/product\/cmm-halterung-aus-stahl-fur-automobilteile\/","title":{"rendered":"Stahl Cmm Haltevorrichtung f\u00fcr Automobilteil"},"content":{"rendered":"<table style=\"border-collapse: collapse; width: 408.02pt;\" border=\"0\" width=\"544\" cellspacing=\"0\" cellpadding=\"0\">\n<tbody>\n<tr style=\"height: 48.00pt;\">\n<td class=\"et2\" style=\"height: 48.00pt; width: 152.25pt;\" width=\"203\" height=\"64\">Ma\u00dfgeschneiderte Unterst\u00fctzung<\/td>\n<td style=\"width: 255.75pt;\" width=\"341\">OEM, ODM, Software-\u00dcberarbeitung<\/td>\n<\/tr>\n<tr style=\"height: 48.00pt;\">\n<td class=\"et2\" style=\"height: 48.00pt; width: 152.25pt;\" width=\"203\" height=\"64\">Ort der Herkunft<\/td>\n<td class=\"et3\" style=\"width: 255.75pt;\" width=\"341\"><span class=\"font2\">Guangdong, China<\/span><\/td>\n<\/tr>\n<tr style=\"height: 48.00pt;\">\n<td class=\"et2\" style=\"height: 48.00pt; width: 152.25pt;\" width=\"203\" height=\"64\">Markenname<\/td>\n<td>Favimiall<\/td>\n<\/tr>\n<tr style=\"height: 48.00pt;\">\n<td class=\"et2\" style=\"height: 48.00pt; width: 152.25pt;\" width=\"203\" height=\"64\">Modellnummer<\/td>\n<td class=\"et3\" style=\"width: 255.75pt;\" width=\"341\">FV-J-01<\/td>\n<\/tr>\n<tr style=\"height: 48.00pt;\">\n<td class=\"et2\" style=\"height: 48.00pt; width: 152.25pt;\" width=\"203\" height=\"64\">Name des Produkts<\/td>\n<td class=\"et3\" style=\"width: 255.75pt;\" width=\"341\">Pr\u00fcfvorrichtung f\u00fcr Automobilteile<\/td>\n<\/tr>\n<tr style=\"height: 48.00pt;\">\n<td class=\"et2\" style=\"height: 48.00pt; width: 152.25pt;\" width=\"203\" height=\"64\">Funktion<\/td>\n<td class=\"et3\" style=\"width: 255.75pt;\" width=\"341\"><span class=\"font2\">Komponenten Pr\u00fcfen<\/span><\/td>\n<\/tr>\n<tr style=\"height: 48.00pt;\">\n<td class=\"et2\" style=\"height: 48.00pt; width: 152.25pt;\" width=\"203\" height=\"64\">Lieferfrist<\/td>\n<td class=\"et3\" style=\"width: 255.75pt;\" width=\"341\"><span class=\"font2\">30 Tage<\/span><\/td>\n<\/tr>\n<tr style=\"height: 48.00pt;\">\n<td class=\"et2\" style=\"height: 48.00pt; width: 152.25pt;\" width=\"203\" height=\"64\">MOQ<\/td>\n<td>1PC<\/td>\n<\/tr>\n<tr style=\"height: 48.00pt;\">\n<td class=\"et4\" style=\"height: 48.00pt;\" height=\"64\">Material<\/td>\n<td>Stahl<\/td>\n<\/tr>\n<tr style=\"height: 48.00pt;\">\n<td class=\"et4\" style=\"height: 48.00pt;\" height=\"64\">Typ<\/td>\n<td>Auto-Tester<\/td>\n<\/tr>\n<\/tbody>\n<\/table>","protected":false},"excerpt":{"rendered":"<p>Insgesamt bieten unsere KMG-Aufnahmevorrichtungen aus Stahl f\u00fcr Automobilteile eine hohe Genauigkeit, eine robuste Konstruktion, anpassbare Designs und andere Merkmale, um pr\u00e4zise Messungen w\u00e4hrend der Pr\u00fcfprozesse zu erm\u00f6glichen.<\/p>","protected":false},"featured_media":783,"template":"","meta":{"_seopress_robots_primary_cat":"","_seopress_titles_title":"","_seopress_titles_desc":"","_seopress_robots_index":""},"product_brand":[],"product_cat":[32],"product_tag":[],"class_list":{"0":"post-821","1":"product","2":"type-product","3":"status-publish","4":"has-post-thumbnail","6":"product_cat-cmm-holding-fixture","8":"first","9":"instock","10":"shipping-taxable","11":"product-type-simple"},"_links":{"self":[{"href":"https:\/\/www.favamill.com\/de\/wp-json\/wp\/v2\/product\/821","targetHints":{"allow":["GET"]}}],"collection":[{"href":"https:\/\/www.favamill.com\/de\/wp-json\/wp\/v2\/product"}],"about":[{"href":"https:\/\/www.favamill.com\/de\/wp-json\/wp\/v2\/types\/product"}],"wp:featuredmedia":[{"embeddable":true,"href":"https:\/\/www.favamill.com\/de\/wp-json\/wp\/v2\/media\/783"}],"wp:attachment":[{"href":"https:\/\/www.favamill.com\/de\/wp-json\/wp\/v2\/media?parent=821"}],"wp:term":[{"taxonomy":"product_brand","embeddable":true,"href":"https:\/\/www.favamill.com\/de\/wp-json\/wp\/v2\/product_brand?post=821"},{"taxonomy":"product_cat","embeddable":true,"href":"https:\/\/www.favamill.com\/de\/wp-json\/wp\/v2\/product_cat?post=821"},{"taxonomy":"product_tag","embeddable":true,"href":"https:\/\/www.favamill.com\/de\/wp-json\/wp\/v2\/product_tag?post=821"}],"curies":[{"name":"wp","href":"https:\/\/api.w.org\/{rel}","templated":true}]}}