{"id":822,"date":"2023-08-24T18:02:04","date_gmt":"2023-08-24T18:02:04","guid":{"rendered":"https:\/\/b2.favamill.com\/product\/auto-welding-fixture-for-production-line-manufacturing\/"},"modified":"2024-06-02T22:50:42","modified_gmt":"2024-06-02T22:50:42","slug":"automatische-schweisvorrichtung-fur-die-fliesbandfertigung","status":"publish","type":"product","link":"https:\/\/www.favamill.com\/de\/product\/automatische-schweisvorrichtung-fur-die-fliesbandfertigung\/","title":{"rendered":"Autoschwei\u00dfvorrichtung f\u00fcr die Fertigungsstra\u00dfe"},"content":{"rendered":"<table style=\"height: 649px;\" border=\"0\" width=\"755\" cellspacing=\"0\" cellpadding=\"0\">\n<tbody>\n<tr>\n<td class=\"et2\" width=\"203\" height=\"64\">Ma\u00dfgeschneiderte Unterst\u00fctzung<\/td>\n<td width=\"341\">OEM, ODM, Software-\u00dcberarbeitung<\/td>\n<\/tr>\n<tr>\n<td class=\"et2\" width=\"203\" height=\"64\">Ort der Herkunft<\/td>\n<td class=\"et3\" width=\"341\"><span class=\"font2\">Guangdong, China<\/span><\/td>\n<\/tr>\n<tr>\n<td class=\"et2\" width=\"203\" height=\"64\">Markenname<\/td>\n<td>Favimiall<\/td>\n<\/tr>\n<tr>\n<td class=\"et2\" width=\"203\" height=\"64\">Modellnummer<\/td>\n<td class=\"et3\" width=\"341\">FV-W-005<\/td>\n<\/tr>\n<tr>\n<td class=\"et2\" width=\"203\" height=\"64\">Name des Produkts<\/td>\n<td class=\"et3\" width=\"341\">Autoschwei\u00dfvorrichtung f\u00fcr die Fertigungsstra\u00dfe<\/td>\n<\/tr>\n<tr>\n<td class=\"et2\" width=\"203\" height=\"64\">Funktion<\/td>\n<td class=\"et3\" width=\"341\"><span class=\"font2\">Komponenten Pr\u00fcfen<\/span><\/td>\n<\/tr>\n<tr>\n<td class=\"et2\" width=\"203\" height=\"64\">Lieferfrist<\/td>\n<td class=\"et3\" width=\"341\"><span class=\"font2\">30 Tage<\/span><\/td>\n<\/tr>\n<tr>\n<td class=\"et2\" width=\"203\" height=\"64\">MOQ<\/td>\n<td>1PC<\/td>\n<\/tr>\n<tr>\n<td class=\"et4\" height=\"64\">Material<\/td>\n<td>Stahl<\/td>\n<\/tr>\n<tr>\n<td class=\"et4\" height=\"64\">Verpackung:<\/td>\n<td>Holzkiste<\/td>\n<\/tr>\n<\/tbody>\n<\/table>","protected":false},"excerpt":{"rendered":"<p>Diese Auto-Schwei\u00dfvorrichtungen spielen eine wesentliche Rolle bei der Gew\u00e4hrleistung konstanter und effektiver Schwei\u00dfprozesse in einer Fertigungslinie. Sie verbessern die Effizienz, verringern Fehler und verbessern die Gesamtleistung von schwei\u00dfbaren Komponenten.<\/p>","protected":false},"featured_media":790,"template":"","meta":{"_seopress_robots_primary_cat":"","_seopress_titles_title":"","_seopress_titles_desc":"","_seopress_robots_index":""},"product_brand":[],"product_cat":[25],"product_tag":[],"class_list":{"0":"post-822","1":"product","2":"type-product","3":"status-publish","4":"has-post-thumbnail","6":"product_cat-welding-fixture","8":"first","9":"instock","10":"shipping-taxable","11":"product-type-simple"},"_links":{"self":[{"href":"https:\/\/www.favamill.com\/de\/wp-json\/wp\/v2\/product\/822","targetHints":{"allow":["GET"]}}],"collection":[{"href":"https:\/\/www.favamill.com\/de\/wp-json\/wp\/v2\/product"}],"about":[{"href":"https:\/\/www.favamill.com\/de\/wp-json\/wp\/v2\/types\/product"}],"wp:featuredmedia":[{"embeddable":true,"href":"https:\/\/www.favamill.com\/de\/wp-json\/wp\/v2\/media\/790"}],"wp:attachment":[{"href":"https:\/\/www.favamill.com\/de\/wp-json\/wp\/v2\/media?parent=822"}],"wp:term":[{"taxonomy":"product_brand","embeddable":true,"href":"https:\/\/www.favamill.com\/de\/wp-json\/wp\/v2\/product_brand?post=822"},{"taxonomy":"product_cat","embeddable":true,"href":"https:\/\/www.favamill.com\/de\/wp-json\/wp\/v2\/product_cat?post=822"},{"taxonomy":"product_tag","embeddable":true,"href":"https:\/\/www.favamill.com\/de\/wp-json\/wp\/v2\/product_tag?post=822"}],"curies":[{"name":"wp","href":"https:\/\/api.w.org\/{rel}","templated":true}]}}