{"id":823,"date":"2023-08-30T14:59:47","date_gmt":"2023-08-30T14:59:47","guid":{"rendered":"https:\/\/b2.favamill.com\/product\/0-01mm-electronic-micrometer-0-00005-electronic-digital-dial-indicator\/"},"modified":"2024-06-02T22:50:42","modified_gmt":"2024-06-02T22:50:42","slug":"0-01mm-elektronische-messschraube-0-00005-elektronische-digitale-messuhr","status":"publish","type":"product","link":"https:\/\/www.favamill.com\/de\/product\/0-01mm-elektronische-messschraube-0-00005-elektronische-digitale-messuhr\/","title":{"rendered":"Elektronisches Mikrometer 0,01 mm Elektronische digitale Messuhr 0,00005"},"content":{"rendered":"<table style=\"border-collapse: collapse; width: 600.02pt;\" border=\"0\" width=\"800\" cellspacing=\"0\" cellpadding=\"0\">\n<tbody>\n<tr style=\"height: 36.00pt;\">\n<td style=\"height: 36.00pt; width: 300.00pt;\" width=\"400\" height=\"48\">Garantie<\/td>\n<td style=\"width: 300.00pt;\" width=\"400\">3 Jahre<\/td>\n<\/tr>\n<tr style=\"height: 36.00pt;\">\n<td style=\"height: 36.00pt;\" height=\"48\">Ort der Herkunft<\/td>\n<td>Shenzhen, China<\/td>\n<\/tr>\n<tr style=\"height: 36.00pt;\">\n<td style=\"height: 36.00pt;\" height=\"48\">Ma\u00dfgeschneiderte Unterst\u00fctzung<\/td>\n<td>OEM, ODM, OBM<\/td>\n<\/tr>\n<tr style=\"height: 36.00pt;\">\n<td style=\"height: 36.00pt;\" height=\"48\">Markenname<\/td>\n<td>Favamill<\/td>\n<\/tr>\n<tr style=\"height: 36.00pt;\">\n<td style=\"height: 36.00pt;\" height=\"48\">Modellnummer<\/td>\n<td>FS-01<\/td>\n<\/tr>\n<tr style=\"height: 36.00pt;\">\n<td style=\"height: 36.00pt;\" height=\"48\">Name des Produkts<\/td>\n<td>Digitales Anzeigeger\u00e4t<\/td>\n<\/tr>\n<tr style=\"height: 36.00pt;\">\n<td style=\"height: 36.00pt;\" height=\"48\">Messbereich<\/td>\n<td>0-12,7mm\/0-25,4mm<\/td>\n<\/tr>\n<tr style=\"height: 36.00pt;\">\n<td style=\"height: 36.00pt;\" height=\"48\">Anzeige<\/td>\n<td>LCD-Bildschirm<\/td>\n<\/tr>\n<tr style=\"height: 36.00pt;\">\n<td class=\"et2\" style=\"height: 36.00pt;\" colspan=\"2\" height=\"48\">Verpackung und Lieferung<\/td>\n<\/tr>\n<tr style=\"height: 36.00pt;\">\n<td style=\"height: 36.00pt;\" height=\"48\">Verkaufen von Einheiten:<\/td>\n<td>Einzelnes Element<\/td>\n<\/tr>\n<tr style=\"height: 36.00pt;\">\n<td style=\"height: 36.00pt;\" height=\"48\">Gr\u00f6\u00dfe der Einzelverpackung:<\/td>\n<td>20X10X7 cm<\/td>\n<\/tr>\n<tr style=\"height: 36.00pt;\">\n<td style=\"height: 36.00pt;\" height=\"48\">Einfaches Bruttogewicht:<\/td>\n<td>0,300 kg<\/td>\n<\/tr>\n<tr style=\"height: 36.00pt;\">\n<td style=\"height: 36.00pt;\" height=\"48\">Verpackungsart:<\/td>\n<td>Standardverpackung<\/td>\n<\/tr>\n<\/tbody>\n<\/table>\n<p><a href=\"https:\/\/favamill.com\/wp-content\/uploads\/2024\/06\/Electronic-Digital-Dial-Indicator12.jpg\"><img loading=\"lazy\" decoding=\"async\" class=\"alignnone wp-image-2094 size-full\" src=\"https:\/\/favamill.com\/wp-content\/uploads\/2024\/06\/Electronic-Digital-Dial-Indicator12.jpg\" alt=\"Elektronische digitale Messuhr\" width=\"800\" height=\"800\" \/><\/a><\/p>","protected":false},"excerpt":{"rendered":"<p>Die elektronische B\u00fcgelmessschraube 0,01 mm und die elektronische digitale Messuhr 0,00005 bieten hochpr\u00e4zise Messungen mit einer Genauigkeit von 0,01 mm f\u00fcr B\u00fcgelmessschrauben und 0,00005 Zoll f\u00fcr digitale Messuhren.<\/p>","protected":false},"featured_media":797,"template":"","meta":{"_seopress_robots_primary_cat":"","_seopress_titles_title":"","_seopress_titles_desc":"","_seopress_robots_index":""},"product_brand":[],"product_cat":[33],"product_tag":[],"class_list":{"0":"post-823","1":"product","2":"type-product","3":"status-publish","4":"has-post-thumbnail","6":"product_cat-standard-parts-components","8":"first","9":"instock","10":"shipping-taxable","11":"product-type-simple"},"_links":{"self":[{"href":"https:\/\/www.favamill.com\/de\/wp-json\/wp\/v2\/product\/823","targetHints":{"allow":["GET"]}}],"collection":[{"href":"https:\/\/www.favamill.com\/de\/wp-json\/wp\/v2\/product"}],"about":[{"href":"https:\/\/www.favamill.com\/de\/wp-json\/wp\/v2\/types\/product"}],"wp:featuredmedia":[{"embeddable":true,"href":"https:\/\/www.favamill.com\/de\/wp-json\/wp\/v2\/media\/797"}],"wp:attachment":[{"href":"https:\/\/www.favamill.com\/de\/wp-json\/wp\/v2\/media?parent=823"}],"wp:term":[{"taxonomy":"product_brand","embeddable":true,"href":"https:\/\/www.favamill.com\/de\/wp-json\/wp\/v2\/product_brand?post=823"},{"taxonomy":"product_cat","embeddable":true,"href":"https:\/\/www.favamill.com\/de\/wp-json\/wp\/v2\/product_cat?post=823"},{"taxonomy":"product_tag","embeddable":true,"href":"https:\/\/www.favamill.com\/de\/wp-json\/wp\/v2\/product_tag?post=823"}],"curies":[{"name":"wp","href":"https:\/\/api.w.org\/{rel}","templated":true}]}}