{"id":831,"date":"2023-08-30T17:00:05","date_gmt":"2023-08-30T17:00:05","guid":{"rendered":"https:\/\/b2.favamill.com\/product\/car-sunroof-checking-fixture\/"},"modified":"2024-06-02T22:50:43","modified_gmt":"2024-06-02T22:50:43","slug":"autoschiebedach-kontrollvorrichtung","status":"publish","type":"product","link":"https:\/\/www.favamill.com\/de\/product\/autoschiebedach-kontrollvorrichtung\/","title":{"rendered":"Auto-Sonnendach-Kontrollvorrichtung"},"content":{"rendered":"<table border=\"1\" cellspacing=\"1\" cellpadding=\"1\">\n<tbody>\n<tr>\n<td>Materia<\/td>\n<td>Aluminium, Kupfer und Epoxidharz<\/td>\n<\/tr>\n<tr>\n<td>Genauigkeit<\/td>\n<td>0,005-0,1 mm oder nach Ihren W\u00fcnschen<\/td>\n<\/tr>\n<tr>\n<td>Ausr\u00fcstung f\u00fcr die Bearbeitung<\/td>\n<td>CNC,EDM,Argie Charmilles,Fr\u00e4smaschine,3DCMM,Projektor,HG,Spritzgussmaschine<\/td>\n<\/tr>\n<tr>\n<td>Farbe<\/td>\n<td>Eloxiert, aluminiumfarben, schwarz oder einzelne Teile k\u00f6nnen auf Kundenwunsch angepasst werden<\/td>\n<\/tr>\n<tr>\n<td>Oberfl\u00e4chenbearbeitung<\/td>\n<td>Eloxierte Oxidation, galvanische Behandlung, schwarz, etc.<\/td>\n<\/tr>\n<tr>\n<td>Oberfl\u00e4che<\/td>\n<td>Sandstrahlen, W\u00e4rmebehandlung, etc.<\/td>\n<\/tr>\n<tr>\n<td>Logo-Methode<\/td>\n<td>Lasergravur, CNC-Gravur<\/td>\n<\/tr>\n<tr>\n<td>Anmeldung<\/td>\n<td>Hersteller von Autoteilen und Autofabriken<\/td>\n<\/tr>\n<tr>\n<td>Pr\u00fcfeinrichtung<\/td>\n<td>Drei Koordinatenmessger\u00e4te, Mikrometer, Messschieber<\/td>\n<\/tr>\n<tr>\n<td>Verpackung<\/td>\n<td>Holzkiste oder auf Ihre Anfrage<\/td>\n<\/tr>\n<tr>\n<td>L\u00e4ufer<\/td>\n<td>Hei\u00dfer L\u00e4ufer<\/td>\n<\/tr>\n<tr>\n<td>Lieferung<\/td>\n<td>30-35 Arbeitstage nach Erhalt der Anzahlung oder Zahlung<\/td>\n<\/tr>\n<tr>\n<td>Zahlungsfrist<\/td>\n<td>Die erste Lieferung betr\u00e4gt 50%, die Lieferung nach Erhalt 40%, und 10% Kunden drei Monate nach Erhalt<\/td>\n<\/tr>\n<tr>\n<td>Software<\/td>\n<td>UG<\/td>\n<\/tr>\n<tr>\n<td>Qualit\u00e4tssicherung<\/td>\n<td>ISO9001:2018<\/td>\n<\/tr>\n<tr>\n<td>Zeichnung Format<\/td>\n<td>JPEG,PDF,DWG,DXF,IGS,STEP<\/td>\n<\/tr>\n<\/tbody>\n<\/table>","protected":false},"excerpt":{"rendered":"<p>Die Pr\u00fcfvorrichtung kann leicht eingestellt und angepasst werden, um verschiedene Modelle und Variationen von Schiebedachkomponenten f\u00fcr Kraftfahrzeuge aufzunehmen, was die Flexibilit\u00e4t in den Produktionslinien der Automobilindustrie erh\u00f6ht.<\/p>","protected":false},"featured_media":832,"template":"","meta":{"_seopress_robots_primary_cat":"","_seopress_titles_title":"","_seopress_titles_desc":"","_seopress_robots_index":""},"product_brand":[],"product_cat":[21,23],"product_tag":[],"class_list":{"0":"post-831","1":"product","2":"type-product","3":"status-publish","4":"has-post-thumbnail","6":"product_cat-checking-fixture","7":"product_cat-sheet-metal-checking-fixture","9":"first","10":"instock","11":"shipping-taxable","12":"product-type-simple"},"_links":{"self":[{"href":"https:\/\/www.favamill.com\/de\/wp-json\/wp\/v2\/product\/831","targetHints":{"allow":["GET"]}}],"collection":[{"href":"https:\/\/www.favamill.com\/de\/wp-json\/wp\/v2\/product"}],"about":[{"href":"https:\/\/www.favamill.com\/de\/wp-json\/wp\/v2\/types\/product"}],"wp:featuredmedia":[{"embeddable":true,"href":"https:\/\/www.favamill.com\/de\/wp-json\/wp\/v2\/media\/832"}],"wp:attachment":[{"href":"https:\/\/www.favamill.com\/de\/wp-json\/wp\/v2\/media?parent=831"}],"wp:term":[{"taxonomy":"product_brand","embeddable":true,"href":"https:\/\/www.favamill.com\/de\/wp-json\/wp\/v2\/product_brand?post=831"},{"taxonomy":"product_cat","embeddable":true,"href":"https:\/\/www.favamill.com\/de\/wp-json\/wp\/v2\/product_cat?post=831"},{"taxonomy":"product_tag","embeddable":true,"href":"https:\/\/www.favamill.com\/de\/wp-json\/wp\/v2\/product_tag?post=831"}],"curies":[{"name":"wp","href":"https:\/\/api.w.org\/{rel}","templated":true}]}}