{"id":1220,"date":"2024-06-08T07:24:22","date_gmt":"2024-06-08T07:24:22","guid":{"rendered":"https:\/\/favamill.com\/?post_type=product&#038;p=1220"},"modified":"2024-06-08T07:24:23","modified_gmt":"2024-06-08T07:24:23","slug":"jauges-de-mesure-de-serrage-pour-lautomobile","status":"publish","type":"product","link":"https:\/\/www.favamill.com\/fr\/product\/jauges-de-mesure-de-serrage-pour-lautomobile\/","title":{"rendered":"Jauges de mesure de serrage pour l'automobile"},"content":{"rendered":"<table width=\"765\">\n<tbody>\n<tr>\n<td width=\"309\">Marque<\/td>\n<td width=\"456\">Favamill<\/td>\n<\/tr>\n<tr>\n<td width=\"309\">Usinage CNC ou non<\/td>\n<td width=\"456\">Usinage CNC<\/td>\n<\/tr>\n<tr>\n<td width=\"309\">Capacit\u00e9s mat\u00e9rielles<\/td>\n<td width=\"456\">Aluminium, Laiton, Bronze, Cuivre, M\u00e9taux tremp\u00e9s, M\u00e9taux pr\u00e9cieux, Acier inoxydable, Alliages d'acier<\/td>\n<\/tr>\n<tr>\n<td width=\"309\">Lieu d'origine<\/td>\n<td width=\"456\">Shenzhen Chine<\/td>\n<\/tr>\n<tr>\n<td width=\"309\">Technologie de transformation<\/td>\n<td width=\"456\">Brochage, per\u00e7age, gravure \/ usinage chimique, usinage au laser, fraisage, autres services d'usinage, tournage, \u00e9lectro\u00e9rosion \u00e0 fil, prototypage rapide<\/td>\n<\/tr>\n<tr>\n<td width=\"309\">Micro-usinage ou non<\/td>\n<td width=\"456\">Micro-usinage<\/td>\n<\/tr>\n<tr>\n<td width=\"309\">D\u00e9tails de l'emballage<\/td>\n<td width=\"456\">Emballage en carton<\/td>\n<\/tr>\n<tr>\n<td width=\"309\">Unit\u00e9s de vente :<\/td>\n<td width=\"456\">Article unique<\/td>\n<\/tr>\n<tr>\n<td width=\"309\">Taille de l'emballage unique :<\/td>\n<td width=\"456\">30X30X30 cm<\/td>\n<\/tr>\n<tr>\n<td width=\"309\">Poids brut unique :<\/td>\n<td width=\"456\">1.000 kg<\/td>\n<\/tr>\n<\/tbody>\n<\/table>","protected":false},"excerpt":{"rendered":"<p>1. M\u00e9canismes de serrage polyvalents<\/p>\n<p>2. Conception ajustable<\/p>\n<p>3. \u00c9chelles de mesure int\u00e9gr\u00e9es<\/p>\n<p>4. Haute pr\u00e9cision<\/p>\n<p>5. Construction durable<\/p>","protected":false},"featured_media":1225,"template":"","meta":{"_seopress_robots_primary_cat":"","_seopress_titles_title":"","_seopress_titles_desc":"","_seopress_robots_index":""},"product_brand":[],"product_cat":[30],"product_tag":[],"class_list":{"0":"post-1220","1":"product","2":"type-product","3":"status-publish","4":"has-post-thumbnail","6":"product_cat-jigs-gages","8":"first","9":"instock","10":"shipping-taxable","11":"product-type-simple"},"_links":{"self":[{"href":"https:\/\/www.favamill.com\/fr\/wp-json\/wp\/v2\/product\/1220","targetHints":{"allow":["GET"]}}],"collection":[{"href":"https:\/\/www.favamill.com\/fr\/wp-json\/wp\/v2\/product"}],"about":[{"href":"https:\/\/www.favamill.com\/fr\/wp-json\/wp\/v2\/types\/product"}],"wp:featuredmedia":[{"embeddable":true,"href":"https:\/\/www.favamill.com\/fr\/wp-json\/wp\/v2\/media\/1225"}],"wp:attachment":[{"href":"https:\/\/www.favamill.com\/fr\/wp-json\/wp\/v2\/media?parent=1220"}],"wp:term":[{"taxonomy":"product_brand","embeddable":true,"href":"https:\/\/www.favamill.com\/fr\/wp-json\/wp\/v2\/product_brand?post=1220"},{"taxonomy":"product_cat","embeddable":true,"href":"https:\/\/www.favamill.com\/fr\/wp-json\/wp\/v2\/product_cat?post=1220"},{"taxonomy":"product_tag","embeddable":true,"href":"https:\/\/www.favamill.com\/fr\/wp-json\/wp\/v2\/product_tag?post=1220"}],"curies":[{"name":"wp","href":"https:\/\/api.w.org\/{rel}","templated":true}]}}