{"id":1268,"date":"2024-10-19T15:40:16","date_gmt":"2024-10-19T15:40:16","guid":{"rendered":"https:\/\/favamill.com\/?post_type=product&#038;p=1268"},"modified":"2024-10-19T15:40:17","modified_gmt":"2024-10-19T15:40:17","slug":"ligne-de-soudage-efficace-de-carrosseries-de-voitures-gabarits-de-soudage","status":"publish","type":"product","link":"https:\/\/www.favamill.com\/fr\/product\/ligne-de-soudage-efficace-de-carrosseries-de-voitures-gabarits-de-soudage\/","title":{"rendered":"Ligne de soudage efficace pour carrosseries de voitures Gabarits de soudage"},"content":{"rendered":"<table style=\"border-collapse: collapse; width: 449.27pt;\" border=\"0\" width=\"599\" cellspacing=\"0\" cellpadding=\"0\">\n<tbody>\n<tr style=\"height: 32.00pt;\">\n<td class=\"et2\" style=\"height: 32.00pt; width: 178.50pt;\" width=\"238\" height=\"42\">Mod\u00e8le NO.<\/td>\n<td class=\"et3\" style=\"width: 270.75pt;\" width=\"361\">FVIC-3100<\/td>\n<\/tr>\n<tr style=\"height: 32.00pt;\">\n<td class=\"et2\" style=\"height: 32.00pt;\" height=\"42\">Distance d'excentricit\u00e9 maximale<\/td>\n<td class=\"et3\" style=\"width: 270.75pt;\" width=\"361\">100mm<\/td>\n<\/tr>\n<tr style=\"height: 33.00pt;\">\n<td class=\"et2\" style=\"height: 33.00pt;\" height=\"44\">Angle d'inclinaison<\/td>\n<td class=\"et3\" style=\"width: 270.75pt;\" width=\"361\">0-90\u00b0<\/td>\n<\/tr>\n<tr style=\"height: 32.00pt;\">\n<td class=\"et2\" style=\"height: 32.00pt;\" height=\"42\">Tension<\/td>\n<td class=\"et3\" style=\"width: 270.75pt;\" width=\"361\">110V\/220V<\/td>\n<\/tr>\n<tr style=\"height: 32.00pt;\">\n<td class=\"et3\" style=\"height: 32.00pt; width: 178.50pt;\" width=\"238\" height=\"42\">Rouleaux de soudage et de tournage Type<\/td>\n<td class=\"et3\" style=\"width: 270.75pt;\" width=\"361\">R\u00e9glable<\/td>\n<\/tr>\n<tr style=\"height: 32.00pt;\">\n<td class=\"et2\" style=\"height: 32.00pt;\" height=\"42\">Type de bascule de soudage<\/td>\n<td class=\"et3\" style=\"width: 270.75pt;\" width=\"361\">Combinaison flexible<\/td>\n<\/tr>\n<tr style=\"height: 32.00pt;\">\n<td class=\"et2\" style=\"height: 32.00pt;\" height=\"42\">Condition<\/td>\n<td class=\"et3\" style=\"width: 270.75pt;\" width=\"361\">Nouveau<\/td>\n<\/tr>\n<tr style=\"height: 32.00pt;\">\n<td class=\"et2\" style=\"height: 32.00pt;\" height=\"42\">Pr\u00e9cision<\/td>\n<td class=\"et3\" style=\"width: 270.75pt;\" width=\"361\">0,0,2 mm<\/td>\n<\/tr>\n<tr style=\"height: 32.00pt;\">\n<td class=\"et2\" style=\"height: 32.00pt;\" height=\"42\">Bloc de positionnement<\/td>\n<td class=\"et3\" style=\"width: 270.75pt;\" width=\"361\">45 Acier<\/td>\n<\/tr>\n<tr style=\"height: 32.00pt;\">\n<td class=\"et2\" style=\"height: 32.00pt;\" height=\"42\">Conception<\/td>\n<td class=\"et3\" style=\"width: 270.75pt;\" width=\"361\">Sur mesure<\/td>\n<\/tr>\n<tr style=\"height: 32.00pt;\">\n<td class=\"et2\" style=\"height: 32.00pt;\" height=\"42\">Exp\u00e9dition<\/td>\n<td class=\"et3\" style=\"width: 270.75pt;\" width=\"361\">Par mer<\/td>\n<\/tr>\n<tr style=\"height: 32.00pt;\">\n<td class=\"et2\" style=\"height: 32.00pt;\" height=\"42\">Paquet de transport<\/td>\n<td class=\"et3\" style=\"width: 270.75pt;\" width=\"361\">Emballage en bois<\/td>\n<\/tr>\n<tr style=\"height: 32.00pt;\">\n<td class=\"et2\" style=\"height: 32.00pt;\" height=\"42\">Sp\u00e9cifications<\/td>\n<td class=\"et3\" style=\"width: 270.75pt;\" width=\"361\">Sur mesure<\/td>\n<\/tr>\n<tr style=\"height: 32.00pt;\">\n<td class=\"et2\" style=\"height: 32.00pt;\" height=\"42\">Marque d\u00e9pos\u00e9e<\/td>\n<td class=\"et3\" style=\"width: 270.75pt;\" width=\"361\">Favamill<\/td>\n<\/tr>\n<tr style=\"height: 32.00pt;\">\n<td class=\"et2\" style=\"height: 32.00pt;\" height=\"42\">Origine<\/td>\n<td class=\"et3\" style=\"width: 270.75pt;\" width=\"361\">Shenzhen Chine<\/td>\n<\/tr>\n<tr style=\"height: 32.00pt;\">\n<td class=\"et2\" style=\"height: 32.00pt;\" height=\"42\">Capacit\u00e9 de production<\/td>\n<td class=\"et3\" style=\"width: 270.75pt;\" width=\"361\">2000sets\/an<\/td>\n<\/tr>\n<\/tbody>\n<\/table>","protected":false},"excerpt":{"rendered":"<p>Les gabarits de soudage efficaces pour la ligne de soudage de carrosseries sont con\u00e7us pour la pr\u00e9cision et la rapidit\u00e9, avec des fixations r\u00e9glables pour diff\u00e9rents mod\u00e8les de v\u00e9hicules et des mesures de s\u00e9curit\u00e9 int\u00e9gr\u00e9es pour garantir un environnement de travail s\u00fbr, am\u00e9liorant ainsi l'efficacit\u00e9 globale de la production dans le domaine de l'assemblage automobile.<\/p>","protected":false},"featured_media":1275,"template":"","meta":{"_seopress_robots_primary_cat":"","_seopress_titles_title":"","_seopress_titles_desc":"","_seopress_robots_index":""},"product_brand":[],"product_cat":[25],"product_tag":[],"class_list":{"0":"post-1268","1":"product","2":"type-product","3":"status-publish","4":"has-post-thumbnail","6":"product_cat-welding-fixture","8":"first","9":"instock","10":"shipping-taxable","11":"product-type-simple"},"_links":{"self":[{"href":"https:\/\/www.favamill.com\/fr\/wp-json\/wp\/v2\/product\/1268","targetHints":{"allow":["GET"]}}],"collection":[{"href":"https:\/\/www.favamill.com\/fr\/wp-json\/wp\/v2\/product"}],"about":[{"href":"https:\/\/www.favamill.com\/fr\/wp-json\/wp\/v2\/types\/product"}],"wp:featuredmedia":[{"embeddable":true,"href":"https:\/\/www.favamill.com\/fr\/wp-json\/wp\/v2\/media\/1275"}],"wp:attachment":[{"href":"https:\/\/www.favamill.com\/fr\/wp-json\/wp\/v2\/media?parent=1268"}],"wp:term":[{"taxonomy":"product_brand","embeddable":true,"href":"https:\/\/www.favamill.com\/fr\/wp-json\/wp\/v2\/product_brand?post=1268"},{"taxonomy":"product_cat","embeddable":true,"href":"https:\/\/www.favamill.com\/fr\/wp-json\/wp\/v2\/product_cat?post=1268"},{"taxonomy":"product_tag","embeddable":true,"href":"https:\/\/www.favamill.com\/fr\/wp-json\/wp\/v2\/product_tag?post=1268"}],"curies":[{"name":"wp","href":"https:\/\/api.w.org\/{rel}","templated":true}]}}