{"id":1295,"date":"2024-10-20T20:43:16","date_gmt":"2024-10-20T20:43:16","guid":{"rendered":"https:\/\/favamill.com\/?post_type=product&#038;p=1295"},"modified":"2024-10-20T20:43:17","modified_gmt":"2024-10-20T20:43:17","slug":"moyen-de-controle-cmm-sur-mesure-pour-les-pieces-automobiles","status":"publish","type":"product","link":"https:\/\/www.favamill.com\/fr\/product\/moyen-de-controle-cmm-sur-mesure-pour-les-pieces-automobiles\/","title":{"rendered":"Dispositif de contr\u00f4le de la tenue d'une MMT sur mesure pour pi\u00e8ces automobiles"},"content":{"rendered":"<table style=\"border-collapse: collapse; width: 449.27pt;\" border=\"0\" width=\"599\" cellspacing=\"0\" cellpadding=\"0\">\n<tbody>\n<tr style=\"height: 32.00pt;\">\n<td class=\"et4\" style=\"height: 32.00pt; width: 178.50pt;\" width=\"238\" height=\"42\">Mod\u00e8le NO.<\/td>\n<td class=\"et4\" style=\"width: 270.75pt;\" width=\"361\">Facmm-068<\/td>\n<\/tr>\n<tr style=\"height: 74.00pt;\">\n<td class=\"et4\" style=\"height: 74.00pt; width: 178.50pt;\" width=\"238\" height=\"98\">Application<\/td>\n<td class=\"et4\" style=\"width: 270.75pt;\" width=\"361\">Industrie automobile, \u00e9quipements et composants industriels, \u00e9clairage, m\u00e9dical, \u00e9quipements de t\u00e9l\u00e9communications, \u00e9quipements a\u00e9rospatiaux<\/td>\n<\/tr>\n<tr style=\"height: 32.00pt;\">\n<td class=\"et4\" style=\"height: 32.00pt; width: 178.50pt;\" width=\"238\" height=\"42\">Certification<\/td>\n<td class=\"et4\" style=\"width: 270.75pt;\" width=\"361\">ISO<\/td>\n<\/tr>\n<tr style=\"height: 32.00pt;\">\n<td class=\"et4\" style=\"height: 32.00pt; width: 178.50pt;\" width=\"238\" height=\"42\">Standard<\/td>\n<td class=\"et4\" style=\"width: 270.75pt;\" width=\"361\">M\u00e9trique<\/td>\n<\/tr>\n<tr style=\"height: 32.00pt;\">\n<td class=\"et4\" style=\"height: 32.00pt; width: 178.50pt;\" width=\"238\" height=\"42\">Sur mesure<\/td>\n<td class=\"et4\" style=\"width: 270.75pt;\" width=\"361\">Oui<\/td>\n<\/tr>\n<tr style=\"height: 32.00pt;\">\n<td class=\"et4\" style=\"height: 32.00pt; width: 178.50pt;\" width=\"238\" height=\"42\">Goupilles de rep\u00e9rage (taille)<\/td>\n<td class=\"et4\" style=\"width: 270.75pt;\" width=\"361\">+ 0,00 mm \/ -0,02 mm<\/td>\n<\/tr>\n<tr style=\"height: 32.00pt;\">\n<td class=\"et4\" style=\"height: 32.00pt; width: 178.50pt;\" width=\"238\" height=\"42\">Goupilles (taille)<\/td>\n<td class=\"et4\" style=\"width: 270.75pt;\" width=\"361\">+ 0,00 mm \/ - 0,02 mm<\/td>\n<\/tr>\n<tr style=\"height: 33.00pt;\">\n<td class=\"et4\" style=\"height: 33.00pt; width: 178.50pt;\" width=\"238\" height=\"44\">Pointes anti-d\u00e9marrage (taille)<\/td>\n<td class=\"et4\" style=\"width: 270.75pt;\" width=\"361\">+ 0,02 mm \/ - 0,00 mm<\/td>\n<\/tr>\n<tr style=\"height: 32.00pt;\">\n<td class=\"et4\" style=\"height: 32.00pt; width: 178.50pt;\" width=\"238\" height=\"42\">Certification par un tiers<\/td>\n<td class=\"et4\" style=\"width: 270.75pt;\" width=\"361\">Oui<\/td>\n<\/tr>\n<tr style=\"height: 32.00pt;\">\n<td class=\"et4\" style=\"height: 32.00pt; width: 178.50pt;\" width=\"238\" height=\"42\">Paquet de transport<\/td>\n<td class=\"et4\" style=\"width: 270.75pt;\" width=\"361\">Caisse et palette en bois poly\u00e9thyl\u00e8ne<\/td>\n<\/tr>\n<tr style=\"height: 32.00pt;\">\n<td class=\"et4\" style=\"height: 32.00pt; width: 178.50pt;\" width=\"238\" height=\"42\">Sp\u00e9cifications<\/td>\n<td class=\"et4\" style=\"width: 270.75pt;\" width=\"361\">Aluminium et acier<\/td>\n<\/tr>\n<tr style=\"height: 32.00pt;\">\n<td class=\"et4\" style=\"height: 32.00pt; width: 178.50pt;\" width=\"238\" height=\"42\">Marque d\u00e9pos\u00e9e<\/td>\n<td class=\"et4\" style=\"width: 270.75pt;\" width=\"361\">Gagnant Gagnant Fixture<\/td>\n<\/tr>\n<tr style=\"height: 32.00pt;\">\n<td class=\"et4\" style=\"height: 32.00pt; width: 178.50pt;\" width=\"238\" height=\"42\">Origine<\/td>\n<td class=\"et4\" style=\"width: 270.75pt;\" width=\"361\">Shenzhen Chine<\/td>\n<\/tr>\n<\/tbody>\n<\/table>","protected":false},"excerpt":{"rendered":"<p>Le moyen de contr\u00f4le personnalis\u00e9 se caract\u00e9rise par des composants con\u00e7us avec pr\u00e9cision pour des mesures exactes, une construction robuste pour la durabilit\u00e9, une conception ajustable pour diff\u00e9rentes tailles de pi\u00e8ces, une int\u00e9gration facile avec les machines \u00e0 mesurer tridimensionnelles (MMT) et une configuration conviviale pour des processus d'inspection efficaces, garantissant un contr\u00f4le de haute qualit\u00e9 dans la fabrication automobile.<\/p>","protected":false},"featured_media":1303,"template":"","meta":{"_seopress_robots_primary_cat":"","_seopress_titles_title":"","_seopress_titles_desc":"","_seopress_robots_index":""},"product_brand":[],"product_cat":[32],"product_tag":[],"class_list":{"0":"post-1295","1":"product","2":"type-product","3":"status-publish","4":"has-post-thumbnail","6":"product_cat-cmm-holding-fixture","8":"first","9":"instock","10":"shipping-taxable","11":"product-type-simple"},"_links":{"self":[{"href":"https:\/\/www.favamill.com\/fr\/wp-json\/wp\/v2\/product\/1295","targetHints":{"allow":["GET"]}}],"collection":[{"href":"https:\/\/www.favamill.com\/fr\/wp-json\/wp\/v2\/product"}],"about":[{"href":"https:\/\/www.favamill.com\/fr\/wp-json\/wp\/v2\/types\/product"}],"wp:featuredmedia":[{"embeddable":true,"href":"https:\/\/www.favamill.com\/fr\/wp-json\/wp\/v2\/media\/1303"}],"wp:attachment":[{"href":"https:\/\/www.favamill.com\/fr\/wp-json\/wp\/v2\/media?parent=1295"}],"wp:term":[{"taxonomy":"product_brand","embeddable":true,"href":"https:\/\/www.favamill.com\/fr\/wp-json\/wp\/v2\/product_brand?post=1295"},{"taxonomy":"product_cat","embeddable":true,"href":"https:\/\/www.favamill.com\/fr\/wp-json\/wp\/v2\/product_cat?post=1295"},{"taxonomy":"product_tag","embeddable":true,"href":"https:\/\/www.favamill.com\/fr\/wp-json\/wp\/v2\/product_tag?post=1295"}],"curies":[{"name":"wp","href":"https:\/\/api.w.org\/{rel}","templated":true}]}}