{"id":1306,"date":"2024-10-20T20:54:05","date_gmt":"2024-10-20T20:54:05","guid":{"rendered":"https:\/\/favamill.com\/?post_type=product&#038;p=1306"},"modified":"2024-10-20T20:54:06","modified_gmt":"2024-10-20T20:54:06","slug":"fixation-superieure-en-aluminium-fixation-cmm-du-cadre-de-la-lucarne-de-lautomobile","status":"publish","type":"product","link":"https:\/\/www.favamill.com\/fr\/product\/fixation-superieure-en-aluminium-fixation-cmm-du-cadre-de-la-lucarne-de-lautomobile\/","title":{"rendered":"Outil de fixation en aluminium sup\u00e9rieur\/outillage de mesure pour cadre de lucarne d'automobile"},"content":{"rendered":"<table style=\"border-collapse: collapse; width: 449.27pt;\" border=\"0\" width=\"599\" cellspacing=\"0\" cellpadding=\"0\">\n<tbody>\n<tr style=\"height: 32.00pt;\">\n<td class=\"et4\" style=\"height: 32.00pt; width: 178.50pt;\" width=\"238\" height=\"42\">Mod\u00e8le NO.<\/td>\n<td class=\"et4\" style=\"width: 270.75pt;\" width=\"361\">Facmm268<\/td>\n<\/tr>\n<tr style=\"height: 41.00pt;\">\n<td class=\"et4\" style=\"height: 41.00pt; width: 178.50pt;\" width=\"238\" height=\"54\">Service apr\u00e8s-vente<\/td>\n<td class=\"et4\" style=\"width: 270.75pt;\" width=\"361\">Service en ligne 7*24<\/td>\n<\/tr>\n<tr style=\"height: 32.00pt;\">\n<td class=\"et4\" style=\"height: 32.00pt; width: 178.50pt;\" width=\"238\" height=\"42\">Garantie<\/td>\n<td class=\"et4\" style=\"width: 270.75pt;\" width=\"361\">1 an<\/td>\n<\/tr>\n<tr style=\"height: 32.00pt;\">\n<td class=\"et4\" style=\"height: 32.00pt; width: 178.50pt;\" width=\"238\" height=\"42\">Mat\u00e9riau<\/td>\n<td class=\"et4\" style=\"width: 270.75pt;\" width=\"361\">Aluminium<\/td>\n<\/tr>\n<tr style=\"height: 32.00pt;\">\n<td class=\"et4\" style=\"height: 32.00pt; width: 178.50pt;\" width=\"238\" height=\"42\">Application<\/td>\n<td class=\"et4\" style=\"width: 270.75pt;\" width=\"361\">Industrie automobile, voitures, \u00e9lectronique<\/td>\n<\/tr>\n<tr style=\"height: 32.00pt;\">\n<td class=\"et4\" style=\"height: 32.00pt; width: 178.50pt;\" width=\"238\" height=\"42\">Certification<\/td>\n<td class=\"et4\" style=\"width: 270.75pt;\" width=\"361\">ISO<\/td>\n<\/tr>\n<tr style=\"height: 32.00pt;\">\n<td class=\"et4\" style=\"height: 32.00pt; width: 178.50pt;\" width=\"238\" height=\"42\">Pr\u00e9cision<\/td>\n<td class=\"et4\" style=\"width: 270.75pt;\" width=\"361\">0,005-0,1 mm ou selon votre demande<\/td>\n<\/tr>\n<tr style=\"height: 33.00pt;\">\n<td class=\"et4\" style=\"height: 33.00pt; width: 178.50pt;\" width=\"238\" height=\"44\">Couleur<\/td>\n<td class=\"et4\" style=\"width: 270.75pt;\" width=\"361\">Anodis\u00e9, couleurs aluminium, noir ou PAR individuel<\/td>\n<\/tr>\n<tr style=\"height: 64.00pt;\">\n<td class=\"et4\" style=\"height: 64.00pt; width: 178.50pt;\" width=\"238\" height=\"85\">Traitement de surface<\/td>\n<td class=\"et4\" style=\"width: 270.75pt;\" width=\"361\">Oxydation nod\u00e9e, traitement galvanique, noir<\/td>\n<\/tr>\n<tr style=\"height: 32.00pt;\">\n<td class=\"et4\" style=\"height: 32.00pt; width: 178.50pt;\" width=\"238\" height=\"42\">Finition<\/td>\n<td class=\"et4\" style=\"width: 270.75pt;\" width=\"361\">Sablage, traitement thermique, etc.<\/td>\n<\/tr>\n<tr style=\"height: 32.00pt;\">\n<td class=\"et4\" style=\"height: 32.00pt; width: 178.50pt;\" width=\"238\" height=\"42\">Logiciel<\/td>\n<td class=\"et4\" style=\"width: 270.75pt;\" width=\"361\">Autocad,Ug,Catia, Cat Part ,Prt<\/td>\n<\/tr>\n<tr style=\"height: 32.00pt;\">\n<td class=\"et4\" style=\"height: 32.00pt; width: 178.50pt;\" width=\"238\" height=\"42\">Assurance qualit\u00e9<\/td>\n<td class=\"et4\" style=\"width: 270.75pt;\" width=\"361\">ISO9001:2015<\/td>\n<\/tr>\n<tr style=\"height: 32.00pt;\">\n<td class=\"et4\" style=\"height: 32.00pt; width: 178.50pt;\" width=\"238\" height=\"42\">Format du dessin<\/td>\n<td class=\"et4\" style=\"width: 270.75pt;\" width=\"361\">JPEG,Pdf,Dwg,Dxf,Igs,Step<\/td>\n<\/tr>\n<\/tbody>\n<\/table>","protected":false},"excerpt":{"rendered":"<p>Cette fixation en aluminium\/CMM se caract\u00e9rise par une construction l\u00e9g\u00e8re mais robuste en aluminium pour une meilleure durabilit\u00e9, des capacit\u00e9s d'alignement de pr\u00e9cision pour des mesures exactes, une facilit\u00e9 d'ajustement pour s'adapter \u00e0 diff\u00e9rentes conceptions de puits de lumi\u00e8re.<\/p>","protected":false},"featured_media":1311,"template":"","meta":{"_seopress_robots_primary_cat":"","_seopress_titles_title":"","_seopress_titles_desc":"","_seopress_robots_index":""},"product_brand":[],"product_cat":[32],"product_tag":[],"class_list":{"0":"post-1306","1":"product","2":"type-product","3":"status-publish","4":"has-post-thumbnail","6":"product_cat-cmm-holding-fixture","8":"first","9":"instock","10":"shipping-taxable","11":"product-type-simple"},"_links":{"self":[{"href":"https:\/\/www.favamill.com\/fr\/wp-json\/wp\/v2\/product\/1306","targetHints":{"allow":["GET"]}}],"collection":[{"href":"https:\/\/www.favamill.com\/fr\/wp-json\/wp\/v2\/product"}],"about":[{"href":"https:\/\/www.favamill.com\/fr\/wp-json\/wp\/v2\/types\/product"}],"wp:featuredmedia":[{"embeddable":true,"href":"https:\/\/www.favamill.com\/fr\/wp-json\/wp\/v2\/media\/1311"}],"wp:attachment":[{"href":"https:\/\/www.favamill.com\/fr\/wp-json\/wp\/v2\/media?parent=1306"}],"wp:term":[{"taxonomy":"product_brand","embeddable":true,"href":"https:\/\/www.favamill.com\/fr\/wp-json\/wp\/v2\/product_brand?post=1306"},{"taxonomy":"product_cat","embeddable":true,"href":"https:\/\/www.favamill.com\/fr\/wp-json\/wp\/v2\/product_cat?post=1306"},{"taxonomy":"product_tag","embeddable":true,"href":"https:\/\/www.favamill.com\/fr\/wp-json\/wp\/v2\/product_tag?post=1306"}],"curies":[{"name":"wp","href":"https:\/\/api.w.org\/{rel}","templated":true}]}}