{"id":1313,"date":"2024-10-20T21:12:35","date_gmt":"2024-10-20T21:12:35","guid":{"rendered":"https:\/\/favamill.com\/?post_type=product&#038;p=1313"},"modified":"2024-10-20T21:13:02","modified_gmt":"2024-10-20T21:13:02","slug":"moyen-de-controle-de-haute-precision-en-aluminium-pour-lautomobile","status":"publish","type":"product","link":"https:\/\/www.favamill.com\/fr\/product\/moyen-de-controle-de-haute-precision-en-aluminium-pour-lautomobile\/","title":{"rendered":"Moyen de contr\u00f4le de haute pr\u00e9cision en aluminium pour l'industrie automobile"},"content":{"rendered":"<table width=\"599\">\n<tbody>\n<tr>\n<td width=\"238\">Mod\u00e8le NO.<\/td>\n<td width=\"361\">Facmm-5680<\/td>\n<\/tr>\n<tr>\n<td width=\"238\">Certification<\/td>\n<td width=\"361\">ISO<\/td>\n<\/tr>\n<tr>\n<td width=\"238\">Certification par un tiers<\/td>\n<td width=\"361\">Oui<\/td>\n<\/tr>\n<tr>\n<td width=\"238\">Paquet de transport<\/td>\n<td width=\"361\">Caisse et palette en bois poly\u00e9thyl\u00e8ne<\/td>\n<\/tr>\n<tr>\n<td width=\"238\">Sp\u00e9cifications<\/td>\n<td width=\"361\">Sur mesure<\/td>\n<\/tr>\n<tr>\n<td width=\"238\">Marque d\u00e9pos\u00e9e<\/td>\n<td width=\"361\">Favamill<\/td>\n<\/tr>\n<tr>\n<td width=\"238\">Origine<\/td>\n<td width=\"361\">Guangdong, Chine<\/td>\n<\/tr>\n<tr>\n<td width=\"238\">Code SH<\/td>\n<td width=\"361\">9031809090<\/td>\n<\/tr>\n<\/tbody>\n<\/table>","protected":false},"excerpt":{"rendered":"<p>Le moyen de contr\u00f4le personnalis\u00e9 en aluminium de haute pr\u00e9cision se caract\u00e9rise par une construction l\u00e9g\u00e8re et durable en aluminium pour une meilleure portabilit\u00e9, un usinage de pr\u00e9cision pour des mesures et un alignement exacts, et des composants r\u00e9glables pour s'adapter \u00e0 diverses pi\u00e8ces automobiles.<\/p>","protected":false},"featured_media":1319,"template":"","meta":{"_seopress_robots_primary_cat":"none","_seopress_titles_title":"","_seopress_titles_desc":"","_seopress_robots_index":""},"product_brand":[],"product_cat":[32],"product_tag":[],"class_list":{"0":"post-1313","1":"product","2":"type-product","3":"status-publish","4":"has-post-thumbnail","6":"product_cat-cmm-holding-fixture","8":"first","9":"instock","10":"shipping-taxable","11":"product-type-simple"},"_links":{"self":[{"href":"https:\/\/www.favamill.com\/fr\/wp-json\/wp\/v2\/product\/1313","targetHints":{"allow":["GET"]}}],"collection":[{"href":"https:\/\/www.favamill.com\/fr\/wp-json\/wp\/v2\/product"}],"about":[{"href":"https:\/\/www.favamill.com\/fr\/wp-json\/wp\/v2\/types\/product"}],"wp:featuredmedia":[{"embeddable":true,"href":"https:\/\/www.favamill.com\/fr\/wp-json\/wp\/v2\/media\/1319"}],"wp:attachment":[{"href":"https:\/\/www.favamill.com\/fr\/wp-json\/wp\/v2\/media?parent=1313"}],"wp:term":[{"taxonomy":"product_brand","embeddable":true,"href":"https:\/\/www.favamill.com\/fr\/wp-json\/wp\/v2\/product_brand?post=1313"},{"taxonomy":"product_cat","embeddable":true,"href":"https:\/\/www.favamill.com\/fr\/wp-json\/wp\/v2\/product_cat?post=1313"},{"taxonomy":"product_tag","embeddable":true,"href":"https:\/\/www.favamill.com\/fr\/wp-json\/wp\/v2\/product_tag?post=1313"}],"curies":[{"name":"wp","href":"https:\/\/api.w.org\/{rel}","templated":true}]}}