{"id":1397,"date":"2025-02-17T16:44:14","date_gmt":"2025-02-17T16:44:14","guid":{"rendered":"https:\/\/favamill.com\/?post_type=product&#038;p=1397"},"modified":"2025-02-17T16:49:51","modified_gmt":"2025-02-17T16:49:51","slug":"ligne-de-soudage-efficace-pour-automobiles-montages-de-soudage-pour-cadres","status":"publish","type":"product","link":"https:\/\/www.favamill.com\/fr\/product\/ligne-de-soudage-efficace-pour-automobiles-montages-de-soudage-pour-cadres\/","title":{"rendered":"Ligne de soudage efficace pour l'automobile Dispositifs de soudage pour cadres"},"content":{"rendered":"<table style=\"border-collapse: collapse; width: 566.27pt;\" border=\"0\" width=\"755\" cellspacing=\"0\" cellpadding=\"0\">\n<tbody>\n<tr style=\"height: 27.00pt;\">\n<td style=\"height: 27.00pt; width: 180.75pt;\" width=\"241\" height=\"36\">Mod\u00e8le NO.<\/td>\n<td class=\"et2\" style=\"width: 385.50pt;\" width=\"514\">FIC-3000<\/td>\n<\/tr>\n<tr style=\"height: 27.00pt;\">\n<td style=\"height: 27.00pt;\" height=\"36\">Vitesse de rotation<\/td>\n<td class=\"et2\">0,3-3 tr\/min<\/td>\n<\/tr>\n<tr style=\"height: 27.00pt;\">\n<td style=\"height: 27.00pt;\" height=\"36\">Distance d'excentricit\u00e9 maximale<\/td>\n<td class=\"et2\">100mm<\/td>\n<\/tr>\n<tr style=\"height: 27.00pt;\">\n<td style=\"height: 27.00pt;\" height=\"36\">Angle d'inclinaison<\/td>\n<td class=\"et2\">0-90\u00b0<\/td>\n<\/tr>\n<tr style=\"height: 27.00pt;\">\n<td style=\"height: 27.00pt;\" height=\"36\">Tension<\/td>\n<td class=\"et2\">110V\/220V<\/td>\n<\/tr>\n<tr style=\"height: 27.00pt;\">\n<td style=\"height: 27.00pt;\" height=\"36\">Rouleaux de soudage et de tournage Type<\/td>\n<td class=\"et2\">R\u00e9glable<\/td>\n<\/tr>\n<tr style=\"height: 27.00pt;\">\n<td style=\"height: 27.00pt;\" height=\"36\">Type de bascule de soudage<\/td>\n<td class=\"et2\">Combinaison flexible<\/td>\n<\/tr>\n<tr style=\"height: 27.00pt;\">\n<td style=\"height: 27.00pt;\" height=\"36\">Condition<\/td>\n<td class=\"et2\">Nouveau<\/td>\n<\/tr>\n<tr style=\"height: 27.00pt;\">\n<td style=\"height: 27.00pt;\" height=\"36\">Pr\u00e9cision<\/td>\n<td class=\"et2\">0,0,2 mm<\/td>\n<\/tr>\n<tr style=\"height: 27.00pt;\">\n<td style=\"height: 27.00pt;\" height=\"36\">Bloc de positionnement<\/td>\n<td class=\"et2\">45 Acier<\/td>\n<\/tr>\n<tr style=\"height: 27.00pt;\">\n<td style=\"height: 27.00pt;\" height=\"36\">Conception<\/td>\n<td class=\"et2\">Sur mesure<\/td>\n<\/tr>\n<tr style=\"height: 27.00pt;\">\n<td style=\"height: 27.00pt;\" height=\"36\">Exp\u00e9dition<\/td>\n<td class=\"et2\">par mer<\/td>\n<\/tr>\n<tr style=\"height: 27.00pt;\">\n<td style=\"height: 27.00pt;\" height=\"36\">Paquet de transport<\/td>\n<td class=\"et2\">Emballage en bois<\/td>\n<\/tr>\n<tr style=\"height: 27.00pt;\">\n<td style=\"height: 27.00pt;\" height=\"36\">Sp\u00e9cifications<\/td>\n<td class=\"et2\">personnalis\u00e9<\/td>\n<\/tr>\n<tr style=\"height: 27.00pt;\">\n<td style=\"height: 27.00pt;\" height=\"36\">Marque d\u00e9pos\u00e9e<\/td>\n<td class=\"et2\">Favamill<\/td>\n<\/tr>\n<tr style=\"height: 27.00pt;\">\n<td style=\"height: 27.00pt;\" height=\"36\">Origine<\/td>\n<td class=\"et2\">Guangdong Chine<\/td>\n<\/tr>\n<tr style=\"height: 27.00pt;\">\n<td style=\"height: 27.00pt;\" height=\"36\">Code SH<\/td>\n<td class=\"et2\">8466200000<\/td>\n<\/tr>\n<tr style=\"height: 27.00pt;\">\n<td style=\"height: 27.00pt;\" height=\"36\">Capacit\u00e9 de production<\/td>\n<td class=\"et2\">2000sets\/an<\/td>\n<\/tr>\n<\/tbody>\n<\/table>","protected":false},"excerpt":{"rendered":"<p>Ce dispositif est con\u00e7u pour am\u00e9liorer la productivit\u00e9 en offrant un positionnement pr\u00e9cis, un alignement optimal et un support robuste, garantissant des soudures coh\u00e9rentes et de haute qualit\u00e9 tout au long du processus d'assemblage.<\/p>","protected":false},"featured_media":1403,"template":"","meta":{"_seopress_robots_primary_cat":"none","_seopress_titles_title":"","_seopress_titles_desc":"","_seopress_robots_index":""},"product_brand":[],"product_cat":[25],"product_tag":[],"class_list":{"0":"post-1397","1":"product","2":"type-product","3":"status-publish","4":"has-post-thumbnail","6":"product_cat-welding-fixture","8":"first","9":"instock","10":"shipping-taxable","11":"product-type-simple"},"_links":{"self":[{"href":"https:\/\/www.favamill.com\/fr\/wp-json\/wp\/v2\/product\/1397","targetHints":{"allow":["GET"]}}],"collection":[{"href":"https:\/\/www.favamill.com\/fr\/wp-json\/wp\/v2\/product"}],"about":[{"href":"https:\/\/www.favamill.com\/fr\/wp-json\/wp\/v2\/types\/product"}],"wp:featuredmedia":[{"embeddable":true,"href":"https:\/\/www.favamill.com\/fr\/wp-json\/wp\/v2\/media\/1403"}],"wp:attachment":[{"href":"https:\/\/www.favamill.com\/fr\/wp-json\/wp\/v2\/media?parent=1397"}],"wp:term":[{"taxonomy":"product_brand","embeddable":true,"href":"https:\/\/www.favamill.com\/fr\/wp-json\/wp\/v2\/product_brand?post=1397"},{"taxonomy":"product_cat","embeddable":true,"href":"https:\/\/www.favamill.com\/fr\/wp-json\/wp\/v2\/product_cat?post=1397"},{"taxonomy":"product_tag","embeddable":true,"href":"https:\/\/www.favamill.com\/fr\/wp-json\/wp\/v2\/product_tag?post=1397"}],"curies":[{"name":"wp","href":"https:\/\/api.w.org\/{rel}","templated":true}]}}