{"id":805,"date":"2023-06-28T14:24:58","date_gmt":"2023-06-28T14:24:58","guid":{"rendered":"https:\/\/b2.favamill.com\/product\/single-automotive-sheet-metal-checking-fixtures\/"},"modified":"2024-06-02T22:50:40","modified_gmt":"2024-06-02T22:50:40","slug":"moyens-de-controle-de-la-tole-pour-vehicules-automobiles","status":"publish","type":"product","link":"https:\/\/www.favamill.com\/fr\/product\/moyens-de-controle-de-la-tole-pour-vehicules-automobiles\/","title":{"rendered":"Moyens de contr\u00f4le de la t\u00f4le pour l'industrie automobile"},"content":{"rendered":"<table>\n<tbody>\n<tr>\n<td>Nom de la marque<\/td>\n<td>OEM<\/td>\n<\/tr>\n<tr>\n<td>Nom du produit<\/td>\n<td>Moules et matrices pour l'emboutissage des m\u00e9taux<\/td>\n<\/tr>\n<tr>\n<td>Tol\u00e9rance<\/td>\n<td>\u00b10,002 mm<\/td>\n<\/tr>\n<tr>\n<td>Mat\u00e9riau<\/td>\n<td>SKD11, SKD 61, Cr12MOV, D2, SKH-9, RM56, ASP23, etc.<\/td>\n<\/tr>\n<tr>\n<td>Logiciel de conception<\/td>\n<td>AutoCAD, Solid works, PRO\/E, UG<\/td>\n<\/tr>\n<tr>\n<td>Standard<\/td>\n<td>ISO9001<\/td>\n<\/tr>\n<tr>\n<td>Type de moule<\/td>\n<td>Matrice d'emboutissage compos\u00e9e, matrice d'emboutissage simple, matrice progressive ou selon les exigences du client<\/td>\n<\/tr>\n<tr>\n<td>Premier proc\u00e8s<\/td>\n<td>15-25 jours apr\u00e8s confirmation du dessin du moule<\/td>\n<\/tr>\n<tr>\n<td>Vie des moules<\/td>\n<td>D\u00e9pend de la capacit\u00e9 de production du client<\/td>\n<\/tr>\n<tr>\n<td>Confirmation de la qualit\u00e9<\/td>\n<td>Possibilit\u00e9 d'envoyer le plan de la fili\u00e8re, la vid\u00e9o des essais, le certificat d'inspection et un \u00e9chantillon du produit.<\/td>\n<\/tr>\n<tr>\n<td>Paquet<\/td>\n<td>Sacs et cartons en PE pour les produits, caisses en bois pour les matrices\/moules, ou selon les exigences du client.<\/td>\n<\/tr>\n<\/tbody>\n<\/table>","protected":false},"excerpt":{"rendered":"<p>Il est important de noter que les caract\u00e9ristiques sp\u00e9cifiques et la conception d'un moyen de contr\u00f4le de la t\u00f4le automobile peuvent varier en fonction du fabricant, de l'application et des exigences du client.<\/p>","protected":false},"featured_media":686,"template":"","meta":{"_seopress_robots_primary_cat":"","_seopress_titles_title":"","_seopress_titles_desc":"","_seopress_robots_index":""},"product_brand":[],"product_cat":[21,23],"product_tag":[24],"class_list":{"0":"post-805","1":"product","2":"type-product","3":"status-publish","4":"has-post-thumbnail","6":"product_cat-checking-fixture","7":"product_cat-sheet-metal-checking-fixture","8":"product_tag-metal-checking-fixtures","10":"first","11":"instock","12":"shipping-taxable","13":"product-type-simple"},"_links":{"self":[{"href":"https:\/\/www.favamill.com\/fr\/wp-json\/wp\/v2\/product\/805","targetHints":{"allow":["GET"]}}],"collection":[{"href":"https:\/\/www.favamill.com\/fr\/wp-json\/wp\/v2\/product"}],"about":[{"href":"https:\/\/www.favamill.com\/fr\/wp-json\/wp\/v2\/types\/product"}],"wp:featuredmedia":[{"embeddable":true,"href":"https:\/\/www.favamill.com\/fr\/wp-json\/wp\/v2\/media\/686"}],"wp:attachment":[{"href":"https:\/\/www.favamill.com\/fr\/wp-json\/wp\/v2\/media?parent=805"}],"wp:term":[{"taxonomy":"product_brand","embeddable":true,"href":"https:\/\/www.favamill.com\/fr\/wp-json\/wp\/v2\/product_brand?post=805"},{"taxonomy":"product_cat","embeddable":true,"href":"https:\/\/www.favamill.com\/fr\/wp-json\/wp\/v2\/product_cat?post=805"},{"taxonomy":"product_tag","embeddable":true,"href":"https:\/\/www.favamill.com\/fr\/wp-json\/wp\/v2\/product_tag?post=805"}],"curies":[{"name":"wp","href":"https:\/\/api.w.org\/{rel}","templated":true}]}}