{"id":806,"date":"2023-06-28T14:56:46","date_gmt":"2023-06-28T14:56:46","guid":{"rendered":"https:\/\/b2.favamill.com\/product\/automotive-welding-cell-checking-fixture\/"},"modified":"2024-06-02T22:50:40","modified_gmt":"2024-06-02T22:50:40","slug":"cellule-de-soudage-automobile-moyen-de-controle","status":"publish","type":"product","link":"https:\/\/www.favamill.com\/fr\/product\/cellule-de-soudage-automobile-moyen-de-controle\/","title":{"rendered":"Cellule de soudage automobile - Dispositif de contr\u00f4le"},"content":{"rendered":"<table>\n<tbody>\n<tr>\n<td>Nom de la marque<\/td>\n<td>Favamill<\/td>\n<\/tr>\n<tr>\n<td>Nom du produit<\/td>\n<td>Cellule de soudage automobile - Dispositif de contr\u00f4le<\/td>\n<\/tr>\n<tr>\n<td>Tol\u00e9rance<\/td>\n<td>\u00b10,002 mm<\/td>\n<\/tr>\n<tr>\n<td>Mat\u00e9riau<\/td>\n<td>SKD11, SKD 61, Cr12MOV, D2, SKH-9, RM56, ASP23, etc.<\/td>\n<\/tr>\n<tr>\n<td>Logiciel de conception<\/td>\n<td>AutoCAD, Solid works, PRO\/E, UG<\/td>\n<\/tr>\n<tr>\n<td>Standard<\/td>\n<td>ISO9001<\/td>\n<\/tr>\n<tr>\n<td>Type de moule<\/td>\n<td>Matrice d'emboutissage compos\u00e9e, matrice d'emboutissage simple, matrice progressive ou selon les exigences du client<\/td>\n<\/tr>\n<tr>\n<td>Premier proc\u00e8s<\/td>\n<td>15-25 jours apr\u00e8s confirmation du dessin du moule<\/td>\n<\/tr>\n<tr>\n<td>Vie des moules<\/td>\n<td>D\u00e9pend de la capacit\u00e9 de production du client<\/td>\n<\/tr>\n<tr>\n<td>Confirmation de la qualit\u00e9<\/td>\n<td>Possibilit\u00e9 d'envoyer le plan de la fili\u00e8re, la vid\u00e9o des essais, le certificat d'inspection et un \u00e9chantillon du produit.<\/td>\n<\/tr>\n<tr>\n<td>Paquet<\/td>\n<td>Sacs et cartons en PE pour les produits, caisses en bois pour les matrices\/moules, ou selon les exigences du client.<\/td>\n<\/tr>\n<\/tbody>\n<\/table>\n<p>&nbsp;<\/p>\n<div style=\"width: 640px;\" class=\"wp-video\"><video class=\"wp-video-shortcode\" id=\"video-806-1\" width=\"640\" height=\"360\" preload=\"metadata\" controls=\"controls\"><source type=\"video\/mp4\" src=\"https:\/\/favamill.com\/wp-content\/uploads\/2023\/06\/Automotive-Welding-Cell-Checking-Fixture.mp4?_=1\" \/><a href=\"https:\/\/favamill.com\/wp-content\/uploads\/2023\/06\/Automotive-Welding-Cell-Checking-Fixture.mp4\">https:\/\/favamill.com\/wp-content\/uploads\/2023\/06\/Automotive-Welding-Cell-Checking-Fixture.mp4<\/a><\/video><\/div>","protected":false},"excerpt":{"rendered":"<p>Les caract\u00e9ristiques sp\u00e9cifiques des moyens de contr\u00f4le de la cellule de soudage automobile peuvent varier en fonction du processus de soudage, de la complexit\u00e9 des composants et des exigences du client. Nous int\u00e9grons \u00e9galement des caract\u00e9ristiques suppl\u00e9mentaires sp\u00e9cifiques \u00e0 la configuration de la cellule de soudage et aux besoins de production.<\/p>","protected":false},"featured_media":692,"template":"","meta":{"_seopress_robots_primary_cat":"","_seopress_titles_title":"","_seopress_titles_desc":"","_seopress_robots_index":""},"product_brand":[],"product_cat":[25],"product_tag":[26],"class_list":{"0":"post-806","1":"product","2":"type-product","3":"status-publish","4":"has-post-thumbnail","6":"product_cat-welding-fixture","7":"product_tag-automotive-weldingchecking-fixture","9":"first","10":"instock","11":"shipping-taxable","12":"product-type-simple"},"_links":{"self":[{"href":"https:\/\/www.favamill.com\/fr\/wp-json\/wp\/v2\/product\/806","targetHints":{"allow":["GET"]}}],"collection":[{"href":"https:\/\/www.favamill.com\/fr\/wp-json\/wp\/v2\/product"}],"about":[{"href":"https:\/\/www.favamill.com\/fr\/wp-json\/wp\/v2\/types\/product"}],"wp:featuredmedia":[{"embeddable":true,"href":"https:\/\/www.favamill.com\/fr\/wp-json\/wp\/v2\/media\/692"}],"wp:attachment":[{"href":"https:\/\/www.favamill.com\/fr\/wp-json\/wp\/v2\/media?parent=806"}],"wp:term":[{"taxonomy":"product_brand","embeddable":true,"href":"https:\/\/www.favamill.com\/fr\/wp-json\/wp\/v2\/product_brand?post=806"},{"taxonomy":"product_cat","embeddable":true,"href":"https:\/\/www.favamill.com\/fr\/wp-json\/wp\/v2\/product_cat?post=806"},{"taxonomy":"product_tag","embeddable":true,"href":"https:\/\/www.favamill.com\/fr\/wp-json\/wp\/v2\/product_tag?post=806"}],"curies":[{"name":"wp","href":"https:\/\/api.w.org\/{rel}","templated":true}]}}