{"id":810,"date":"2023-07-02T17:23:21","date_gmt":"2023-07-02T17:23:21","guid":{"rendered":"https:\/\/b2.favamill.com\/product\/precision-cnc-machining-aluminum-jigs\/"},"modified":"2024-06-02T22:50:41","modified_gmt":"2024-06-02T22:50:41","slug":"gabarits-de-precision-pour-lusinage-cnc-de-laluminium","status":"publish","type":"product","link":"https:\/\/www.favamill.com\/fr\/product\/gabarits-de-precision-pour-lusinage-cnc-de-laluminium\/","title":{"rendered":"Gabarits de pr\u00e9cision pour l'usinage CNC de l'aluminium"},"content":{"rendered":"<table class=\"all magic-13\">\n<tbody>\n<tr>\n<td colspan=\"1\" rowspan=\"1\">\n<div class=\"magic-14\">\n<div class=\"magic-4\" data-spm-anchor-id=\"a2700.custom-template.0.i17.1d4c3333GDa3f3\"><span class=\"magic-15\" style=\"font-family: Arial;\">Logiciel\/format<\/span><\/div>\n<\/div>\n<\/td>\n<td colspan=\"1\" rowspan=\"1\">\n<div class=\"magic-16\"><span class=\"magic-15\" style=\"font-family: Arial;\">PRO\/E, Auto CAD, Solid works, IGS, UG, CAD\/CAM\/CAE<\/span><\/div>\n<\/td>\n<\/tr>\n<tr>\n<td colspan=\"1\" rowspan=\"1\">\n<div class=\"magic-17\">\n<div class=\"magic-4\"><span class=\"magic-15\">Nom<\/span><\/div>\n<\/div>\n<\/td>\n<td colspan=\"1\" rowspan=\"1\">\n<div class=\"magic-18\">Gabarit de contr\u00f4le en aluminium pour l'usinage CNC de pr\u00e9cision<\/div>\n<\/td>\n<\/tr>\n<tr>\n<td colspan=\"1\" rowspan=\"1\">\n<div class=\"magic-14\">\n<div class=\"magic-4\" data-spm-anchor-id=\"0.0.0.i21.54174f052EhEWg\"><span class=\"magic-15\" style=\"font-family: Arial;\">Tol\u00e9rance<\/span><\/div>\n<\/div>\n<\/td>\n<td colspan=\"1\" rowspan=\"1\">\n<div class=\"magic-16\" data-spm-anchor-id=\"a2700.details.0.i49.45c6778f9CDlLF\"><span class=\"magic-15\" style=\"font-family: Arial;\">0.01~0.05mm, peut \u00eatre personnalis\u00e9 selon la demande.<\/span><\/div>\n<\/td>\n<\/tr>\n<tr>\n<td colspan=\"1\" rowspan=\"1\">\n<div class=\"magic-14\">\n<div class=\"magic-4\" data-spm-anchor-id=\"0.0.0.i28.54174f05q5Emo9\"><span class=\"magic-15\" style=\"font-family: Arial;\">Dimension<\/span><\/div>\n<\/div>\n<\/td>\n<td colspan=\"1\" rowspan=\"1\">\n<div class=\"magic-16\"><span class=\"magic-15\" style=\"font-family: Arial;\">Sur mesure<\/span><\/div>\n<\/td>\n<\/tr>\n<tr>\n<td colspan=\"1\" rowspan=\"1\">\n<div class=\"magic-14\">\n<div class=\"magic-4\" data-spm-anchor-id=\"0.0.0.i34.54174f05q5Emo9\"><span class=\"magic-15\" style=\"font-family: Arial;\">Mat\u00e9riel d'essai<\/span><\/div>\n<\/div>\n<\/td>\n<td colspan=\"1\" rowspan=\"1\">\n<div class=\"magic-16\"><span class=\"magic-15\" style=\"font-family: Arial;\">Instruments de mesure, projecteurs, MMT, altim\u00e8tres, microm\u00e8tres, jauges de filetage, pieds \u00e0 coulisse, jauges \u00e0 broches, etc.<\/span><\/div>\n<\/td>\n<\/tr>\n<tr>\n<td colspan=\"1\" rowspan=\"1\">\n<div class=\"magic-14\">\n<div class=\"magic-4\"><span class=\"magic-19\">Traitement<\/span><\/div>\n<\/div>\n<\/td>\n<td colspan=\"1\" rowspan=\"1\">\n<div class=\"magic-16\"><span class=\"magic-15\" style=\"font-family: Arial;\">Tournage CNC, fraisage, per\u00e7age, tour automatique, taraudage, douilles, traitement de surface, anodisation, moulage, injection, impression 3D, etc.<\/span><\/div>\n<\/td>\n<\/tr>\n<tr>\n<td colspan=\"1\" rowspan=\"1\">\n<div class=\"magic-14\">\n<div class=\"magic-4\"><span class=\"magic-19\" data-spm-anchor-id=\"0.0.0.i99.54174f052EhEWg\">Nos avantages<\/span><\/div>\n<\/div>\n<\/td>\n<td colspan=\"1\" rowspan=\"1\">\n<div class=\"magic-16\"><span class=\"magic-15\" style=\"font-family: Arial;\">1.) Service en ligne 24 heures sur 24 et devis\/livraison rapide.\u00a0<\/span><\/p>\n<div data-spm-anchor-id=\"0.0.0.i77.54174f052EhEWg\"><span class=\"magic-15\" style=\"font-family: Arial;\">2.) 100% QC inspection de la qualit\u00e9 avant la livraison, peut fournir la qualit\u00e9<br \/>\nformulaire d'inspection.<\/span><\/div>\n<div data-spm-anchor-id=\"0.0.0.i77.54174f052EhEWg\"><span class=\"magic-15\" style=\"font-family: Arial;\">\u00a03.) Plus de 15 ans d'exp\u00e9rience dans le domaine de l'usinage CNC et une \u00e9quipe de concepteurs chevronn\u00e9s pour offrir des suggestions de modifications parfaites.<\/span><\/div>\n<\/div>\n<\/td>\n<\/tr>\n<\/tbody>\n<\/table>","protected":false},"excerpt":{"rendered":"<p>Dans l'ensemble, les gabarits d'usinage CNC de pr\u00e9cision en aluminium offrent une combinaison de haute pr\u00e9cision, de construction l\u00e9g\u00e8re, de r\u00e9sistance \u00e0 la corrosion et de rentabilit\u00e9, ce qui en fait un choix privil\u00e9gi\u00e9 dans de nombreuses applications industrielles.<\/p>","protected":false},"featured_media":715,"template":"","meta":{"_seopress_robots_primary_cat":"","_seopress_titles_title":"","_seopress_titles_desc":"","_seopress_robots_index":""},"product_brand":[],"product_cat":[30],"product_tag":[],"class_list":{"0":"post-810","1":"product","2":"type-product","3":"status-publish","4":"has-post-thumbnail","6":"product_cat-jigs-gages","8":"first","9":"instock","10":"shipping-taxable","11":"product-type-simple"},"_links":{"self":[{"href":"https:\/\/www.favamill.com\/fr\/wp-json\/wp\/v2\/product\/810","targetHints":{"allow":["GET"]}}],"collection":[{"href":"https:\/\/www.favamill.com\/fr\/wp-json\/wp\/v2\/product"}],"about":[{"href":"https:\/\/www.favamill.com\/fr\/wp-json\/wp\/v2\/types\/product"}],"wp:featuredmedia":[{"embeddable":true,"href":"https:\/\/www.favamill.com\/fr\/wp-json\/wp\/v2\/media\/715"}],"wp:attachment":[{"href":"https:\/\/www.favamill.com\/fr\/wp-json\/wp\/v2\/media?parent=810"}],"wp:term":[{"taxonomy":"product_brand","embeddable":true,"href":"https:\/\/www.favamill.com\/fr\/wp-json\/wp\/v2\/product_brand?post=810"},{"taxonomy":"product_cat","embeddable":true,"href":"https:\/\/www.favamill.com\/fr\/wp-json\/wp\/v2\/product_cat?post=810"},{"taxonomy":"product_tag","embeddable":true,"href":"https:\/\/www.favamill.com\/fr\/wp-json\/wp\/v2\/product_tag?post=810"}],"curies":[{"name":"wp","href":"https:\/\/api.w.org\/{rel}","templated":true}]}}