{"id":811,"date":"2023-07-02T17:57:48","date_gmt":"2023-07-02T17:57:48","guid":{"rendered":"https:\/\/b2.favamill.com\/product\/customized-automotive-inspection-jig\/"},"modified":"2024-06-02T22:50:41","modified_gmt":"2024-06-02T22:50:41","slug":"gabarit-dinspection-automobile-personnalise","status":"publish","type":"product","link":"https:\/\/www.favamill.com\/fr\/product\/gabarit-dinspection-automobile-personnalise\/","title":{"rendered":"Gabarit d'inspection automobile personnalis\u00e9"},"content":{"rendered":"<table>\n<tbody>\n<tr>\n<td width=\"214\">article<\/td>\n<td>valeur<\/td>\n<\/tr>\n<tr>\n<td width=\"214\">Lieu d'origine<\/td>\n<td>Shenzhen Chine<\/td>\n<\/tr>\n<tr>\n<td width=\"214\">Micro-usinage ou non :<\/p>\n<p>&nbsp;<\/td>\n<td>Micro-usinage<\/p>\n<p>&nbsp;<\/td>\n<\/tr>\n<tr>\n<td width=\"214\">Nom de la marque<\/td>\n<td>autres<\/td>\n<\/tr>\n<tr>\n<td width=\"214\">Num\u00e9ro de mod\u00e8le<\/td>\n<td>autres<\/td>\n<\/tr>\n<tr>\n<td width=\"214\">plaque de fond<\/td>\n<td>Aluminium 6061<\/td>\n<\/tr>\n<tr>\n<td width=\"214\">S'agit-il d'une pi\u00e8ce standard<\/td>\n<td>Pi\u00e8ces non standard<\/td>\n<\/tr>\n<tr>\n<td width=\"214\">traitement de surface<\/td>\n<td>peinture en a\u00e9rosol<\/td>\n<\/tr>\n<tr>\n<td width=\"214\">MOQ<\/td>\n<td>1 Ensemble<\/td>\n<\/tr>\n<tr>\n<td width=\"214\">Capacit\u00e9s mat\u00e9rielles :<\/p>\n<p>&nbsp;<\/td>\n<td>Aluminium, m\u00e9taux tremp\u00e9s, acier inoxydable, alliages d'acier...<\/p>\n<p>&nbsp;<\/td>\n<\/tr>\n<tr>\n<td width=\"214\">Exigez :<\/p>\n<p>&nbsp;<\/td>\n<td>Mod\u00e8le num\u00e9rique 3D Dessins 2D<\/td>\n<\/tr>\n<\/tbody>\n<\/table>","protected":false},"excerpt":{"rendered":"<p>Nos gabarits d'inspection automobile personnalis\u00e9s offrent des capacit\u00e9s de mesure pr\u00e9cises, des conceptions personnalis\u00e9es, une multifonctionnalit\u00e9, des caract\u00e9ristiques ergonomiques, une durabilit\u00e9, une int\u00e9gration avec l'\u00e9quipement d'essai, une tra\u00e7abilit\u00e9...<\/p>","protected":false},"featured_media":722,"template":"","meta":{"_seopress_robots_primary_cat":"","_seopress_titles_title":"","_seopress_titles_desc":"","_seopress_robots_index":""},"product_brand":[],"product_cat":[30],"product_tag":[],"class_list":{"0":"post-811","1":"product","2":"type-product","3":"status-publish","4":"has-post-thumbnail","6":"product_cat-jigs-gages","8":"first","9":"instock","10":"shipping-taxable","11":"product-type-simple"},"_links":{"self":[{"href":"https:\/\/www.favamill.com\/fr\/wp-json\/wp\/v2\/product\/811","targetHints":{"allow":["GET"]}}],"collection":[{"href":"https:\/\/www.favamill.com\/fr\/wp-json\/wp\/v2\/product"}],"about":[{"href":"https:\/\/www.favamill.com\/fr\/wp-json\/wp\/v2\/types\/product"}],"wp:featuredmedia":[{"embeddable":true,"href":"https:\/\/www.favamill.com\/fr\/wp-json\/wp\/v2\/media\/722"}],"wp:attachment":[{"href":"https:\/\/www.favamill.com\/fr\/wp-json\/wp\/v2\/media?parent=811"}],"wp:term":[{"taxonomy":"product_brand","embeddable":true,"href":"https:\/\/www.favamill.com\/fr\/wp-json\/wp\/v2\/product_brand?post=811"},{"taxonomy":"product_cat","embeddable":true,"href":"https:\/\/www.favamill.com\/fr\/wp-json\/wp\/v2\/product_cat?post=811"},{"taxonomy":"product_tag","embeddable":true,"href":"https:\/\/www.favamill.com\/fr\/wp-json\/wp\/v2\/product_tag?post=811"}],"curies":[{"name":"wp","href":"https:\/\/api.w.org\/{rel}","templated":true}]}}