{"id":812,"date":"2023-07-02T18:06:31","date_gmt":"2023-07-02T18:06:31","guid":{"rendered":"https:\/\/b2.favamill.com\/product\/customized-automotive-inspection-welding-checking-fixture\/"},"modified":"2024-06-02T22:50:41","modified_gmt":"2024-06-02T22:50:41","slug":"dispositif-dinspection-et-de-verification-de-la-soudure-sur-mesure-pour-lindustrie-automobile","status":"publish","type":"product","link":"https:\/\/www.favamill.com\/fr\/product\/dispositif-dinspection-et-de-verification-de-la-soudure-sur-mesure-pour-lindustrie-automobile\/","title":{"rendered":"Dispositif d'inspection et de soudage personnalis\u00e9 pour l'industrie automobile"},"content":{"rendered":"<table class=\"hight-light-first-column all magic-6\">\n<tbody>\n<tr>\n<td colspan=\"1\" rowspan=\"1\">\n<div class=\"magic-7\">\n<div class=\"magic-8\" data-spm-anchor-id=\"a2700.pc-decorate.0.i25.45ea3333iFS8kA\"><span class=\"magic-9\"><span class=\"magic-10\" style=\"color: #2196ed;\"><b>Nom<\/b><\/span><\/span><\/div>\n<\/div>\n<\/td>\n<td colspan=\"1\" rowspan=\"1\">\n<div class=\"magic-11\"><span class=\"magic-10\">Dispositif de contr\u00f4le de soudage<\/span><\/div>\n<\/td>\n<\/tr>\n<tr>\n<td colspan=\"1\" rowspan=\"1\">\n<div class=\"magic-7\">\n<div class=\"magic-8\"><span class=\"magic-9\"><span class=\"magic-10\" style=\"color: #2196ed;\"><b>Mat\u00e9riaux<\/b><\/span><\/span><\/div>\n<\/div>\n<\/td>\n<td colspan=\"1\" rowspan=\"1\">\n<div class=\"magic-11\"><span class=\"magic-10\" data-spm-anchor-id=\"a2700.details.0.i22.541172d5prK4oo\">Aluminium \/ Acier \/ Acier alli\u00e9 \/ Acier inoxydable \/ Laiton, etc.<\/span><\/div>\n<\/td>\n<\/tr>\n<tr>\n<td colspan=\"1\" rowspan=\"1\">\n<div class=\"magic-7\">\n<div class=\"magic-8\"><span class=\"magic-9\"><span class=\"magic-10\" style=\"color: #2196ed;\"><b>Traitement de surface<\/b><\/span><\/span><\/div>\n<\/div>\n<\/td>\n<td colspan=\"1\" rowspan=\"1\">\n<div class=\"magic-11\"><span class=\"magic-10\">Anodisation, polissage, moulage au sable, zingage\/nickel\/chromage, peinture, traitement thermique, etc.<\/span><\/div>\n<\/td>\n<\/tr>\n<tr>\n<td colspan=\"1\" rowspan=\"1\">\n<div class=\"magic-7\">\n<div class=\"magic-8\"><span class=\"magic-9\"><span class=\"magic-10\" style=\"color: #2196ed;\"><b>Tol\u00e9rance<\/b><\/span><\/span><\/div>\n<\/div>\n<\/td>\n<td colspan=\"1\" rowspan=\"1\">\n<div class=\"magic-11\"><span class=\"magic-10\">+\/-0.01mm~+\/-0.05mm, selon les exigences du client<\/span><\/div>\n<\/td>\n<\/tr>\n<tr>\n<td colspan=\"1\" rowspan=\"1\">\n<div class=\"magic-7\">\n<div class=\"magic-8\" data-spm-anchor-id=\"a2700.pc-decorate.0.i17.45ea3333iFS8kA\"><span class=\"magic-10\" style=\"color: #2196ed;\"><b>\u00c9quipement de traitement<\/b><\/span><\/div>\n<\/div>\n<\/td>\n<td colspan=\"1\" rowspan=\"1\">\n<div class=\"magic-11\"><span class=\"magic-10\">Centre d'usinage CNC, tour CNC, rectifieuse, perceuse, EDM, machine \u00e0 d\u00e9couper le fil, etc.<\/span><\/div>\n<\/td>\n<\/tr>\n<tr>\n<td colspan=\"1\" rowspan=\"1\">\n<div class=\"magic-7\">\n<div class=\"magic-8\" data-spm-anchor-id=\"a2700.pc-decorate.0.i18.45ea3333iFS8kA\"><span class=\"magic-10\" style=\"color: #2196ed;\"><b>M\u00e9thode du logo<\/b><\/span><\/div>\n<\/div>\n<\/td>\n<td colspan=\"1\" rowspan=\"1\">\n<div class=\"magic-11\"><span class=\"magic-10\">Gravure laser \/ gravure CNC \/ s\u00e9rigraphie etc.<\/span><\/div>\n<\/td>\n<\/tr>\n<tr>\n<td colspan=\"1\" rowspan=\"1\">\n<div class=\"magic-7\">\n<div class=\"magic-8\" data-spm-anchor-id=\"a2700.pc-decorate.0.i32.45ea3333iFS8kA\"><span class=\"magic-10\" style=\"color: #2196ed;\"><b>Couleur<\/b><\/span><\/div>\n<\/div>\n<\/td>\n<td colspan=\"1\" rowspan=\"1\">\n<div class=\"magic-11\"><span class=\"magic-10\">Argent \/ noir \/ or \/ orange \/ gris, selon les besoins du client<\/span><\/div>\n<\/td>\n<\/tr>\n<tr>\n<td colspan=\"1\" rowspan=\"1\">\n<div class=\"magic-7\">\n<div class=\"magic-8\"><span class=\"magic-9\"><span class=\"magic-10\" style=\"color: #2196ed;\"><b>Projet de service<\/b><\/span><\/span><\/div>\n<\/div>\n<\/td>\n<td colspan=\"1\" rowspan=\"1\">\n<div class=\"magic-11\" data-spm-anchor-id=\"a2700.details.0.i21.541172d5prK4oo\"><span class=\"magic-10\">Assurer la conception de la production, la production et le service technique, le d\u00e9veloppement et la transformation des moules, etc.<\/span><\/div>\n<\/td>\n<\/tr>\n<\/tbody>\n<\/table>","protected":false},"excerpt":{"rendered":"<p>nos moyens de contr\u00f4le de soudure pour l'inspection automobile offrent une \u00e9valuation pr\u00e9cise de la qualit\u00e9 de la soudure, des conceptions personnalis\u00e9es et des capacit\u00e9s de serrage et de positionnement<\/p>","protected":false},"featured_media":729,"template":"","meta":{"_seopress_robots_primary_cat":"","_seopress_titles_title":"","_seopress_titles_desc":"","_seopress_robots_index":""},"product_brand":[],"product_cat":[25],"product_tag":[],"class_list":{"0":"post-812","1":"product","2":"type-product","3":"status-publish","4":"has-post-thumbnail","6":"product_cat-welding-fixture","8":"first","9":"instock","10":"shipping-taxable","11":"product-type-simple"},"_links":{"self":[{"href":"https:\/\/www.favamill.com\/fr\/wp-json\/wp\/v2\/product\/812","targetHints":{"allow":["GET"]}}],"collection":[{"href":"https:\/\/www.favamill.com\/fr\/wp-json\/wp\/v2\/product"}],"about":[{"href":"https:\/\/www.favamill.com\/fr\/wp-json\/wp\/v2\/types\/product"}],"wp:featuredmedia":[{"embeddable":true,"href":"https:\/\/www.favamill.com\/fr\/wp-json\/wp\/v2\/media\/729"}],"wp:attachment":[{"href":"https:\/\/www.favamill.com\/fr\/wp-json\/wp\/v2\/media?parent=812"}],"wp:term":[{"taxonomy":"product_brand","embeddable":true,"href":"https:\/\/www.favamill.com\/fr\/wp-json\/wp\/v2\/product_brand?post=812"},{"taxonomy":"product_cat","embeddable":true,"href":"https:\/\/www.favamill.com\/fr\/wp-json\/wp\/v2\/product_cat?post=812"},{"taxonomy":"product_tag","embeddable":true,"href":"https:\/\/www.favamill.com\/fr\/wp-json\/wp\/v2\/product_tag?post=812"}],"curies":[{"name":"wp","href":"https:\/\/api.w.org\/{rel}","templated":true}]}}