{"id":813,"date":"2023-07-07T17:39:47","date_gmt":"2023-07-07T17:39:47","guid":{"rendered":"https:\/\/b2.favamill.com\/product\/automotive-interior-plastic-parts-checking-fixture\/"},"modified":"2024-06-02T22:50:41","modified_gmt":"2024-06-02T22:50:41","slug":"dispositif-de-controle-des-pieces-plastiques-de-linterieur-de-lautomobile","status":"publish","type":"product","link":"https:\/\/www.favamill.com\/fr\/product\/dispositif-de-controle-des-pieces-plastiques-de-linterieur-de-lautomobile\/","title":{"rendered":"Dispositif de contr\u00f4le des pi\u00e8ces en plastique de l'int\u00e9rieur de l'automobile"},"content":{"rendered":"<p>Mati\u00e8re plastique : PA (Nylon)<br \/>\nMat\u00e9riau de l'appareil de contr\u00f4le : AL6061, S136, r\u00e9sine plastique<br \/>\nType de jauge : Fixation simple<br \/>\nTraitement : Usinage CNC, CMM<br \/>\nTraitement de surface : Anodisation, rev\u00eatement par poudre, placage d'acier inoxydable<br \/>\nD\u00e9lai de livraison : 20 jours<br \/>\nAssurance qualit\u00e9 : Inspection interne par CMM, certification par un tiers<\/p>\n<div><strong>Les moyens de contr\u00f4le que nous fabriquons pr\u00e9sentent les avantages suivants :<\/strong><\/div>\n<div><\/div>\n<div>1.  Tr\u00e8s belle apparence Dispositif de contr\u00f4le automobile<\/div>\n<div>2.  Tr\u00e8s grande pr\u00e9cision<\/div>\n<div>\u00a0 \u00a0 2.1 Pr\u00e9cision du trou de r\u00e9f\u00e9rence : +\/-0.05MM<\/div>\n<div>\u00a0 \u00a0 2.2 Pr\u00e9cision du point de r\u00e9f\u00e9rence : +\/- 0,1MM<\/div>\n<div>\u00a0 \u00a0 2.3 Pr\u00e9cision du profil : +\/-0.15MM<\/div>\n<div><\/div>\n<div>3 . Faible co\u00fbt Niveau de prix, prix tr\u00e8s comp\u00e9titif : 2000-8000USD<\/div>\n<div>4 . Livraison \u00e0 court terme 15-35 jours<\/div>\n<div>5 . Garantie de qualit\u00e9<\/div>\n<div>6. Dessin des composants, dessin d'assemblage, dessin des gabarits en 3D, manuel d'utilisation, rapport d'\u00e9talonnage de la MMT, confirmation d'exp\u00e9dition Le rapport de v\u00e9rification des images par un tiers sera livr\u00e9 avec l'appareil.<\/div>\n<div>7.  Possibilit\u00e9 de certification par un tiers<\/div>\n<div>8.  Emballage :  Carton en bois\/ Palette\/ Caisse<\/div>\n<div><\/div>\n<div>9.  Transport a\u00e9rien tr\u00e8s rapide\/efficace, transport maritime \u00e9conomique<\/div>\n<div><\/div>","protected":false},"excerpt":{"rendered":"<p>Ces moyens de contr\u00f4le des pi\u00e8ces plastiques int\u00e9rieures sont des outils sp\u00e9cialis\u00e9s utilis\u00e9s dans le processus de contr\u00f4le de la qualit\u00e9 de la fabrication automobile.<\/p>","protected":false},"featured_media":738,"template":"","meta":{"_seopress_robots_primary_cat":"","_seopress_titles_title":"","_seopress_titles_desc":"","_seopress_robots_index":""},"product_brand":[],"product_cat":[21,31],"product_tag":[],"class_list":{"0":"post-813","1":"product","2":"type-product","3":"status-publish","4":"has-post-thumbnail","6":"product_cat-checking-fixture","7":"product_cat-plastic-parts-checking-fixture","9":"first","10":"instock","11":"shipping-taxable","12":"product-type-simple"},"_links":{"self":[{"href":"https:\/\/www.favamill.com\/fr\/wp-json\/wp\/v2\/product\/813","targetHints":{"allow":["GET"]}}],"collection":[{"href":"https:\/\/www.favamill.com\/fr\/wp-json\/wp\/v2\/product"}],"about":[{"href":"https:\/\/www.favamill.com\/fr\/wp-json\/wp\/v2\/types\/product"}],"wp:featuredmedia":[{"embeddable":true,"href":"https:\/\/www.favamill.com\/fr\/wp-json\/wp\/v2\/media\/738"}],"wp:attachment":[{"href":"https:\/\/www.favamill.com\/fr\/wp-json\/wp\/v2\/media?parent=813"}],"wp:term":[{"taxonomy":"product_brand","embeddable":true,"href":"https:\/\/www.favamill.com\/fr\/wp-json\/wp\/v2\/product_brand?post=813"},{"taxonomy":"product_cat","embeddable":true,"href":"https:\/\/www.favamill.com\/fr\/wp-json\/wp\/v2\/product_cat?post=813"},{"taxonomy":"product_tag","embeddable":true,"href":"https:\/\/www.favamill.com\/fr\/wp-json\/wp\/v2\/product_tag?post=813"}],"curies":[{"name":"wp","href":"https:\/\/api.w.org\/{rel}","templated":true}]}}