{"id":814,"date":"2023-07-10T14:02:47","date_gmt":"2023-07-10T14:02:47","guid":{"rendered":"https:\/\/b2.favamill.com\/product\/car-air-outlet-check-fixture\/"},"modified":"2024-06-02T22:50:41","modified_gmt":"2024-06-02T22:50:41","slug":"dispositif-de-controle-de-la-sortie-dair-de-la-voiture","status":"publish","type":"product","link":"https:\/\/www.favamill.com\/fr\/product\/dispositif-de-controle-de-la-sortie-dair-de-la-voiture\/","title":{"rendered":"Dispositif de contr\u00f4le de la sortie d'air d'une voiture"},"content":{"rendered":"<p>Mati\u00e8re plastique : ABS<br \/>\nMat\u00e9riau de l'appareil de contr\u00f4le : AL6061, S136, r\u00e9sine plastique<br \/>\nType de jauge : Fixation simple, fixation d'assemblage<br \/>\nTraitement : Usinage CNC, CMM<br \/>\nTraitement de surface : Anodisation, rev\u00eatement par poudre<br \/>\nD\u00e9lai de livraison : 20 jours<br \/>\nAssurance qualit\u00e9 : Inspection interne par CMM, certification par un tiers<\/p>","protected":false},"excerpt":{"rendered":"<p>Les dispositifs de contr\u00f4le des sorties d'air des voitures sont utilis\u00e9s dans l'industrie automobile pour garantir la qualit\u00e9 et la pr\u00e9cision des sorties d'air des voitures au cours du processus de fabrication.<\/p>","protected":false},"featured_media":745,"template":"","meta":{"_seopress_robots_primary_cat":"","_seopress_titles_title":"","_seopress_titles_desc":"","_seopress_robots_index":""},"product_brand":[],"product_cat":[21,31],"product_tag":[],"class_list":{"0":"post-814","1":"product","2":"type-product","3":"status-publish","4":"has-post-thumbnail","6":"product_cat-checking-fixture","7":"product_cat-plastic-parts-checking-fixture","9":"first","10":"instock","11":"shipping-taxable","12":"product-type-simple"},"_links":{"self":[{"href":"https:\/\/www.favamill.com\/fr\/wp-json\/wp\/v2\/product\/814","targetHints":{"allow":["GET"]}}],"collection":[{"href":"https:\/\/www.favamill.com\/fr\/wp-json\/wp\/v2\/product"}],"about":[{"href":"https:\/\/www.favamill.com\/fr\/wp-json\/wp\/v2\/types\/product"}],"wp:featuredmedia":[{"embeddable":true,"href":"https:\/\/www.favamill.com\/fr\/wp-json\/wp\/v2\/media\/745"}],"wp:attachment":[{"href":"https:\/\/www.favamill.com\/fr\/wp-json\/wp\/v2\/media?parent=814"}],"wp:term":[{"taxonomy":"product_brand","embeddable":true,"href":"https:\/\/www.favamill.com\/fr\/wp-json\/wp\/v2\/product_brand?post=814"},{"taxonomy":"product_cat","embeddable":true,"href":"https:\/\/www.favamill.com\/fr\/wp-json\/wp\/v2\/product_cat?post=814"},{"taxonomy":"product_tag","embeddable":true,"href":"https:\/\/www.favamill.com\/fr\/wp-json\/wp\/v2\/product_tag?post=814"}],"curies":[{"name":"wp","href":"https:\/\/api.w.org\/{rel}","templated":true}]}}