{"id":815,"date":"2023-07-10T14:17:04","date_gmt":"2023-07-10T14:17:04","guid":{"rendered":"https:\/\/b2.favamill.com\/product\/auto-grille-checking-fixture\/"},"modified":"2024-06-02T22:50:41","modified_gmt":"2024-06-02T22:50:41","slug":"moyen-de-controle-pour-calandre-automobile","status":"publish","type":"product","link":"https:\/\/www.favamill.com\/fr\/product\/moyen-de-controle-pour-calandre-automobile\/","title":{"rendered":"Dispositif de contr\u00f4le de la calandre"},"content":{"rendered":"<p>Mati\u00e8re plastique : ABS<br \/>\nMat\u00e9riau de fixation : AL6061, S136<br \/>\nTraitement : Usinage CNC, CMM<br \/>\nTraitement de surface : Anodisation, rev\u00eatement par poudre<br \/>\nFonction :<\/p>\n<p>Contr\u00f4ler la tol\u00e9rance dimensionnelle globale et soutenir l'inspection de la MMT.<\/p>\n<p>Le gabarit de contr\u00f4le de la calandre automobile est un outil d'inspection sp\u00e9cial con\u00e7u et fabriqu\u00e9 pour faciliter l'inspection de la qualit\u00e9 pendant la production en s\u00e9rie de pi\u00e8ces automobiles, ce qui permet de gagner du temps et d'\u00e9conomiser de la main-d'\u0153uvre par rapport \u00e0 l'inspection effectu\u00e9e avec des outils de mesure g\u00e9n\u00e9raux.<\/p>","protected":false},"excerpt":{"rendered":"<p>Les moyens de contr\u00f4le pour calandre sont utilis\u00e9s dans l'industrie automobile pour v\u00e9rifier la qualit\u00e9, l'ajustement et l'alignement des composants de la calandre au cours du processus de fabrication.<\/p>","protected":false},"featured_media":748,"template":"","meta":{"_seopress_robots_primary_cat":"","_seopress_titles_title":"","_seopress_titles_desc":"","_seopress_robots_index":""},"product_brand":[],"product_cat":[21,31],"product_tag":[],"class_list":{"0":"post-815","1":"product","2":"type-product","3":"status-publish","4":"has-post-thumbnail","6":"product_cat-checking-fixture","7":"product_cat-plastic-parts-checking-fixture","9":"first","10":"instock","11":"shipping-taxable","12":"product-type-simple"},"_links":{"self":[{"href":"https:\/\/www.favamill.com\/fr\/wp-json\/wp\/v2\/product\/815","targetHints":{"allow":["GET"]}}],"collection":[{"href":"https:\/\/www.favamill.com\/fr\/wp-json\/wp\/v2\/product"}],"about":[{"href":"https:\/\/www.favamill.com\/fr\/wp-json\/wp\/v2\/types\/product"}],"wp:featuredmedia":[{"embeddable":true,"href":"https:\/\/www.favamill.com\/fr\/wp-json\/wp\/v2\/media\/748"}],"wp:attachment":[{"href":"https:\/\/www.favamill.com\/fr\/wp-json\/wp\/v2\/media?parent=815"}],"wp:term":[{"taxonomy":"product_brand","embeddable":true,"href":"https:\/\/www.favamill.com\/fr\/wp-json\/wp\/v2\/product_brand?post=815"},{"taxonomy":"product_cat","embeddable":true,"href":"https:\/\/www.favamill.com\/fr\/wp-json\/wp\/v2\/product_cat?post=815"},{"taxonomy":"product_tag","embeddable":true,"href":"https:\/\/www.favamill.com\/fr\/wp-json\/wp\/v2\/product_tag?post=815"}],"curies":[{"name":"wp","href":"https:\/\/api.w.org\/{rel}","templated":true}]}}