{"id":816,"date":"2023-07-16T08:30:46","date_gmt":"2023-07-16T08:30:46","guid":{"rendered":"https:\/\/b2.favamill.com\/product\/automotive-vibration-part-jigs\/"},"modified":"2024-06-02T22:50:41","modified_gmt":"2024-06-02T22:50:41","slug":"gabarits-pour-pieces-vibrantes-automobiles","status":"publish","type":"product","link":"https:\/\/www.favamill.com\/fr\/product\/gabarits-pour-pieces-vibrantes-automobiles\/","title":{"rendered":"Gabarits pour pi\u00e8ces vibrantes automobiles"},"content":{"rendered":"<p>Mati\u00e8re plastique : POM<br \/>\nMat\u00e9riau de fixation : AL6061, S136<br \/>\nTraitement : Usinage CNC, CMM<br \/>\nTraitement de surface : Anodisation, rev\u00eatement par poudre<br \/>\nCaract\u00e9ristiques : Poids l\u00e9ger, poids minimum pour les tests de vibration des pi\u00e8ces automobiles<\/p>","protected":false},"excerpt":{"rendered":"<p>Les gabarits de vibration pour pi\u00e8ces automobiles, \u00e9galement connus sous le nom de montages de vibration ou de montages d'essai de vibration, sont utilis\u00e9s dans l'industrie automobile pour simuler et \u00e9valuer la r\u00e9ponse des composants et des assemblages automobiles,<\/p>","protected":false},"featured_media":754,"template":"","meta":{"_seopress_robots_primary_cat":"","_seopress_titles_title":"","_seopress_titles_desc":"","_seopress_robots_index":""},"product_brand":[],"product_cat":[30],"product_tag":[],"class_list":{"0":"post-816","1":"product","2":"type-product","3":"status-publish","4":"has-post-thumbnail","6":"product_cat-jigs-gages","8":"first","9":"instock","10":"shipping-taxable","11":"product-type-simple"},"_links":{"self":[{"href":"https:\/\/www.favamill.com\/fr\/wp-json\/wp\/v2\/product\/816","targetHints":{"allow":["GET"]}}],"collection":[{"href":"https:\/\/www.favamill.com\/fr\/wp-json\/wp\/v2\/product"}],"about":[{"href":"https:\/\/www.favamill.com\/fr\/wp-json\/wp\/v2\/types\/product"}],"wp:featuredmedia":[{"embeddable":true,"href":"https:\/\/www.favamill.com\/fr\/wp-json\/wp\/v2\/media\/754"}],"wp:attachment":[{"href":"https:\/\/www.favamill.com\/fr\/wp-json\/wp\/v2\/media?parent=816"}],"wp:term":[{"taxonomy":"product_brand","embeddable":true,"href":"https:\/\/www.favamill.com\/fr\/wp-json\/wp\/v2\/product_brand?post=816"},{"taxonomy":"product_cat","embeddable":true,"href":"https:\/\/www.favamill.com\/fr\/wp-json\/wp\/v2\/product_cat?post=816"},{"taxonomy":"product_tag","embeddable":true,"href":"https:\/\/www.favamill.com\/fr\/wp-json\/wp\/v2\/product_tag?post=816"}],"curies":[{"name":"wp","href":"https:\/\/api.w.org\/{rel}","templated":true}]}}