{"id":817,"date":"2023-07-16T08:45:58","date_gmt":"2023-07-16T08:45:58","guid":{"rendered":"https:\/\/b2.favamill.com\/product\/car-accessories-gonogo-gage-inspection-tool\/"},"modified":"2024-06-02T22:50:42","modified_gmt":"2024-06-02T22:50:42","slug":"accessoires-automobiles-gonogo-outil-dinspection","status":"publish","type":"product","link":"https:\/\/www.favamill.com\/fr\/product\/accessoires-automobiles-gonogo-outil-dinspection\/","title":{"rendered":"Accessoires automobiles Outil d'inspection Go&amp;NoGo"},"content":{"rendered":"<p>Lieu d'origine : Guangdong, Chine<br \/>\nNom de marque:Favamill<br \/>\nNum\u00e9ro de mod\u00e8le : FG005 m\u00e9trique et pouce<br \/>\nNom du produit : Jauge Go&amp;NoGo<br \/>\nMat\u00e9riau : acier au carbone<br \/>\nType:Outils de mesure manuelle<br \/>\nApplication:Jauges de travail<br \/>\nD\u00e9lai de livraison : 3-7 jours<br \/>\nEmballage et livraison:D\u00e9tails de l'emballage Bo\u00eete en plastique et carton<br \/>\nPort:shenzhen<\/p>","protected":false},"excerpt":{"rendered":"<p>Les outils d'inspection Go&amp;NoGo pour accessoires automobiles, \u00e9galement appel\u00e9s moyens de contr\u00f4le ou jauges d'inspection, sont utilis\u00e9s dans l'industrie automobile pour v\u00e9rifier la pr\u00e9cision dimensionnelle et la conformit\u00e9 des composants d'accessoires automobiles.<\/p>","protected":false},"featured_media":757,"template":"","meta":{"_seopress_robots_primary_cat":"","_seopress_titles_title":"","_seopress_titles_desc":"","_seopress_robots_index":""},"product_brand":[],"product_cat":[30],"product_tag":[],"class_list":{"0":"post-817","1":"product","2":"type-product","3":"status-publish","4":"has-post-thumbnail","6":"product_cat-jigs-gages","8":"first","9":"instock","10":"shipping-taxable","11":"product-type-simple"},"_links":{"self":[{"href":"https:\/\/www.favamill.com\/fr\/wp-json\/wp\/v2\/product\/817","targetHints":{"allow":["GET"]}}],"collection":[{"href":"https:\/\/www.favamill.com\/fr\/wp-json\/wp\/v2\/product"}],"about":[{"href":"https:\/\/www.favamill.com\/fr\/wp-json\/wp\/v2\/types\/product"}],"wp:featuredmedia":[{"embeddable":true,"href":"https:\/\/www.favamill.com\/fr\/wp-json\/wp\/v2\/media\/757"}],"wp:attachment":[{"href":"https:\/\/www.favamill.com\/fr\/wp-json\/wp\/v2\/media?parent=817"}],"wp:term":[{"taxonomy":"product_brand","embeddable":true,"href":"https:\/\/www.favamill.com\/fr\/wp-json\/wp\/v2\/product_brand?post=817"},{"taxonomy":"product_cat","embeddable":true,"href":"https:\/\/www.favamill.com\/fr\/wp-json\/wp\/v2\/product_cat?post=817"},{"taxonomy":"product_tag","embeddable":true,"href":"https:\/\/www.favamill.com\/fr\/wp-json\/wp\/v2\/product_tag?post=817"}],"curies":[{"name":"wp","href":"https:\/\/api.w.org\/{rel}","templated":true}]}}