{"id":818,"date":"2023-07-27T16:55:12","date_gmt":"2023-07-27T16:55:12","guid":{"rendered":"https:\/\/b2.favamill.com\/product\/customized-cnc-machining-checking-fixture-for-automotive-bracket\/"},"modified":"2024-06-02T22:50:42","modified_gmt":"2024-06-02T22:50:42","slug":"moyen-de-controle-personnalise-pour-lusinage-cnc-dun-support-automobile","status":"publish","type":"product","link":"https:\/\/www.favamill.com\/fr\/product\/moyen-de-controle-personnalise-pour-lusinage-cnc-dun-support-automobile\/","title":{"rendered":"Moyens de contr\u00f4le personnalis\u00e9s pour l'usinage CNC de supports automobiles"},"content":{"rendered":"<table border=\"1\" cellspacing=\"1\" cellpadding=\"1\">\n<tbody>\n<tr>\n<td>Mat\u00e9riau de la cavit\u00e9<\/td>\n<td>1.2738,1.2343, 1.2344, S7, H13, P20HH, GS738H, LKM738H, 718, 8407, S136, Calmax 635 NAK80,<br \/>\nSKD-61, NIMAX, 45#, 50#, aluminium pour moule prototype, etc.<\/td>\n<\/tr>\n<tr>\n<td>Coureur<\/td>\n<td>Machine \u00e0 froid ou machine \u00e0 chaud :YUDO\/ HUSKY\/MOLD-MASTER\/SYNVENTIRE\/INCO\/ MASTIP\/ HASCO\/ DME<\/td>\n<\/tr>\n<tr>\n<td>Portail<\/td>\n<td>Porte sous-marine, porte de tunnel, porte lat\u00e9rale\/de bord, porte directe, porte de point d'\u00e9pingle, porte de carotte, porte de diaphragme, porte de ventilateur, porte de noix de cajou, porte de crochet, pointe chaude, goutte chaude, porte de vanne, etc.<\/td>\n<\/tr>\n<tr>\n<td>Mati\u00e8re plastique pour les pi\u00e8ces<\/td>\n<td>PS, SAN, PA, POM, ABS, PP, PET, PC, PE, HDPE, PA66+GF, PVC, TPE, TPU, TPV, etc.<\/td>\n<\/tr>\n<tr>\n<td>Processus<\/td>\n<td>CNC, sculpture \u00e0 grande vitesse, EDM, coupe de c\u00e2bles, per\u00e7age, polissage, etc.<\/td>\n<\/tr>\n<tr>\n<td>D\u00e9lai d'ex\u00e9cution<\/td>\n<td>10-30 jours ouvrables en fonction de la structure et de la taille des produits<\/td>\n<\/tr>\n<tr>\n<td>Paquet<\/td>\n<td>Emballage en bois ou selon les besoins du client<\/td>\n<\/tr>\n<tr>\n<td>Dur\u00e9e du prix<\/td>\n<td>EX Works, FOB Shenzhen, FOB Hong Kong, China, CFR, CIF, DDU, DDP<\/td>\n<\/tr>\n<\/tbody>\n<\/table>","protected":false},"excerpt":{"rendered":"<p>En ce qui concerne les caract\u00e9ristiques des supports automobiles, un moyen de contr\u00f4le d'usinage CNC personnalis\u00e9 doit int\u00e9grer plusieurs aspects importants.<\/p>","protected":false},"featured_media":763,"template":"","meta":{"_seopress_robots_primary_cat":"","_seopress_titles_title":"","_seopress_titles_desc":"","_seopress_robots_index":""},"product_brand":[],"product_cat":[21,23],"product_tag":[],"class_list":{"0":"post-818","1":"product","2":"type-product","3":"status-publish","4":"has-post-thumbnail","6":"product_cat-checking-fixture","7":"product_cat-sheet-metal-checking-fixture","9":"first","10":"instock","11":"shipping-taxable","12":"product-type-simple"},"_links":{"self":[{"href":"https:\/\/www.favamill.com\/fr\/wp-json\/wp\/v2\/product\/818","targetHints":{"allow":["GET"]}}],"collection":[{"href":"https:\/\/www.favamill.com\/fr\/wp-json\/wp\/v2\/product"}],"about":[{"href":"https:\/\/www.favamill.com\/fr\/wp-json\/wp\/v2\/types\/product"}],"wp:featuredmedia":[{"embeddable":true,"href":"https:\/\/www.favamill.com\/fr\/wp-json\/wp\/v2\/media\/763"}],"wp:attachment":[{"href":"https:\/\/www.favamill.com\/fr\/wp-json\/wp\/v2\/media?parent=818"}],"wp:term":[{"taxonomy":"product_brand","embeddable":true,"href":"https:\/\/www.favamill.com\/fr\/wp-json\/wp\/v2\/product_brand?post=818"},{"taxonomy":"product_cat","embeddable":true,"href":"https:\/\/www.favamill.com\/fr\/wp-json\/wp\/v2\/product_cat?post=818"},{"taxonomy":"product_tag","embeddable":true,"href":"https:\/\/www.favamill.com\/fr\/wp-json\/wp\/v2\/product_tag?post=818"}],"curies":[{"name":"wp","href":"https:\/\/api.w.org\/{rel}","templated":true}]}}