{"id":820,"date":"2023-08-23T15:12:54","date_gmt":"2023-08-23T15:12:54","guid":{"rendered":"https:\/\/b2.favamill.com\/product\/welding-assembly-fixture-for-automobile-rear-door\/"},"modified":"2024-06-02T22:50:42","modified_gmt":"2024-06-02T22:50:42","slug":"dispositif-dassemblage-par-soudage-pour-porte-arriere-dautomobile","status":"publish","type":"product","link":"https:\/\/www.favamill.com\/fr\/product\/dispositif-dassemblage-par-soudage-pour-porte-arriere-dautomobile\/","title":{"rendered":"Montage de soudage pour porte arri\u00e8re d'automobile"},"content":{"rendered":"<table style=\"border-collapse: collapse; width: 607px; height: 743px;\" border=\"0\" width=\"479\" cellspacing=\"0\" cellpadding=\"0\">\n<tbody>\n<tr style=\"height: 48.00pt;\">\n<td class=\"et2\" style=\"height: 48.00pt; width: 140.25pt;\" width=\"187\" height=\"64\">Nom de la marque<\/td>\n<td class=\"et3\" style=\"width: 219.00pt;\" width=\"292\"><span class=\"font2\">Favamill<\/span><\/td>\n<\/tr>\n<tr style=\"height: 48.00pt;\">\n<td class=\"et2\" style=\"height: 48.00pt; width: 140.25pt;\" width=\"187\" height=\"64\">Nom du produit<\/td>\n<td class=\"et3\" style=\"width: 219.00pt;\" width=\"292\">Montage de soudage pour porte arri\u00e8re d'automobile<\/td>\n<\/tr>\n<tr style=\"height: 48.00pt;\">\n<td class=\"et2\" style=\"height: 48.00pt; width: 140.25pt;\" width=\"187\" height=\"64\">Tol\u00e9rance<\/td>\n<td class=\"et3\" style=\"width: 219.00pt;\" width=\"292\"><span class=\"font2\">\u00b10,002 mm<\/span><\/td>\n<\/tr>\n<tr style=\"height: 48.00pt;\">\n<td class=\"et2\" style=\"height: 48.00pt; width: 140.25pt;\" width=\"187\" height=\"64\">Mat\u00e9riau<\/td>\n<td class=\"et3\" style=\"width: 219.00pt;\" width=\"292\"><span class=\"font2\">SKD11, SKD 61, Cr12MOV, D2, SKH-9, RM56, ASP23, etc.<\/span><\/td>\n<\/tr>\n<tr style=\"height: 48.00pt;\">\n<td class=\"et2\" style=\"height: 48.00pt; width: 140.25pt;\" width=\"187\" height=\"64\">Logiciel de conception<\/td>\n<td class=\"et3\" style=\"width: 219.00pt;\" width=\"292\"><span class=\"font2\">AutoCAD, Solid works, PRO\/E, UG<\/span><\/td>\n<\/tr>\n<tr style=\"height: 48.00pt;\">\n<td class=\"et2\" style=\"height: 48.00pt; width: 140.25pt;\" width=\"187\" height=\"64\">Standard<\/td>\n<td class=\"et3\" style=\"width: 219.00pt;\" width=\"292\"><span class=\"font2\">ISO9001<\/span><\/td>\n<\/tr>\n<tr style=\"height: 48.00pt;\">\n<td class=\"et2\" style=\"height: 48.00pt; width: 140.25pt;\" width=\"187\" height=\"64\">Type de moule<\/td>\n<td class=\"et3\" style=\"width: 219.00pt;\" width=\"292\"><span class=\"font2\">Matrice d'emboutissage compos\u00e9e, matrice d'emboutissage simple, matrice progressive ou selon les exigences du client<\/span><\/td>\n<\/tr>\n<tr style=\"height: 48.00pt;\">\n<td class=\"et2\" style=\"height: 48.00pt; width: 140.25pt;\" width=\"187\" height=\"64\">Premier proc\u00e8s<\/td>\n<td class=\"et3\" style=\"width: 219.00pt;\" width=\"292\"><span class=\"font2\">15-25 jours apr\u00e8s confirmation du dessin du moule<\/span><\/td>\n<\/tr>\n<tr style=\"height: 48.00pt;\">\n<td class=\"et4\" style=\"height: 48.00pt; width: 140.25pt;\" width=\"187\" height=\"64\">Vie des moules<\/td>\n<td class=\"et5\" style=\"width: 219.00pt;\" width=\"292\"><span class=\"font2\">D\u00e9pend de la capacit\u00e9 de production du client<\/span><\/td>\n<\/tr>\n<tr style=\"height: 48.00pt;\">\n<td class=\"et2\" style=\"height: 48.00pt; width: 140.25pt;\" width=\"187\" height=\"64\">Confirmation de la qualit\u00e9<\/td>\n<td class=\"et3\" style=\"width: 219.00pt;\" width=\"292\"><span class=\"font2\">Possibilit\u00e9 d'envoyer le plan de la fili\u00e8re, la vid\u00e9o des essais, le certificat d'inspection et un \u00e9chantillon du produit.<\/span><\/td>\n<\/tr>\n<tr style=\"height: 48.00pt;\">\n<td class=\"et2\" style=\"height: 48.00pt; width: 140.25pt;\" width=\"187\" height=\"64\">Paquet<\/td>\n<td class=\"et3\" style=\"width: 219.00pt;\" width=\"292\"><span class=\"font2\">Sacs et cartons en PE pour les produits, caisses en bois pour les matrices\/moules, ou selon les exigences du client.<\/span><\/td>\n<\/tr>\n<\/tbody>\n<\/table>","protected":false},"excerpt":{"rendered":"<p>Dans l'ensemble, ce dispositif de soudage des porti\u00e8res arri\u00e8re d'automobile doit permettre un alignement pr\u00e9cis, un serrage s\u00fbr et des processus de soudage efficaces afin de maintenir une qualit\u00e9 constante tout en am\u00e9liorant la productivit\u00e9 et en acc\u00e9l\u00e9rant les processus de fabrication.<\/p>","protected":false},"featured_media":777,"template":"","meta":{"_seopress_robots_primary_cat":"","_seopress_titles_title":"","_seopress_titles_desc":"","_seopress_robots_index":""},"product_brand":[],"product_cat":[25],"product_tag":[],"class_list":{"0":"post-820","1":"product","2":"type-product","3":"status-publish","4":"has-post-thumbnail","6":"product_cat-welding-fixture","8":"first","9":"instock","10":"shipping-taxable","11":"product-type-simple"},"_links":{"self":[{"href":"https:\/\/www.favamill.com\/fr\/wp-json\/wp\/v2\/product\/820","targetHints":{"allow":["GET"]}}],"collection":[{"href":"https:\/\/www.favamill.com\/fr\/wp-json\/wp\/v2\/product"}],"about":[{"href":"https:\/\/www.favamill.com\/fr\/wp-json\/wp\/v2\/types\/product"}],"wp:featuredmedia":[{"embeddable":true,"href":"https:\/\/www.favamill.com\/fr\/wp-json\/wp\/v2\/media\/777"}],"wp:attachment":[{"href":"https:\/\/www.favamill.com\/fr\/wp-json\/wp\/v2\/media?parent=820"}],"wp:term":[{"taxonomy":"product_brand","embeddable":true,"href":"https:\/\/www.favamill.com\/fr\/wp-json\/wp\/v2\/product_brand?post=820"},{"taxonomy":"product_cat","embeddable":true,"href":"https:\/\/www.favamill.com\/fr\/wp-json\/wp\/v2\/product_cat?post=820"},{"taxonomy":"product_tag","embeddable":true,"href":"https:\/\/www.favamill.com\/fr\/wp-json\/wp\/v2\/product_tag?post=820"}],"curies":[{"name":"wp","href":"https:\/\/api.w.org\/{rel}","templated":true}]}}