{"id":821,"date":"2023-08-23T16:05:42","date_gmt":"2023-08-23T16:05:42","guid":{"rendered":"https:\/\/b2.favamill.com\/product\/steel-cmm-holding-fixture-for-automotive-part\/"},"modified":"2024-06-02T22:50:42","modified_gmt":"2024-06-02T22:50:42","slug":"dispositif-de-maintien-en-acier-cmm-pour-pieces-automobiles","status":"publish","type":"product","link":"https:\/\/www.favamill.com\/fr\/product\/dispositif-de-maintien-en-acier-cmm-pour-pieces-automobiles\/","title":{"rendered":"Dispositif de maintien en acier Cmm pour pi\u00e8ces automobiles"},"content":{"rendered":"<table style=\"border-collapse: collapse; width: 408.02pt;\" border=\"0\" width=\"544\" cellspacing=\"0\" cellpadding=\"0\">\n<tbody>\n<tr style=\"height: 48.00pt;\">\n<td class=\"et2\" style=\"height: 48.00pt; width: 152.25pt;\" width=\"203\" height=\"64\">Soutien personnalis\u00e9<\/td>\n<td style=\"width: 255.75pt;\" width=\"341\">OEM, ODM, R\u00e9ing\u00e9nierie logicielle<\/td>\n<\/tr>\n<tr style=\"height: 48.00pt;\">\n<td class=\"et2\" style=\"height: 48.00pt; width: 152.25pt;\" width=\"203\" height=\"64\">Lieu d'origine<\/td>\n<td class=\"et3\" style=\"width: 255.75pt;\" width=\"341\"><span class=\"font2\">Guangdong, Chine<\/span><\/td>\n<\/tr>\n<tr style=\"height: 48.00pt;\">\n<td class=\"et2\" style=\"height: 48.00pt; width: 152.25pt;\" width=\"203\" height=\"64\">Nom de la marque<\/td>\n<td>Favimiall<\/td>\n<\/tr>\n<tr style=\"height: 48.00pt;\">\n<td class=\"et2\" style=\"height: 48.00pt; width: 152.25pt;\" width=\"203\" height=\"64\">Num\u00e9ro de mod\u00e8le<\/td>\n<td class=\"et3\" style=\"width: 255.75pt;\" width=\"341\">FV-J-01<\/td>\n<\/tr>\n<tr style=\"height: 48.00pt;\">\n<td class=\"et2\" style=\"height: 48.00pt; width: 152.25pt;\" width=\"203\" height=\"64\">Nom du produit<\/td>\n<td class=\"et3\" style=\"width: 255.75pt;\" width=\"341\">Moyen de contr\u00f4le des pi\u00e8ces automobiles<\/td>\n<\/tr>\n<tr style=\"height: 48.00pt;\">\n<td class=\"et2\" style=\"height: 48.00pt; width: 152.25pt;\" width=\"203\" height=\"64\">Fonction<\/td>\n<td class=\"et3\" style=\"width: 255.75pt;\" width=\"341\"><span class=\"font2\">V\u00e9rification des composants<\/span><\/td>\n<\/tr>\n<tr style=\"height: 48.00pt;\">\n<td class=\"et2\" style=\"height: 48.00pt; width: 152.25pt;\" width=\"203\" height=\"64\">D\u00e9lai de livraison<\/td>\n<td class=\"et3\" style=\"width: 255.75pt;\" width=\"341\"><span class=\"font2\">30 jours<\/span><\/td>\n<\/tr>\n<tr style=\"height: 48.00pt;\">\n<td class=\"et2\" style=\"height: 48.00pt; width: 152.25pt;\" width=\"203\" height=\"64\">MOQ<\/td>\n<td>1PC<\/td>\n<\/tr>\n<tr style=\"height: 48.00pt;\">\n<td class=\"et4\" style=\"height: 48.00pt;\" height=\"64\">Mat\u00e9riau<\/td>\n<td>Acier<\/td>\n<\/tr>\n<tr style=\"height: 48.00pt;\">\n<td class=\"et4\" style=\"height: 48.00pt;\" height=\"64\">Type<\/td>\n<td>Testeur d'automobiles<\/td>\n<\/tr>\n<\/tbody>\n<\/table>","protected":false},"excerpt":{"rendered":"<p>Dans l'ensemble, nos supports de MMT en acier pour pi\u00e8ces automobiles offrent une grande pr\u00e9cision, une construction robuste, des conceptions personnalisables et d'autres caract\u00e9ristiques permettant d'effectuer des mesures pr\u00e9cises au cours des processus d'inspection.<\/p>","protected":false},"featured_media":783,"template":"","meta":{"_seopress_robots_primary_cat":"","_seopress_titles_title":"","_seopress_titles_desc":"","_seopress_robots_index":""},"product_brand":[],"product_cat":[32],"product_tag":[],"class_list":{"0":"post-821","1":"product","2":"type-product","3":"status-publish","4":"has-post-thumbnail","6":"product_cat-cmm-holding-fixture","8":"first","9":"instock","10":"shipping-taxable","11":"product-type-simple"},"_links":{"self":[{"href":"https:\/\/www.favamill.com\/fr\/wp-json\/wp\/v2\/product\/821","targetHints":{"allow":["GET"]}}],"collection":[{"href":"https:\/\/www.favamill.com\/fr\/wp-json\/wp\/v2\/product"}],"about":[{"href":"https:\/\/www.favamill.com\/fr\/wp-json\/wp\/v2\/types\/product"}],"wp:featuredmedia":[{"embeddable":true,"href":"https:\/\/www.favamill.com\/fr\/wp-json\/wp\/v2\/media\/783"}],"wp:attachment":[{"href":"https:\/\/www.favamill.com\/fr\/wp-json\/wp\/v2\/media?parent=821"}],"wp:term":[{"taxonomy":"product_brand","embeddable":true,"href":"https:\/\/www.favamill.com\/fr\/wp-json\/wp\/v2\/product_brand?post=821"},{"taxonomy":"product_cat","embeddable":true,"href":"https:\/\/www.favamill.com\/fr\/wp-json\/wp\/v2\/product_cat?post=821"},{"taxonomy":"product_tag","embeddable":true,"href":"https:\/\/www.favamill.com\/fr\/wp-json\/wp\/v2\/product_tag?post=821"}],"curies":[{"name":"wp","href":"https:\/\/api.w.org\/{rel}","templated":true}]}}