{"id":822,"date":"2023-08-24T18:02:04","date_gmt":"2023-08-24T18:02:04","guid":{"rendered":"https:\/\/b2.favamill.com\/product\/auto-welding-fixture-for-production-line-manufacturing\/"},"modified":"2024-06-02T22:50:42","modified_gmt":"2024-06-02T22:50:42","slug":"dispositif-de-soudage-automatique-pour-la-fabrication-en-ligne","status":"publish","type":"product","link":"https:\/\/www.favamill.com\/fr\/product\/dispositif-de-soudage-automatique-pour-la-fabrication-en-ligne\/","title":{"rendered":"Dispositif de soudage automatique pour la fabrication de lignes de production"},"content":{"rendered":"<table style=\"height: 649px;\" border=\"0\" width=\"755\" cellspacing=\"0\" cellpadding=\"0\">\n<tbody>\n<tr>\n<td class=\"et2\" width=\"203\" height=\"64\">Soutien personnalis\u00e9<\/td>\n<td width=\"341\">OEM, ODM, R\u00e9ing\u00e9nierie logicielle<\/td>\n<\/tr>\n<tr>\n<td class=\"et2\" width=\"203\" height=\"64\">Lieu d'origine<\/td>\n<td class=\"et3\" width=\"341\"><span class=\"font2\">Guangdong, Chine<\/span><\/td>\n<\/tr>\n<tr>\n<td class=\"et2\" width=\"203\" height=\"64\">Nom de la marque<\/td>\n<td>Favimiall<\/td>\n<\/tr>\n<tr>\n<td class=\"et2\" width=\"203\" height=\"64\">Num\u00e9ro de mod\u00e8le<\/td>\n<td class=\"et3\" width=\"341\">FV-W-005<\/td>\n<\/tr>\n<tr>\n<td class=\"et2\" width=\"203\" height=\"64\">Nom du produit<\/td>\n<td class=\"et3\" width=\"341\">Dispositif de soudage automatique pour la fabrication de lignes de production<\/td>\n<\/tr>\n<tr>\n<td class=\"et2\" width=\"203\" height=\"64\">Fonction<\/td>\n<td class=\"et3\" width=\"341\"><span class=\"font2\">V\u00e9rification des composants<\/span><\/td>\n<\/tr>\n<tr>\n<td class=\"et2\" width=\"203\" height=\"64\">D\u00e9lai de livraison<\/td>\n<td class=\"et3\" width=\"341\"><span class=\"font2\">30 jours<\/span><\/td>\n<\/tr>\n<tr>\n<td class=\"et2\" width=\"203\" height=\"64\">MOQ<\/td>\n<td>1PC<\/td>\n<\/tr>\n<tr>\n<td class=\"et4\" height=\"64\">Mat\u00e9riau<\/td>\n<td>Acier<\/td>\n<\/tr>\n<tr>\n<td class=\"et4\" height=\"64\">Emballage :<\/td>\n<td>Caisse en bois<\/td>\n<\/tr>\n<\/tbody>\n<\/table>","protected":false},"excerpt":{"rendered":"<p>Les montages de soudage Auto jouent un r\u00f4le essentiel en garantissant des processus de soudage constants et efficaces dans le cadre d'une cha\u00eene de production. Ils permettent d'am\u00e9liorer l'efficacit\u00e9, de r\u00e9duire les erreurs et d'am\u00e9liorer les performances globales des composants soudables.<\/p>","protected":false},"featured_media":790,"template":"","meta":{"_seopress_robots_primary_cat":"","_seopress_titles_title":"","_seopress_titles_desc":"","_seopress_robots_index":""},"product_brand":[],"product_cat":[25],"product_tag":[],"class_list":{"0":"post-822","1":"product","2":"type-product","3":"status-publish","4":"has-post-thumbnail","6":"product_cat-welding-fixture","8":"first","9":"instock","10":"shipping-taxable","11":"product-type-simple"},"_links":{"self":[{"href":"https:\/\/www.favamill.com\/fr\/wp-json\/wp\/v2\/product\/822","targetHints":{"allow":["GET"]}}],"collection":[{"href":"https:\/\/www.favamill.com\/fr\/wp-json\/wp\/v2\/product"}],"about":[{"href":"https:\/\/www.favamill.com\/fr\/wp-json\/wp\/v2\/types\/product"}],"wp:featuredmedia":[{"embeddable":true,"href":"https:\/\/www.favamill.com\/fr\/wp-json\/wp\/v2\/media\/790"}],"wp:attachment":[{"href":"https:\/\/www.favamill.com\/fr\/wp-json\/wp\/v2\/media?parent=822"}],"wp:term":[{"taxonomy":"product_brand","embeddable":true,"href":"https:\/\/www.favamill.com\/fr\/wp-json\/wp\/v2\/product_brand?post=822"},{"taxonomy":"product_cat","embeddable":true,"href":"https:\/\/www.favamill.com\/fr\/wp-json\/wp\/v2\/product_cat?post=822"},{"taxonomy":"product_tag","embeddable":true,"href":"https:\/\/www.favamill.com\/fr\/wp-json\/wp\/v2\/product_tag?post=822"}],"curies":[{"name":"wp","href":"https:\/\/api.w.org\/{rel}","templated":true}]}}