{"id":824,"date":"2023-08-30T15:38:29","date_gmt":"2023-08-30T15:38:29","guid":{"rendered":"https:\/\/b2.favamill.com\/product\/0-01mm-electronic-micrometer-0-00005-digital-micrometer\/"},"modified":"2024-06-08T07:03:03","modified_gmt":"2024-06-08T07:03:03","slug":"dispositif-dinspection-et-de-controle-de-lautomobile-pour-lusinage-a-commande-numerique","status":"publish","type":"product","link":"https:\/\/www.favamill.com\/fr\/product\/dispositif-dinspection-et-de-controle-de-lautomobile-pour-lusinage-a-commande-numerique\/","title":{"rendered":"Dispositif d'inspection et de v\u00e9rification CNC pour l'industrie automobile"},"content":{"rendered":"<table style=\"border-collapse: collapse; width: 573.77pt;\" border=\"0\" width=\"765\" cellspacing=\"0\" cellpadding=\"0\">\n<tbody>\n<tr style=\"height: 32.00pt;\">\n<td class=\"et2\" style=\"height: 32.00pt; width: 231.75pt;\" width=\"309\" height=\"42\">Num\u00e9ro de mod\u00e8le<\/td>\n<td class=\"et2\" style=\"width: 342.00pt;\" width=\"456\">FM-AJ-01<\/td>\n<\/tr>\n<tr style=\"height: 27.00pt;\">\n<td class=\"et3\" style=\"height: 27.00pt; width: 231.75pt;\" width=\"309\" height=\"36\">Technologie de transformation<\/td>\n<td class=\"et3\" style=\"width: 342.00pt;\" width=\"456\">Usinage CNC<\/td>\n<\/tr>\n<tr style=\"height: 27.75pt;\">\n<td class=\"et3\" style=\"height: 27.75pt; width: 231.75pt;\" width=\"309\" height=\"37\">Capacit\u00e9s mat\u00e9rielles<\/td>\n<td class=\"et3\" style=\"width: 342.00pt;\" width=\"456\">Aluminium, laiton, bronze, cuivre, m\u00e9taux tremp\u00e9s, acier inoxydable, alliages d'acier<\/td>\n<\/tr>\n<tr style=\"height: 24.00pt;\">\n<td class=\"et2\" style=\"height: 24.00pt; width: 231.75pt;\" width=\"309\" height=\"32\">Lieu d'origine<\/td>\n<td class=\"et3\" style=\"width: 342.00pt;\" width=\"456\">Shenzhen Chine<\/td>\n<\/tr>\n<tr style=\"height: 53.00pt;\">\n<td class=\"et2\" style=\"height: 53.00pt; width: 231.75pt;\" width=\"309\" height=\"70\">Type<\/td>\n<td class=\"et2\" style=\"width: 342.00pt;\" width=\"456\">Brochage, per\u00e7age, gravure \/ usinage chimique, usinage au laser, fraisage, autres services d'usinage, tournage, \u00e9lectro\u00e9rosion \u00e0 fil<\/td>\n<\/tr>\n<tr style=\"height: 27.00pt;\">\n<td class=\"et2\" style=\"height: 27.00pt; width: 231.75pt;\" width=\"309\" height=\"36\">Micro-usinage ou non<\/td>\n<td class=\"et2\" style=\"width: 342.00pt;\" width=\"456\">Micro-usinage<\/td>\n<\/tr>\n<tr style=\"height: 27.00pt;\">\n<td class=\"et2\" style=\"height: 27.00pt; width: 231.75pt;\" width=\"309\" height=\"36\">Nom de la marque<\/td>\n<td class=\"et2\" style=\"width: 342.00pt;\" width=\"456\">Favamill<\/td>\n<\/tr>\n<tr style=\"height: 27.00pt;\">\n<td class=\"et2\" style=\"height: 27.00pt; width: 231.75pt;\" width=\"309\" height=\"36\">Nom du produit<\/td>\n<td class=\"et2\" style=\"width: 342.00pt;\" width=\"456\">Dispositif de mesure<\/td>\n<\/tr>\n<tr style=\"height: 27.00pt;\">\n<td class=\"et2\" style=\"height: 27.00pt; width: 231.75pt;\" width=\"309\" height=\"36\">Application<\/td>\n<td class=\"et3\" style=\"width: 342.00pt;\" width=\"456\">Dispositif de contr\u00f4le automatique<\/td>\n<\/tr>\n<tr style=\"height: 27.00pt;\">\n<td class=\"et2\" style=\"height: 27.00pt; width: 231.75pt;\" width=\"309\" height=\"36\">Mat\u00e9riau<\/td>\n<td class=\"et2\" style=\"width: 342.00pt;\" width=\"456\">Aluminium, acier inoxydable, fer, alliage, etc.<\/td>\n<\/tr>\n<tr style=\"height: 27.00pt;\">\n<td class=\"et2\" style=\"height: 27.00pt; width: 231.75pt;\" width=\"309\" height=\"36\">Traitement de surface<\/td>\n<td class=\"et3\" style=\"width: 342.00pt;\" width=\"456\">Exigences des clients<\/td>\n<\/tr>\n<tr style=\"height: 27.00pt;\">\n<td class=\"et2\" style=\"height: 27.00pt; width: 231.75pt;\" width=\"309\" height=\"36\">Contr\u00f4le de la qualit\u00e9<\/td>\n<td class=\"et3\" style=\"width: 342.00pt;\" width=\"456\">100% d\u00e9tection (CMM)<\/td>\n<\/tr>\n<tr style=\"height: 27.00pt;\">\n<td class=\"et2\" style=\"height: 27.00pt; width: 231.75pt;\" width=\"309\" height=\"36\">\u00c9chantillon<\/td>\n<td class=\"et2\" style=\"width: 342.00pt;\" width=\"456\">Soutien<\/td>\n<\/tr>\n<tr style=\"height: 27.00pt;\">\n<td class=\"et2\" style=\"height: 27.00pt; width: 231.75pt;\" width=\"309\" height=\"36\">Unit\u00e9s de vente :<\/td>\n<td class=\"et3\" style=\"width: 342.00pt;\" width=\"456\">Article unique<\/td>\n<\/tr>\n<tr style=\"height: 27.75pt;\">\n<td class=\"et2\" style=\"height: 27.75pt; width: 231.75pt;\" width=\"309\" height=\"37\">Taille de l'emballage unique :<\/td>\n<td class=\"et2\" style=\"width: 342.00pt;\" width=\"456\">10X10X10 cm<\/td>\n<\/tr>\n<tr style=\"height: 27.00pt;\">\n<td class=\"et2\" style=\"height: 27.00pt; width: 231.75pt;\" width=\"309\" height=\"36\">Poids brut unique :<\/td>\n<td class=\"et2\" style=\"width: 342.00pt;\" width=\"456\">0,300 kg<\/td>\n<\/tr>\n<\/tbody>\n<\/table>","protected":false},"excerpt":{"rendered":"<p>Mesures de haute pr\u00e9cision : mesures pr\u00e9cises jusqu'\u00e0 0,01 mm ou 0,00005 pouces respectivement.<\/p>","protected":false},"featured_media":1219,"template":"","meta":{"_seopress_robots_primary_cat":"none","_seopress_titles_title":"","_seopress_titles_desc":"","_seopress_robots_index":""},"product_brand":[],"product_cat":[30],"product_tag":[],"class_list":{"0":"post-824","1":"product","2":"type-product","3":"status-publish","4":"has-post-thumbnail","6":"product_cat-jigs-gages","8":"first","9":"instock","10":"shipping-taxable","11":"product-type-simple"},"_links":{"self":[{"href":"https:\/\/www.favamill.com\/fr\/wp-json\/wp\/v2\/product\/824","targetHints":{"allow":["GET"]}}],"collection":[{"href":"https:\/\/www.favamill.com\/fr\/wp-json\/wp\/v2\/product"}],"about":[{"href":"https:\/\/www.favamill.com\/fr\/wp-json\/wp\/v2\/types\/product"}],"wp:featuredmedia":[{"embeddable":true,"href":"https:\/\/www.favamill.com\/fr\/wp-json\/wp\/v2\/media\/1219"}],"wp:attachment":[{"href":"https:\/\/www.favamill.com\/fr\/wp-json\/wp\/v2\/media?parent=824"}],"wp:term":[{"taxonomy":"product_brand","embeddable":true,"href":"https:\/\/www.favamill.com\/fr\/wp-json\/wp\/v2\/product_brand?post=824"},{"taxonomy":"product_cat","embeddable":true,"href":"https:\/\/www.favamill.com\/fr\/wp-json\/wp\/v2\/product_cat?post=824"},{"taxonomy":"product_tag","embeddable":true,"href":"https:\/\/www.favamill.com\/fr\/wp-json\/wp\/v2\/product_tag?post=824"}],"curies":[{"name":"wp","href":"https:\/\/api.w.org\/{rel}","templated":true}]}}