{"id":831,"date":"2023-08-30T17:00:05","date_gmt":"2023-08-30T17:00:05","guid":{"rendered":"https:\/\/b2.favamill.com\/product\/car-sunroof-checking-fixture\/"},"modified":"2024-06-02T22:50:43","modified_gmt":"2024-06-02T22:50:43","slug":"dispositif-de-controle-pour-toit-ouvrant-de-voiture","status":"publish","type":"product","link":"https:\/\/www.favamill.com\/fr\/product\/dispositif-de-controle-pour-toit-ouvrant-de-voiture\/","title":{"rendered":"Dispositif de contr\u00f4le pour toit ouvrant de voiture"},"content":{"rendered":"<table border=\"1\" cellspacing=\"1\" cellpadding=\"1\">\n<tbody>\n<tr>\n<td>Mati\u00e8res<\/td>\n<td>Aluminium, cuivre et r\u00e9sine \u00e9poxy<\/td>\n<\/tr>\n<tr>\n<td>Pr\u00e9cision<\/td>\n<td>0,005-0,1 mm ou selon votre demande<\/td>\n<\/tr>\n<tr>\n<td>\u00c9quipement d'usinage<\/td>\n<td>CNC,EDM,Argie Charmilles,Fraiseuse,3DCMM,Projecteur,HG,Machine d'injection<\/td>\n<\/tr>\n<tr>\n<td>Couleur<\/td>\n<td>Anodis\u00e9, couleurs d'aluminium, noir ou pi\u00e8ces individuelles peuvent \u00eatre personnalis\u00e9s \u00e0 la demande du client.<\/td>\n<\/tr>\n<tr>\n<td>Traitement de surface<\/td>\n<td>Oxydation anodis\u00e9e, traitement galvanique, noir, etc.<\/td>\n<\/tr>\n<tr>\n<td>Finition<\/td>\n<td>Sablage, traitement thermique, etc.<\/td>\n<\/tr>\n<tr>\n<td>M\u00e9thode du logo<\/td>\n<td>Gravure au laser, gravure CNC<\/td>\n<\/tr>\n<tr>\n<td>Application<\/td>\n<td>Fabricants de pi\u00e8ces automobiles et usines automobiles<\/td>\n<\/tr>\n<tr>\n<td>Installation d'essai<\/td>\n<td>Machine \u00e0 mesurer tridimensionnelle, microm\u00e8tre, pieds \u00e0 coulisse<\/td>\n<\/tr>\n<tr>\n<td>Emballage<\/td>\n<td>Bo\u00eete en bois ou \u00e0 votre demande<\/td>\n<\/tr>\n<tr>\n<td>Coureur<\/td>\n<td>Le coureur chaud<\/td>\n<\/tr>\n<tr>\n<td>Livraison<\/td>\n<td>30-35 jours ouvrables apr\u00e8s r\u00e9ception du d\u00e9p\u00f4t ou du paiement<\/td>\n<\/tr>\n<tr>\n<td>D\u00e9lai de paiement<\/td>\n<td>La premi\u00e8re livraison est de 50%, la livraison \u00e0 la r\u00e9ception de 40%, et les clients de 10% trois mois apr\u00e8s la r\u00e9ception.<\/td>\n<\/tr>\n<tr>\n<td>Logiciel<\/td>\n<td>UG<\/td>\n<\/tr>\n<tr>\n<td>Assurance qualit\u00e9<\/td>\n<td>ISO9001:2018<\/td>\n<\/tr>\n<tr>\n<td>Format du dessin<\/td>\n<td>JPEG,PDF,DWG,DXF,IGS,STEP<\/td>\n<\/tr>\n<\/tbody>\n<\/table>","protected":false},"excerpt":{"rendered":"<p>Le moyen de contr\u00f4le peut \u00eatre facilement ajust\u00e9 et adapt\u00e9 \u00e0 diff\u00e9rents mod\u00e8les et variantes de composants de toits ouvrants de voitures, ce qui apporte de la flexibilit\u00e9 aux lignes de production automobile.<\/p>","protected":false},"featured_media":832,"template":"","meta":{"_seopress_robots_primary_cat":"","_seopress_titles_title":"","_seopress_titles_desc":"","_seopress_robots_index":""},"product_brand":[],"product_cat":[21,23],"product_tag":[],"class_list":{"0":"post-831","1":"product","2":"type-product","3":"status-publish","4":"has-post-thumbnail","6":"product_cat-checking-fixture","7":"product_cat-sheet-metal-checking-fixture","9":"first","10":"instock","11":"shipping-taxable","12":"product-type-simple"},"_links":{"self":[{"href":"https:\/\/www.favamill.com\/fr\/wp-json\/wp\/v2\/product\/831","targetHints":{"allow":["GET"]}}],"collection":[{"href":"https:\/\/www.favamill.com\/fr\/wp-json\/wp\/v2\/product"}],"about":[{"href":"https:\/\/www.favamill.com\/fr\/wp-json\/wp\/v2\/types\/product"}],"wp:featuredmedia":[{"embeddable":true,"href":"https:\/\/www.favamill.com\/fr\/wp-json\/wp\/v2\/media\/832"}],"wp:attachment":[{"href":"https:\/\/www.favamill.com\/fr\/wp-json\/wp\/v2\/media?parent=831"}],"wp:term":[{"taxonomy":"product_brand","embeddable":true,"href":"https:\/\/www.favamill.com\/fr\/wp-json\/wp\/v2\/product_brand?post=831"},{"taxonomy":"product_cat","embeddable":true,"href":"https:\/\/www.favamill.com\/fr\/wp-json\/wp\/v2\/product_cat?post=831"},{"taxonomy":"product_tag","embeddable":true,"href":"https:\/\/www.favamill.com\/fr\/wp-json\/wp\/v2\/product_tag?post=831"}],"curies":[{"name":"wp","href":"https:\/\/api.w.org\/{rel}","templated":true}]}}