{"id":841,"date":"2024-02-01T15:27:05","date_gmt":"2024-02-01T15:27:05","guid":{"rendered":"https:\/\/b2.favamill.com\/product\/custom-checking-fixtures-for-auto-sheet-metal-stamping-parts\/"},"modified":"2024-06-02T22:50:43","modified_gmt":"2024-06-02T22:50:43","slug":"moyens-de-controle-personnalises-pour-lemboutissage-de-pieces-de-tole-automobile","status":"publish","type":"product","link":"https:\/\/www.favamill.com\/fr\/product\/moyens-de-controle-personnalises-pour-lemboutissage-de-pieces-de-tole-automobile\/","title":{"rendered":"Moyens de contr\u00f4le sur mesure pour l'emboutissage de pi\u00e8ces de t\u00f4lerie automobile"},"content":{"rendered":"<table style=\"border-collapse: collapse; width: 538.52pt;\" border=\"0\" width=\"718\" cellspacing=\"0\" cellpadding=\"0\">\n<tbody>\n<tr style=\"height: 48.00pt;\">\n<td class=\"et2\" style=\"height: 48.00pt; width: 269.25pt;\" width=\"359\" height=\"64\">Usinage CNC ou non<\/td>\n<td class=\"et2\" style=\"width: 269.25pt;\" width=\"359\">Usinage Cnc<\/td>\n<\/tr>\n<tr style=\"height: 48.00pt;\">\n<td class=\"et2\" style=\"height: 48.00pt; width: 269.25pt;\" width=\"359\" height=\"64\">Capacit\u00e9s mat\u00e9rielles<\/td>\n<td class=\"et2\" style=\"width: 269.25pt;\" width=\"359\">Aluminium, Laiton, Bronze, Cuivre, M\u00e9taux tremp\u00e9s, M\u00e9taux pr\u00e9cieux, Acier inoxydable<\/td>\n<\/tr>\n<tr style=\"height: 48.00pt;\">\n<td class=\"et2\" style=\"height: 48.00pt; width: 269.25pt;\" width=\"359\" height=\"64\">Lieu d'origine<\/td>\n<td class=\"et2\" style=\"width: 269.25pt;\" width=\"359\">Guangdong, Chine<\/td>\n<\/tr>\n<tr style=\"height: 48.00pt;\">\n<td class=\"et2\" style=\"height: 48.00pt; width: 269.25pt;\" width=\"359\" height=\"64\">Type<\/td>\n<td class=\"et2\" style=\"width: 269.25pt;\" width=\"359\">Brochage, per\u00e7age, gravure \/ usinage chimique, usinage au laser, fraisage, autres services d'usinage, tournage, \u00e9lectro\u00e9rosion \u00e0 fil, prototypage rapide<\/td>\n<\/tr>\n<tr style=\"height: 48.00pt;\">\n<td class=\"et2\" style=\"height: 48.00pt; width: 269.25pt;\" width=\"359\" height=\"64\">Micro-usinage ou non<\/td>\n<td class=\"et2\" style=\"width: 269.25pt;\" width=\"359\">Micro-usinage<\/td>\n<\/tr>\n<tr style=\"height: 48.00pt;\">\n<td class=\"et2\" style=\"height: 48.00pt; width: 269.25pt;\" width=\"359\" height=\"64\">Num\u00e9ro de mod\u00e8le<\/td>\n<td class=\"et2\" style=\"width: 269.25pt;\" width=\"359\">FVCA5006<\/td>\n<\/tr>\n<tr style=\"height: 48.00pt;\">\n<td class=\"et2\" style=\"height: 48.00pt; width: 269.25pt;\" width=\"359\" height=\"64\">Nom de la marque<\/td>\n<td class=\"et2\" style=\"width: 269.25pt;\" width=\"359\">Favamill<\/td>\n<\/tr>\n<tr style=\"height: 48.00pt;\">\n<td class=\"et2\" style=\"height: 48.00pt; width: 269.25pt;\" width=\"359\" height=\"64\">Application<\/td>\n<td class=\"et2\" style=\"width: 269.25pt;\" width=\"359\">inspection des trous et de la position<\/td>\n<\/tr>\n<tr style=\"height: 48.00pt;\">\n<td class=\"et2\" style=\"height: 48.00pt; width: 269.25pt;\" width=\"359\" height=\"64\">Nom du produit<\/td>\n<td class=\"et2\" style=\"width: 269.25pt;\" width=\"359\">Moyens de contr\u00f4le sur mesure pour l'emboutissage de pi\u00e8ces de t\u00f4lerie automobile<\/td>\n<\/tr>\n<tr style=\"height: 48.00pt;\">\n<td class=\"et2\" style=\"height: 48.00pt; width: 269.25pt;\" width=\"359\" height=\"64\">Couleur<\/td>\n<td class=\"et2\" style=\"width: 269.25pt;\" width=\"359\">Rouge et vert<\/td>\n<\/tr>\n<tr style=\"height: 48.00pt;\">\n<td class=\"et2\" style=\"height: 48.00pt; width: 269.25pt;\" width=\"359\" height=\"64\">Taille<\/td>\n<td class=\"et2\" style=\"width: 269.25pt;\" width=\"359\">0,5~6,0mm<\/td>\n<\/tr>\n<tr style=\"height: 48.00pt;\">\n<td class=\"et2\" style=\"height: 48.00pt; width: 269.25pt;\" width=\"359\" height=\"64\">MOQ<\/td>\n<td class=\"et2\" style=\"width: 269.25pt;\" width=\"359\">1pcs<\/td>\n<\/tr>\n<tr style=\"height: 48.00pt;\">\n<td class=\"et2\" style=\"height: 48.00pt; width: 269.25pt;\" width=\"359\" height=\"64\">D\u00c9LAI DE LIVRAISON<\/td>\n<td class=\"et2\" style=\"width: 269.25pt;\" width=\"359\">10-25 jours<\/td>\n<\/tr>\n<tr style=\"height: 48.00pt;\">\n<td class=\"et2\" style=\"height: 48.00pt; width: 269.25pt;\" width=\"359\" height=\"64\">Finition<\/td>\n<td class=\"et2\" style=\"width: 269.25pt;\" width=\"359\">anodiser<\/td>\n<\/tr>\n<tr style=\"height: 48.00pt;\">\n<td class=\"et2\" style=\"height: 48.00pt; width: 269.25pt;\" width=\"359\" height=\"64\">Utilisation<\/td>\n<td class=\"et2\" style=\"width: 269.25pt;\" width=\"359\">inspection des pi\u00e8ces automobiles<\/td>\n<\/tr>\n<tr style=\"height: 48.00pt;\">\n<td class=\"et2\" style=\"height: 48.00pt; width: 269.25pt;\" width=\"359\" height=\"64\">Mat\u00e9riau de la broche<\/td>\n<td class=\"et2\" style=\"width: 269.25pt;\" width=\"359\">Al et acier<\/td>\n<\/tr>\n<tr style=\"height: 48.00pt;\">\n<td class=\"et2\" style=\"height: 48.00pt; width: 269.25pt;\" width=\"359\" height=\"64\">Emballage<\/td>\n<td class=\"et2\" style=\"width: 269.25pt;\" width=\"359\">1pcs\/bo\u00eete<\/td>\n<\/tr>\n<\/tbody>\n<\/table>","protected":false},"excerpt":{"rendered":"<p>Con\u00e7us sp\u00e9cifiquement pour r\u00e9pondre aux exigences de forme et de taille de diverses pi\u00e8ces automobiles, les bo\u00eetiers sur mesure permettent un ajustement et une inspection pr\u00e9cis de pi\u00e8ces de forme et de taille uniques.<\/p>","protected":false},"featured_media":842,"template":"","meta":{"_seopress_robots_primary_cat":"","_seopress_titles_title":"","_seopress_titles_desc":"","_seopress_robots_index":""},"product_brand":[],"product_cat":[21,23],"product_tag":[],"class_list":{"0":"post-841","1":"product","2":"type-product","3":"status-publish","4":"has-post-thumbnail","6":"product_cat-checking-fixture","7":"product_cat-sheet-metal-checking-fixture","9":"first","10":"instock","11":"shipping-taxable","12":"product-type-simple"},"_links":{"self":[{"href":"https:\/\/www.favamill.com\/fr\/wp-json\/wp\/v2\/product\/841","targetHints":{"allow":["GET"]}}],"collection":[{"href":"https:\/\/www.favamill.com\/fr\/wp-json\/wp\/v2\/product"}],"about":[{"href":"https:\/\/www.favamill.com\/fr\/wp-json\/wp\/v2\/types\/product"}],"wp:featuredmedia":[{"embeddable":true,"href":"https:\/\/www.favamill.com\/fr\/wp-json\/wp\/v2\/media\/842"}],"wp:attachment":[{"href":"https:\/\/www.favamill.com\/fr\/wp-json\/wp\/v2\/media?parent=841"}],"wp:term":[{"taxonomy":"product_brand","embeddable":true,"href":"https:\/\/www.favamill.com\/fr\/wp-json\/wp\/v2\/product_brand?post=841"},{"taxonomy":"product_cat","embeddable":true,"href":"https:\/\/www.favamill.com\/fr\/wp-json\/wp\/v2\/product_cat?post=841"},{"taxonomy":"product_tag","embeddable":true,"href":"https:\/\/www.favamill.com\/fr\/wp-json\/wp\/v2\/product_tag?post=841"}],"curies":[{"name":"wp","href":"https:\/\/api.w.org\/{rel}","templated":true}]}}