{"id":1220,"date":"2024-06-08T07:24:22","date_gmt":"2024-06-08T07:24:22","guid":{"rendered":"https:\/\/favamill.com\/?post_type=product&#038;p=1220"},"modified":"2024-06-08T07:24:23","modified_gmt":"2024-06-08T07:24:23","slug":"samochodowe-mierniki-zaciskowe","status":"publish","type":"product","link":"https:\/\/www.favamill.com\/pl\/product\/samochodowe-mierniki-zaciskowe\/","title":{"rendered":"Samochodowe mierniki zaciskowe"},"content":{"rendered":"<table width=\"765\">\n<tbody>\n<tr>\n<td width=\"309\">Marka<\/td>\n<td width=\"456\">Favamill<\/td>\n<\/tr>\n<tr>\n<td width=\"309\">Obr\u00f3bka CNC czy nie?<\/td>\n<td width=\"456\">Obr\u00f3bka CNC<\/td>\n<\/tr>\n<tr>\n<td width=\"309\">Mo\u017cliwo\u015bci materia\u0142owe<\/td>\n<td width=\"456\">aluminium, mosi\u0105dz, br\u0105z, mied\u017a, metale hartowane, metale szlachetne, stal nierdzewna, stopy stali<\/td>\n<\/tr>\n<tr>\n<td width=\"309\">Miejsce pochodzenia<\/td>\n<td width=\"456\">Shenzhen, Chiny<\/td>\n<\/tr>\n<tr>\n<td width=\"309\">Technologia przetwarzania<\/td>\n<td width=\"456\">przeci\u0105ganie, wiercenie, wytrawianie \/ obr\u00f3bka chemiczna, obr\u00f3bka laserowa, frezowanie, inne us\u0142ugi obr\u00f3bki skrawaniem, toczenie, elektrodr\u0105\u017cenie drutowe, szybkie prototypowanie<\/td>\n<\/tr>\n<tr>\n<td width=\"309\">Mikroobr\u00f3bka czy nie?<\/td>\n<td width=\"456\">Mikroobr\u00f3bka<\/td>\n<\/tr>\n<tr>\n<td width=\"309\">Szczeg\u00f3\u0142y dotycz\u0105ce opakowania<\/td>\n<td width=\"456\">Opakowanie kartonowe<\/td>\n<\/tr>\n<tr>\n<td width=\"309\">Jednostki sprzeda\u017cy:<\/td>\n<td width=\"456\">Pojedynczy element<\/td>\n<\/tr>\n<tr>\n<td width=\"309\">Rozmiar pojedynczego opakowania:<\/td>\n<td width=\"456\">30X30X30 cm<\/td>\n<\/tr>\n<tr>\n<td width=\"309\">Pojedyncza waga brutto:<\/td>\n<td width=\"456\">1.000 kg<\/td>\n<\/tr>\n<\/tbody>\n<\/table>","protected":false},"excerpt":{"rendered":"<p>1. Wszechstronne mechanizmy zaciskowe<\/p>\n<p>2. Regulowana konstrukcja<\/p>\n<p>3. Zintegrowane skale pomiarowe<\/p>\n<p>4. Wysoka dok\u0142adno\u015b\u0107<\/p>\n<p>5. Trwa\u0142a konstrukcja<\/p>","protected":false},"featured_media":1225,"template":"","meta":{"_seopress_robots_primary_cat":"","_seopress_titles_title":"","_seopress_titles_desc":"","_seopress_robots_index":""},"product_brand":[],"product_cat":[30],"product_tag":[],"class_list":{"0":"post-1220","1":"product","2":"type-product","3":"status-publish","4":"has-post-thumbnail","6":"product_cat-jigs-gages","8":"first","9":"instock","10":"shipping-taxable","11":"product-type-simple"},"_links":{"self":[{"href":"https:\/\/www.favamill.com\/pl\/wp-json\/wp\/v2\/product\/1220","targetHints":{"allow":["GET"]}}],"collection":[{"href":"https:\/\/www.favamill.com\/pl\/wp-json\/wp\/v2\/product"}],"about":[{"href":"https:\/\/www.favamill.com\/pl\/wp-json\/wp\/v2\/types\/product"}],"wp:featuredmedia":[{"embeddable":true,"href":"https:\/\/www.favamill.com\/pl\/wp-json\/wp\/v2\/media\/1225"}],"wp:attachment":[{"href":"https:\/\/www.favamill.com\/pl\/wp-json\/wp\/v2\/media?parent=1220"}],"wp:term":[{"taxonomy":"product_brand","embeddable":true,"href":"https:\/\/www.favamill.com\/pl\/wp-json\/wp\/v2\/product_brand?post=1220"},{"taxonomy":"product_cat","embeddable":true,"href":"https:\/\/www.favamill.com\/pl\/wp-json\/wp\/v2\/product_cat?post=1220"},{"taxonomy":"product_tag","embeddable":true,"href":"https:\/\/www.favamill.com\/pl\/wp-json\/wp\/v2\/product_tag?post=1220"}],"curies":[{"name":"wp","href":"https:\/\/api.w.org\/{rel}","templated":true}]}}