{"id":1259,"date":"2024-10-19T15:33:32","date_gmt":"2024-10-19T15:33:32","guid":{"rendered":"https:\/\/favamill.com\/?post_type=product&#038;p=1259"},"modified":"2024-10-19T15:33:33","modified_gmt":"2024-10-19T15:33:33","slug":"automatyczny-uchwyt-do-spawania-karoserii-minivana-z-napedem-elektrycznym","status":"publish","type":"product","link":"https:\/\/www.favamill.com\/pl\/product\/automatyczny-uchwyt-do-spawania-karoserii-minivana-z-napedem-elektrycznym\/","title":{"rendered":"Automatyczne urz\u0105dzenie do spawania karoserii minivan\u00f3w z nap\u0119dem elektrycznym"},"content":{"rendered":"<table style=\"border-collapse: collapse; width: 449.27pt;\" border=\"0\" width=\"599\" cellspacing=\"0\" cellpadding=\"0\">\n<tbody>\n<tr style=\"height: 32.00pt;\">\n<td class=\"et2\" style=\"height: 32.00pt; width: 178.50pt;\" width=\"238\" height=\"42\">Model NO.<\/td>\n<td class=\"et3\" style=\"width: 270.75pt;\" width=\"361\">FAIC-1000<\/td>\n<\/tr>\n<tr style=\"height: 32.00pt;\">\n<td class=\"et2\" style=\"height: 32.00pt;\" height=\"42\">Maksymalna odleg\u0142o\u015b\u0107 mimo\u015brodu<\/td>\n<td class=\"et3\" style=\"width: 270.75pt;\" width=\"361\">100 mm<\/td>\n<\/tr>\n<tr style=\"height: 33.00pt;\">\n<td class=\"et2\" style=\"height: 33.00pt;\" height=\"44\">K\u0105t nachylenia<\/td>\n<td class=\"et3\" style=\"width: 270.75pt;\" width=\"361\">0-90\u00b0<\/td>\n<\/tr>\n<tr style=\"height: 32.00pt;\">\n<td class=\"et2\" style=\"height: 32.00pt;\" height=\"42\">Napi\u0119cie<\/td>\n<td class=\"et3\" style=\"width: 270.75pt;\" width=\"361\">110V\/220V<\/td>\n<\/tr>\n<tr style=\"height: 32.00pt;\">\n<td class=\"et3\" style=\"height: 32.00pt; width: 178.50pt;\" width=\"238\" height=\"42\">Typ rolek tokarskich do spawania<\/td>\n<td class=\"et3\" style=\"width: 270.75pt;\" width=\"361\">Regulowany<\/td>\n<\/tr>\n<tr style=\"height: 32.00pt;\">\n<td class=\"et2\" style=\"height: 32.00pt;\" height=\"42\">Typ przechy\u0142u spawalniczego<\/td>\n<td class=\"et3\" style=\"width: 270.75pt;\" width=\"361\">Elastyczna kombinacja<\/td>\n<\/tr>\n<tr style=\"height: 32.00pt;\">\n<td class=\"et2\" style=\"height: 32.00pt;\" height=\"42\">Dok\u0142adno\u015b\u0107<\/td>\n<td class=\"et3\" style=\"width: 270.75pt;\" width=\"361\">0,0,2 mm<\/td>\n<\/tr>\n<tr style=\"height: 32.00pt;\">\n<td class=\"et2\" style=\"height: 32.00pt;\" height=\"42\">Blok pozycjonuj\u0105cy<\/td>\n<td class=\"et3\" style=\"width: 270.75pt;\" width=\"361\">45 Stal<\/td>\n<\/tr>\n<tr style=\"height: 32.00pt;\">\n<td class=\"et2\" style=\"height: 32.00pt;\" height=\"42\">Projekt<\/td>\n<td class=\"et3\" style=\"width: 270.75pt;\" width=\"361\">Dostosowane<\/td>\n<\/tr>\n<tr style=\"height: 32.00pt;\">\n<td class=\"et2\" style=\"height: 32.00pt;\" height=\"42\">Wysy\u0142ka<\/td>\n<td class=\"et3\" style=\"width: 270.75pt;\" width=\"361\">przez morze<\/td>\n<\/tr>\n<tr style=\"height: 32.00pt;\">\n<td class=\"et2\" style=\"height: 32.00pt;\" height=\"42\">Pakiet transportowy<\/td>\n<td class=\"et3\" style=\"width: 270.75pt;\" width=\"361\">Drewniane opakowanie<\/td>\n<\/tr>\n<tr style=\"height: 32.00pt;\">\n<td class=\"et2\" style=\"height: 32.00pt;\" height=\"42\">Specyfikacja<\/td>\n<td class=\"et3\" style=\"width: 270.75pt;\" width=\"361\">Dostosowane<\/td>\n<\/tr>\n<tr style=\"height: 32.00pt;\">\n<td class=\"et2\" style=\"height: 32.00pt;\" height=\"42\">Znak towarowy<\/td>\n<td class=\"et3\" style=\"width: 270.75pt;\" width=\"361\">Favamill<\/td>\n<\/tr>\n<tr style=\"height: 32.00pt;\">\n<td class=\"et2\" style=\"height: 32.00pt;\" height=\"42\">Pochodzenie<\/td>\n<td class=\"et3\" style=\"width: 270.75pt;\" width=\"361\">Shenzhen, Chiny<\/td>\n<\/tr>\n<tr style=\"height: 32.00pt;\">\n<td class=\"et2\" style=\"height: 32.00pt;\" height=\"42\">Zdolno\u015b\u0107 produkcyjna<\/td>\n<td class=\"et3\" style=\"width: 270.75pt;\" width=\"361\">2000 zestaw\u00f3w\/rok<\/td>\n<\/tr>\n<\/tbody>\n<\/table>","protected":false},"excerpt":{"rendered":"<p>Ten uchwyt spawalniczy zosta\u0142 zaprojektowany z my\u015bl\u0105 o precyzji i wydajno\u015bci, wyposa\u017cony w zaawansowan\u0105 technologi\u0119 automatyzacji zapewniaj\u0105c\u0105 sp\u00f3jne i dok\u0142adne spawanie, regulowane i modu\u0142owe komponenty umo\u017cliwiaj\u0105ce dostosowanie do r\u00f3\u017cnych modeli minivan\u00f3w.<\/p>","protected":false},"featured_media":1265,"template":"","meta":{"_seopress_robots_primary_cat":"","_seopress_titles_title":"","_seopress_titles_desc":"","_seopress_robots_index":""},"product_brand":[],"product_cat":[25],"product_tag":[],"class_list":{"0":"post-1259","1":"product","2":"type-product","3":"status-publish","4":"has-post-thumbnail","6":"product_cat-welding-fixture","8":"first","9":"instock","10":"shipping-taxable","11":"product-type-simple"},"_links":{"self":[{"href":"https:\/\/www.favamill.com\/pl\/wp-json\/wp\/v2\/product\/1259","targetHints":{"allow":["GET"]}}],"collection":[{"href":"https:\/\/www.favamill.com\/pl\/wp-json\/wp\/v2\/product"}],"about":[{"href":"https:\/\/www.favamill.com\/pl\/wp-json\/wp\/v2\/types\/product"}],"wp:featuredmedia":[{"embeddable":true,"href":"https:\/\/www.favamill.com\/pl\/wp-json\/wp\/v2\/media\/1265"}],"wp:attachment":[{"href":"https:\/\/www.favamill.com\/pl\/wp-json\/wp\/v2\/media?parent=1259"}],"wp:term":[{"taxonomy":"product_brand","embeddable":true,"href":"https:\/\/www.favamill.com\/pl\/wp-json\/wp\/v2\/product_brand?post=1259"},{"taxonomy":"product_cat","embeddable":true,"href":"https:\/\/www.favamill.com\/pl\/wp-json\/wp\/v2\/product_cat?post=1259"},{"taxonomy":"product_tag","embeddable":true,"href":"https:\/\/www.favamill.com\/pl\/wp-json\/wp\/v2\/product_tag?post=1259"}],"curies":[{"name":"wp","href":"https:\/\/api.w.org\/{rel}","templated":true}]}}