{"id":1278,"date":"2024-10-19T15:51:24","date_gmt":"2024-10-19T15:51:24","guid":{"rendered":"https:\/\/favamill.com\/?post_type=product&#038;p=1278"},"modified":"2024-10-19T15:53:09","modified_gmt":"2024-10-19T15:53:09","slug":"automatyczne-elektryczne-urzadzenia-do-spawania-drzwi-pojazdow","status":"publish","type":"product","link":"https:\/\/www.favamill.com\/pl\/product\/automatyczne-elektryczne-urzadzenia-do-spawania-drzwi-pojazdow\/","title":{"rendered":"Automatyczne elektryczne urz\u0105dzenia do spawania drzwi pojazd\u00f3w"},"content":{"rendered":"<table style=\"border-collapse: collapse; width: 449.27pt;\" border=\"0\" width=\"599\" cellspacing=\"0\" cellpadding=\"0\">\n<tbody>\n<tr style=\"height: 32.00pt;\">\n<td class=\"et2\" style=\"height: 32.00pt; width: 178.50pt;\" width=\"238\" height=\"42\">Model NO.<\/td>\n<td class=\"et3\" style=\"width: 270.75pt;\" width=\"361\">FVIC-1000<\/td>\n<\/tr>\n<tr style=\"height: 32.00pt;\">\n<td class=\"et2\" style=\"height: 32.00pt;\" height=\"42\">Maksymalna odleg\u0142o\u015b\u0107 mimo\u015brodu<\/td>\n<td class=\"et3\" style=\"width: 270.75pt;\" width=\"361\">100 mm<\/td>\n<\/tr>\n<tr style=\"height: 33.00pt;\">\n<td class=\"et2\" style=\"height: 33.00pt;\" height=\"44\">K\u0105t nachylenia<\/td>\n<td class=\"et3\" style=\"width: 270.75pt;\" width=\"361\">0-90\u00b0<\/td>\n<\/tr>\n<tr style=\"height: 32.00pt;\">\n<td class=\"et2\" style=\"height: 32.00pt;\" height=\"42\">Napi\u0119cie<\/td>\n<td class=\"et3\" style=\"width: 270.75pt;\" width=\"361\">110V\/220V<\/td>\n<\/tr>\n<tr style=\"height: 32.00pt;\">\n<td class=\"et3\" style=\"height: 32.00pt; width: 178.50pt;\" width=\"238\" height=\"42\">Typ rolek tokarskich do spawania<\/td>\n<td class=\"et3\" style=\"width: 270.75pt;\" width=\"361\">Regulowany<\/td>\n<\/tr>\n<tr style=\"height: 32.00pt;\">\n<td class=\"et2\" style=\"height: 32.00pt;\" height=\"42\">Typ przechy\u0142u spawalniczego<\/td>\n<td class=\"et3\" style=\"width: 270.75pt;\" width=\"361\">Elastyczna kombinacja<\/td>\n<\/tr>\n<tr style=\"height: 32.00pt;\">\n<td class=\"et2\" style=\"height: 32.00pt;\" height=\"42\">Dok\u0142adno\u015b\u0107<\/td>\n<td class=\"et3\" style=\"width: 270.75pt;\" width=\"361\">0,0,2 mm<\/td>\n<\/tr>\n<tr style=\"height: 32.00pt;\">\n<td class=\"et2\" style=\"height: 32.00pt;\" height=\"42\">Blok pozycjonuj\u0105cy<\/td>\n<td class=\"et3\" style=\"width: 270.75pt;\" width=\"361\">45 Stal<\/td>\n<\/tr>\n<tr style=\"height: 32.00pt;\">\n<td class=\"et2\" style=\"height: 32.00pt;\" height=\"42\">Projekt<\/td>\n<td class=\"et3\" style=\"width: 270.75pt;\" width=\"361\">Dostosowane<\/td>\n<\/tr>\n<tr style=\"height: 32.00pt;\">\n<td class=\"et2\" style=\"height: 32.00pt;\" height=\"42\">Wysy\u0142ka<\/td>\n<td class=\"et3\" style=\"width: 270.75pt;\" width=\"361\">Drog\u0105 morsk\u0105<\/td>\n<\/tr>\n<tr style=\"height: 32.00pt;\">\n<td class=\"et2\" style=\"height: 32.00pt;\" height=\"42\">Pakiet transportowy<\/td>\n<td class=\"et3\" style=\"width: 270.75pt;\" width=\"361\">Drewniane opakowanie<\/td>\n<\/tr>\n<tr style=\"height: 32.00pt;\">\n<td class=\"et2\" style=\"height: 32.00pt;\" height=\"42\">Specyfikacja<\/td>\n<td class=\"et3\" style=\"width: 270.75pt;\" width=\"361\">dostosowany<\/td>\n<\/tr>\n<tr style=\"height: 32.00pt;\">\n<td class=\"et2\" style=\"height: 32.00pt;\" height=\"42\">Znak towarowy<\/td>\n<td class=\"et3\" style=\"width: 270.75pt;\" width=\"361\">Favamill<\/td>\n<\/tr>\n<tr style=\"height: 32.00pt;\">\n<td class=\"et2\" style=\"height: 32.00pt;\" height=\"42\">Pochodzenie<\/td>\n<td class=\"et3\" style=\"width: 270.75pt;\" width=\"361\">Shenzhen, Chiny<\/td>\n<\/tr>\n<tr style=\"height: 32.00pt;\">\n<td class=\"et2\" style=\"height: 32.00pt;\" height=\"42\">Zdolno\u015b\u0107 produkcyjna<\/td>\n<td class=\"et3\" style=\"width: 270.75pt;\" width=\"361\">2000 zestaw\u00f3w\/rok<\/td>\n<\/tr>\n<\/tbody>\n<\/table>","protected":false},"excerpt":{"rendered":"<p>Automatyczne uchwyty do spawania drzwi zosta\u0142y zaprojektowane z my\u015bl\u0105 o wysokiej precyzji i wydajno\u015bci, wyposa\u017cone w regulowane zaciski do r\u00f3\u017cnych rozmiar\u00f3w drzwi, solidn\u0105 konstrukcj\u0119 zapewniaj\u0105c\u0105 trwa\u0142o\u015b\u0107, zautomatyzowane systemy pozycjonowania zapewniaj\u0105ce sp\u00f3jne wyr\u00f3wnanie w celu zwi\u0119kszenia produktywno\u015bci w produkcji pojazd\u00f3w elektrycznych.<\/p>","protected":false},"featured_media":1282,"template":"","meta":{"_seopress_robots_primary_cat":"none","_seopress_titles_title":"","_seopress_titles_desc":"","_seopress_robots_index":""},"product_brand":[],"product_cat":[21],"product_tag":[],"class_list":{"0":"post-1278","1":"product","2":"type-product","3":"status-publish","4":"has-post-thumbnail","6":"product_cat-checking-fixture","8":"first","9":"instock","10":"shipping-taxable","11":"product-type-simple"},"_links":{"self":[{"href":"https:\/\/www.favamill.com\/pl\/wp-json\/wp\/v2\/product\/1278","targetHints":{"allow":["GET"]}}],"collection":[{"href":"https:\/\/www.favamill.com\/pl\/wp-json\/wp\/v2\/product"}],"about":[{"href":"https:\/\/www.favamill.com\/pl\/wp-json\/wp\/v2\/types\/product"}],"wp:featuredmedia":[{"embeddable":true,"href":"https:\/\/www.favamill.com\/pl\/wp-json\/wp\/v2\/media\/1282"}],"wp:attachment":[{"href":"https:\/\/www.favamill.com\/pl\/wp-json\/wp\/v2\/media?parent=1278"}],"wp:term":[{"taxonomy":"product_brand","embeddable":true,"href":"https:\/\/www.favamill.com\/pl\/wp-json\/wp\/v2\/product_brand?post=1278"},{"taxonomy":"product_cat","embeddable":true,"href":"https:\/\/www.favamill.com\/pl\/wp-json\/wp\/v2\/product_cat?post=1278"},{"taxonomy":"product_tag","embeddable":true,"href":"https:\/\/www.favamill.com\/pl\/wp-json\/wp\/v2\/product_tag?post=1278"}],"curies":[{"name":"wp","href":"https:\/\/api.w.org\/{rel}","templated":true}]}}