{"id":1295,"date":"2024-10-20T20:43:16","date_gmt":"2024-10-20T20:43:16","guid":{"rendered":"https:\/\/favamill.com\/?post_type=product&#038;p=1295"},"modified":"2024-10-20T20:43:17","modified_gmt":"2024-10-20T20:43:17","slug":"niestandardowy-uchwyt-cmm-do-sprawdzania-czesci-samochodowych","status":"publish","type":"product","link":"https:\/\/www.favamill.com\/pl\/product\/niestandardowy-uchwyt-cmm-do-sprawdzania-czesci-samochodowych\/","title":{"rendered":"Niestandardowe oprzyrz\u0105dowanie do kontroli trzymania CMM dla cz\u0119\u015bci samochodowych"},"content":{"rendered":"<table style=\"border-collapse: collapse; width: 449.27pt;\" border=\"0\" width=\"599\" cellspacing=\"0\" cellpadding=\"0\">\n<tbody>\n<tr style=\"height: 32.00pt;\">\n<td class=\"et4\" style=\"height: 32.00pt; width: 178.50pt;\" width=\"238\" height=\"42\">Model NO.<\/td>\n<td class=\"et4\" style=\"width: 270.75pt;\" width=\"361\">Facmm-068<\/td>\n<\/tr>\n<tr style=\"height: 74.00pt;\">\n<td class=\"et4\" style=\"height: 74.00pt; width: 178.50pt;\" width=\"238\" height=\"98\">Zastosowanie<\/td>\n<td class=\"et4\" style=\"width: 270.75pt;\" width=\"361\">Przemys\u0142 motoryzacyjny, sprz\u0119t i komponenty przemys\u0142owe, o\u015bwietlenie, sprz\u0119t medyczny, sprz\u0119t telekomunikacyjny, sprz\u0119t lotniczy i kosmiczny<\/td>\n<\/tr>\n<tr style=\"height: 32.00pt;\">\n<td class=\"et4\" style=\"height: 32.00pt; width: 178.50pt;\" width=\"238\" height=\"42\">Certyfikacja<\/td>\n<td class=\"et4\" style=\"width: 270.75pt;\" width=\"361\">ISO<\/td>\n<\/tr>\n<tr style=\"height: 32.00pt;\">\n<td class=\"et4\" style=\"height: 32.00pt; width: 178.50pt;\" width=\"238\" height=\"42\">Standard<\/td>\n<td class=\"et4\" style=\"width: 270.75pt;\" width=\"361\">Metryczny<\/td>\n<\/tr>\n<tr style=\"height: 32.00pt;\">\n<td class=\"et4\" style=\"height: 32.00pt; width: 178.50pt;\" width=\"238\" height=\"42\">Dostosowane<\/td>\n<td class=\"et4\" style=\"width: 270.75pt;\" width=\"361\">Tak<\/td>\n<\/tr>\n<tr style=\"height: 32.00pt;\">\n<td class=\"et4\" style=\"height: 32.00pt; width: 178.50pt;\" width=\"238\" height=\"42\">Ko\u0142ki ustalaj\u0105ce (rozmiar)<\/td>\n<td class=\"et4\" style=\"width: 270.75pt;\" width=\"361\">+ 0,00 mm \/ -0,02 mm<\/td>\n<\/tr>\n<tr style=\"height: 32.00pt;\">\n<td class=\"et4\" style=\"height: 32.00pt; width: 178.50pt;\" width=\"238\" height=\"42\">Ko\u0142ki Go (rozmiar)<\/td>\n<td class=\"et4\" style=\"width: 270.75pt;\" width=\"361\">+ 0,00 mm \/ - 0,02 mm<\/td>\n<\/tr>\n<tr style=\"height: 33.00pt;\">\n<td class=\"et4\" style=\"height: 33.00pt; width: 178.50pt;\" width=\"238\" height=\"44\">Ko\u0142ki No Go (rozmiar)<\/td>\n<td class=\"et4\" style=\"width: 270.75pt;\" width=\"361\">+ 0,02 mm \/ - 0,00 mm<\/td>\n<\/tr>\n<tr style=\"height: 32.00pt;\">\n<td class=\"et4\" style=\"height: 32.00pt; width: 178.50pt;\" width=\"238\" height=\"42\">Certyfikacja przez stron\u0119 trzeci\u0105<\/td>\n<td class=\"et4\" style=\"width: 270.75pt;\" width=\"361\">Tak<\/td>\n<\/tr>\n<tr style=\"height: 32.00pt;\">\n<td class=\"et4\" style=\"height: 32.00pt; width: 178.50pt;\" width=\"238\" height=\"42\">Pakiet transportowy<\/td>\n<td class=\"et4\" style=\"width: 270.75pt;\" width=\"361\">Skrzynia i paleta z drewna poliestrowego<\/td>\n<\/tr>\n<tr style=\"height: 32.00pt;\">\n<td class=\"et4\" style=\"height: 32.00pt; width: 178.50pt;\" width=\"238\" height=\"42\">Specyfikacja<\/td>\n<td class=\"et4\" style=\"width: 270.75pt;\" width=\"361\">Aluminium i stal<\/td>\n<\/tr>\n<tr style=\"height: 32.00pt;\">\n<td class=\"et4\" style=\"height: 32.00pt; width: 178.50pt;\" width=\"238\" height=\"42\">Znak towarowy<\/td>\n<td class=\"et4\" style=\"width: 270.75pt;\" width=\"361\">Wygrany mecz<\/td>\n<\/tr>\n<tr style=\"height: 32.00pt;\">\n<td class=\"et4\" style=\"height: 32.00pt; width: 178.50pt;\" width=\"238\" height=\"42\">Pochodzenie<\/td>\n<td class=\"et4\" style=\"width: 270.75pt;\" width=\"361\">Shenzhen, Chiny<\/td>\n<\/tr>\n<\/tbody>\n<\/table>","protected":false},"excerpt":{"rendered":"<p>Niestandardowe oprzyrz\u0105dowanie kontrolne charakteryzuje si\u0119 precyzyjnie zaprojektowanymi komponentami zapewniaj\u0105cymi dok\u0142adne pomiary, solidn\u0105 konstrukcj\u0105 zapewniaj\u0105c\u0105 trwa\u0142o\u015b\u0107, regulowan\u0105 konstrukcj\u0105 dla r\u00f3\u017cnych rozmiar\u00f3w cz\u0119\u015bci, \u0142atw\u0105 integracj\u0105 ze wsp\u00f3\u0142rz\u0119dno\u015bciowymi maszynami pomiarowymi (CMM) oraz przyjazn\u0105 dla u\u017cytkownika konfiguracj\u0105 zapewniaj\u0105c\u0105 wydajne procesy kontroli, zapewniaj\u0105c wysokiej jako\u015bci kontrol\u0119 w produkcji motoryzacyjnej.<\/p>","protected":false},"featured_media":1303,"template":"","meta":{"_seopress_robots_primary_cat":"","_seopress_titles_title":"","_seopress_titles_desc":"","_seopress_robots_index":""},"product_brand":[],"product_cat":[32],"product_tag":[],"class_list":{"0":"post-1295","1":"product","2":"type-product","3":"status-publish","4":"has-post-thumbnail","6":"product_cat-cmm-holding-fixture","8":"first","9":"instock","10":"shipping-taxable","11":"product-type-simple"},"_links":{"self":[{"href":"https:\/\/www.favamill.com\/pl\/wp-json\/wp\/v2\/product\/1295","targetHints":{"allow":["GET"]}}],"collection":[{"href":"https:\/\/www.favamill.com\/pl\/wp-json\/wp\/v2\/product"}],"about":[{"href":"https:\/\/www.favamill.com\/pl\/wp-json\/wp\/v2\/types\/product"}],"wp:featuredmedia":[{"embeddable":true,"href":"https:\/\/www.favamill.com\/pl\/wp-json\/wp\/v2\/media\/1303"}],"wp:attachment":[{"href":"https:\/\/www.favamill.com\/pl\/wp-json\/wp\/v2\/media?parent=1295"}],"wp:term":[{"taxonomy":"product_brand","embeddable":true,"href":"https:\/\/www.favamill.com\/pl\/wp-json\/wp\/v2\/product_brand?post=1295"},{"taxonomy":"product_cat","embeddable":true,"href":"https:\/\/www.favamill.com\/pl\/wp-json\/wp\/v2\/product_cat?post=1295"},{"taxonomy":"product_tag","embeddable":true,"href":"https:\/\/www.favamill.com\/pl\/wp-json\/wp\/v2\/product_tag?post=1295"}],"curies":[{"name":"wp","href":"https:\/\/api.w.org\/{rel}","templated":true}]}}