{"id":1306,"date":"2024-10-20T20:54:05","date_gmt":"2024-10-20T20:54:05","guid":{"rendered":"https:\/\/favamill.com\/?post_type=product&#038;p=1306"},"modified":"2024-10-20T20:54:06","modified_gmt":"2024-10-20T20:54:06","slug":"doskonaly-aluminiowy-uchwyt-mocujacy-cmm-do-ramy-swietlika-samochodowego","status":"publish","type":"product","link":"https:\/\/www.favamill.com\/pl\/product\/doskonaly-aluminiowy-uchwyt-mocujacy-cmm-do-ramy-swietlika-samochodowego\/","title":{"rendered":"Doskona\u0142e aluminiowe mocowanie \/ mocowanie CMM ramy \u015bwietlika samochodowego"},"content":{"rendered":"<table style=\"border-collapse: collapse; width: 449.27pt;\" border=\"0\" width=\"599\" cellspacing=\"0\" cellpadding=\"0\">\n<tbody>\n<tr style=\"height: 32.00pt;\">\n<td class=\"et4\" style=\"height: 32.00pt; width: 178.50pt;\" width=\"238\" height=\"42\">Model NO.<\/td>\n<td class=\"et4\" style=\"width: 270.75pt;\" width=\"361\">Facmm268<\/td>\n<\/tr>\n<tr style=\"height: 41.00pt;\">\n<td class=\"et4\" style=\"height: 41.00pt; width: 178.50pt;\" width=\"238\" height=\"54\">Obs\u0142uga posprzeda\u017cna<\/td>\n<td class=\"et4\" style=\"width: 270.75pt;\" width=\"361\">Serwis online 7*24<\/td>\n<\/tr>\n<tr style=\"height: 32.00pt;\">\n<td class=\"et4\" style=\"height: 32.00pt; width: 178.50pt;\" width=\"238\" height=\"42\">Gwarancja<\/td>\n<td class=\"et4\" style=\"width: 270.75pt;\" width=\"361\">1 rok<\/td>\n<\/tr>\n<tr style=\"height: 32.00pt;\">\n<td class=\"et4\" style=\"height: 32.00pt; width: 178.50pt;\" width=\"238\" height=\"42\">Materia\u0142<\/td>\n<td class=\"et4\" style=\"width: 270.75pt;\" width=\"361\">Aluminium<\/td>\n<\/tr>\n<tr style=\"height: 32.00pt;\">\n<td class=\"et4\" style=\"height: 32.00pt; width: 178.50pt;\" width=\"238\" height=\"42\">Zastosowanie<\/td>\n<td class=\"et4\" style=\"width: 270.75pt;\" width=\"361\">Przemys\u0142 motoryzacyjny, samochody, elektronika<\/td>\n<\/tr>\n<tr style=\"height: 32.00pt;\">\n<td class=\"et4\" style=\"height: 32.00pt; width: 178.50pt;\" width=\"238\" height=\"42\">Certyfikacja<\/td>\n<td class=\"et4\" style=\"width: 270.75pt;\" width=\"361\">ISO<\/td>\n<\/tr>\n<tr style=\"height: 32.00pt;\">\n<td class=\"et4\" style=\"height: 32.00pt; width: 178.50pt;\" width=\"238\" height=\"42\">Dok\u0142adno\u015b\u0107<\/td>\n<td class=\"et4\" style=\"width: 270.75pt;\" width=\"361\">0,005-0,1 mm lub na \u017c\u0105danie u\u017cytkownika<\/td>\n<\/tr>\n<tr style=\"height: 33.00pt;\">\n<td class=\"et4\" style=\"height: 33.00pt; width: 178.50pt;\" width=\"238\" height=\"44\">Kolor<\/td>\n<td class=\"et4\" style=\"width: 270.75pt;\" width=\"361\">Anodowane, kolory aluminium, czarny lub indywidualny PAR<\/td>\n<\/tr>\n<tr style=\"height: 64.00pt;\">\n<td class=\"et4\" style=\"height: 64.00pt; width: 178.50pt;\" width=\"238\" height=\"85\">Przetwarzanie powierzchni<\/td>\n<td class=\"et4\" style=\"width: 270.75pt;\" width=\"361\">Nodowane utlenianie, obr\u00f3bka galwaniczna, czarny<\/td>\n<\/tr>\n<tr style=\"height: 32.00pt;\">\n<td class=\"et4\" style=\"height: 32.00pt; width: 178.50pt;\" width=\"238\" height=\"42\">Zako\u0144czenie<\/td>\n<td class=\"et4\" style=\"width: 270.75pt;\" width=\"361\">Piaskowanie, obr\u00f3bka cieplna itp.<\/td>\n<\/tr>\n<tr style=\"height: 32.00pt;\">\n<td class=\"et4\" style=\"height: 32.00pt; width: 178.50pt;\" width=\"238\" height=\"42\">Oprogramowanie<\/td>\n<td class=\"et4\" style=\"width: 270.75pt;\" width=\"361\">Autocad, Ug, Catia, Cat Part, Prt<\/td>\n<\/tr>\n<tr style=\"height: 32.00pt;\">\n<td class=\"et4\" style=\"height: 32.00pt; width: 178.50pt;\" width=\"238\" height=\"42\">Zapewnienie jako\u015bci<\/td>\n<td class=\"et4\" style=\"width: 270.75pt;\" width=\"361\">ISO9001:2015<\/td>\n<\/tr>\n<tr style=\"height: 32.00pt;\">\n<td class=\"et4\" style=\"height: 32.00pt; width: 178.50pt;\" width=\"238\" height=\"42\">Format rysunku<\/td>\n<td class=\"et4\" style=\"width: 270.75pt;\" width=\"361\">JPEG, Pdf, Dwg, Dxf, Igs, Step<\/td>\n<\/tr>\n<\/tbody>\n<\/table>","protected":false},"excerpt":{"rendered":"<p>Ten aluminiowy uchwyt mocuj\u0105cy \/ uchwyt CMM charakteryzuje si\u0119 lekk\u0105, ale solidn\u0105 aluminiow\u0105 konstrukcj\u0105 zapewniaj\u0105c\u0105 zwi\u0119kszon\u0105 trwa\u0142o\u015b\u0107, precyzyjne wyr\u00f3wnanie zapewniaj\u0105ce dok\u0142adne pomiary, \u0142atw\u0105 regulacj\u0119 w celu dostosowania do r\u00f3\u017cnych konstrukcji \u015bwietlik\u00f3w.<\/p>","protected":false},"featured_media":1311,"template":"","meta":{"_seopress_robots_primary_cat":"","_seopress_titles_title":"","_seopress_titles_desc":"","_seopress_robots_index":""},"product_brand":[],"product_cat":[32],"product_tag":[],"class_list":{"0":"post-1306","1":"product","2":"type-product","3":"status-publish","4":"has-post-thumbnail","6":"product_cat-cmm-holding-fixture","8":"first","9":"instock","10":"shipping-taxable","11":"product-type-simple"},"_links":{"self":[{"href":"https:\/\/www.favamill.com\/pl\/wp-json\/wp\/v2\/product\/1306","targetHints":{"allow":["GET"]}}],"collection":[{"href":"https:\/\/www.favamill.com\/pl\/wp-json\/wp\/v2\/product"}],"about":[{"href":"https:\/\/www.favamill.com\/pl\/wp-json\/wp\/v2\/types\/product"}],"wp:featuredmedia":[{"embeddable":true,"href":"https:\/\/www.favamill.com\/pl\/wp-json\/wp\/v2\/media\/1311"}],"wp:attachment":[{"href":"https:\/\/www.favamill.com\/pl\/wp-json\/wp\/v2\/media?parent=1306"}],"wp:term":[{"taxonomy":"product_brand","embeddable":true,"href":"https:\/\/www.favamill.com\/pl\/wp-json\/wp\/v2\/product_brand?post=1306"},{"taxonomy":"product_cat","embeddable":true,"href":"https:\/\/www.favamill.com\/pl\/wp-json\/wp\/v2\/product_cat?post=1306"},{"taxonomy":"product_tag","embeddable":true,"href":"https:\/\/www.favamill.com\/pl\/wp-json\/wp\/v2\/product_tag?post=1306"}],"curies":[{"name":"wp","href":"https:\/\/api.w.org\/{rel}","templated":true}]}}