{"id":1313,"date":"2024-10-20T21:12:35","date_gmt":"2024-10-20T21:12:35","guid":{"rendered":"https:\/\/favamill.com\/?post_type=product&#038;p=1313"},"modified":"2024-10-20T21:13:02","modified_gmt":"2024-10-20T21:13:02","slug":"niestandardowy-precyzyjny-aluminiowy-uchwyt-kontrolny-dla-branzy-motoryzacyjnej","status":"publish","type":"product","link":"https:\/\/www.favamill.com\/pl\/product\/niestandardowy-precyzyjny-aluminiowy-uchwyt-kontrolny-dla-branzy-motoryzacyjnej\/","title":{"rendered":"Precyzyjny aluminiowy uchwyt kontrolny dla przemys\u0142u motoryzacyjnego"},"content":{"rendered":"<table width=\"599\">\n<tbody>\n<tr>\n<td width=\"238\">Model NO.<\/td>\n<td width=\"361\">Facmm-5680<\/td>\n<\/tr>\n<tr>\n<td width=\"238\">Certyfikacja<\/td>\n<td width=\"361\">ISO<\/td>\n<\/tr>\n<tr>\n<td width=\"238\">Certyfikacja przez stron\u0119 trzeci\u0105<\/td>\n<td width=\"361\">Tak<\/td>\n<\/tr>\n<tr>\n<td width=\"238\">Pakiet transportowy<\/td>\n<td width=\"361\">Skrzynia i paleta z drewna poliestrowego<\/td>\n<\/tr>\n<tr>\n<td width=\"238\">Specyfikacja<\/td>\n<td width=\"361\">Dostosowane<\/td>\n<\/tr>\n<tr>\n<td width=\"238\">Znak towarowy<\/td>\n<td width=\"361\">Favamill<\/td>\n<\/tr>\n<tr>\n<td width=\"238\">Pochodzenie<\/td>\n<td width=\"361\">Guangdong, Chiny<\/td>\n<\/tr>\n<tr>\n<td width=\"238\">Kod HS<\/td>\n<td width=\"361\">9031809090<\/td>\n<\/tr>\n<\/tbody>\n<\/table>","protected":false},"excerpt":{"rendered":"<p>Niestandardowy, precyzyjny aluminiowy uchwyt kontrolny charakteryzuje si\u0119 lekk\u0105 i wytrzyma\u0142\u0105 aluminiow\u0105 konstrukcj\u0105 zapewniaj\u0105c\u0105 wi\u0119ksz\u0105 przeno\u015bno\u015b\u0107, precyzyjn\u0105 obr\u00f3bk\u0105 zapewniaj\u0105c\u0105 dok\u0142adne pomiary i wyr\u00f3wnanie, regulowanymi komponentami umo\u017cliwiaj\u0105cymi umieszczenie r\u00f3\u017cnych cz\u0119\u015bci samochodowych.<\/p>","protected":false},"featured_media":1319,"template":"","meta":{"_seopress_robots_primary_cat":"none","_seopress_titles_title":"","_seopress_titles_desc":"","_seopress_robots_index":""},"product_brand":[],"product_cat":[32],"product_tag":[],"class_list":{"0":"post-1313","1":"product","2":"type-product","3":"status-publish","4":"has-post-thumbnail","6":"product_cat-cmm-holding-fixture","8":"first","9":"instock","10":"shipping-taxable","11":"product-type-simple"},"_links":{"self":[{"href":"https:\/\/www.favamill.com\/pl\/wp-json\/wp\/v2\/product\/1313","targetHints":{"allow":["GET"]}}],"collection":[{"href":"https:\/\/www.favamill.com\/pl\/wp-json\/wp\/v2\/product"}],"about":[{"href":"https:\/\/www.favamill.com\/pl\/wp-json\/wp\/v2\/types\/product"}],"wp:featuredmedia":[{"embeddable":true,"href":"https:\/\/www.favamill.com\/pl\/wp-json\/wp\/v2\/media\/1319"}],"wp:attachment":[{"href":"https:\/\/www.favamill.com\/pl\/wp-json\/wp\/v2\/media?parent=1313"}],"wp:term":[{"taxonomy":"product_brand","embeddable":true,"href":"https:\/\/www.favamill.com\/pl\/wp-json\/wp\/v2\/product_brand?post=1313"},{"taxonomy":"product_cat","embeddable":true,"href":"https:\/\/www.favamill.com\/pl\/wp-json\/wp\/v2\/product_cat?post=1313"},{"taxonomy":"product_tag","embeddable":true,"href":"https:\/\/www.favamill.com\/pl\/wp-json\/wp\/v2\/product_tag?post=1313"}],"curies":[{"name":"wp","href":"https:\/\/api.w.org\/{rel}","templated":true}]}}