{"id":1387,"date":"2025-02-17T16:39:23","date_gmt":"2025-02-17T16:39:23","guid":{"rendered":"https:\/\/favamill.com\/?post_type=product&#038;p=1387"},"modified":"2025-02-17T16:39:24","modified_gmt":"2025-02-17T16:39:24","slug":"przyrzady-i-uchwyty-do-spawania-ram-samochodowych","status":"publish","type":"product","link":"https:\/\/www.favamill.com\/pl\/product\/przyrzady-i-uchwyty-do-spawania-ram-samochodowych\/","title":{"rendered":"Przyrz\u0105dy i uchwyty do spawania ram samochodowych"},"content":{"rendered":"<table style=\"border-collapse: collapse; width: 566.27pt;\" border=\"0\" width=\"755\" cellspacing=\"0\" cellpadding=\"0\">\n<tbody>\n<tr style=\"height: 27.00pt;\">\n<td class=\"et3\" style=\"height: 27.00pt; width: 180.75pt;\" width=\"241\" height=\"36\">Pr\u0119dko\u015b\u0107 obrotowa<\/td>\n<td class=\"et4\" style=\"width: 385.50pt;\" width=\"514\">0,3-3 obr.<\/td>\n<\/tr>\n<tr style=\"height: 27.00pt;\">\n<td style=\"height: 27.00pt;\" height=\"36\">Maksymalna odleg\u0142o\u015b\u0107 mimo\u015brodu<\/td>\n<td class=\"et2\">100 mm<\/td>\n<\/tr>\n<tr style=\"height: 27.00pt;\">\n<td style=\"height: 27.00pt;\" height=\"36\">K\u0105t nachylenia<\/td>\n<td class=\"et2\">0-90\u00b0<\/td>\n<\/tr>\n<tr style=\"height: 27.00pt;\">\n<td style=\"height: 27.00pt;\" height=\"36\">Napi\u0119cie<\/td>\n<td class=\"et2\">110V\/220V<\/td>\n<\/tr>\n<tr style=\"height: 27.00pt;\">\n<td style=\"height: 27.00pt;\" height=\"36\">Typ rolek tokarskich do spawania<\/td>\n<td class=\"et2\">Regulowany<\/td>\n<\/tr>\n<tr style=\"height: 27.00pt;\">\n<td style=\"height: 27.00pt;\" height=\"36\">Typ przechy\u0142u spawalniczego<\/td>\n<td class=\"et2\">Elastyczna kombinacja<\/td>\n<\/tr>\n<tr style=\"height: 27.00pt;\">\n<td style=\"height: 27.00pt;\" height=\"36\">Stan<\/td>\n<td class=\"et2\">Nowo\u015b\u0107<\/td>\n<\/tr>\n<tr style=\"height: 27.00pt;\">\n<td style=\"height: 27.00pt;\" height=\"36\">Dok\u0142adno\u015b\u0107<\/td>\n<td class=\"et2\">0,0,2 mm<\/td>\n<\/tr>\n<tr style=\"height: 27.00pt;\">\n<td style=\"height: 27.00pt;\" height=\"36\">Blok pozycjonuj\u0105cy<\/td>\n<td class=\"et2\">45 Stal<\/td>\n<\/tr>\n<tr style=\"height: 27.00pt;\">\n<td style=\"height: 27.00pt;\" height=\"36\">Projekt<\/td>\n<td class=\"et2\">Dostosowane<\/td>\n<\/tr>\n<tr style=\"height: 27.00pt;\">\n<td style=\"height: 27.00pt;\" height=\"36\">Wysy\u0142ka<\/td>\n<td class=\"et2\">przez morze<\/td>\n<\/tr>\n<tr style=\"height: 27.00pt;\">\n<td style=\"height: 27.00pt;\" height=\"36\">Nazwa produkcji<\/td>\n<td class=\"et2\">Uchwyty spawalnicze do pojazd\u00f3w<\/td>\n<\/tr>\n<tr style=\"height: 27.00pt;\">\n<td style=\"height: 27.00pt;\" height=\"36\">Pakiet transportowy<\/td>\n<td class=\"et2\">Drewniane opakowanie<\/td>\n<\/tr>\n<tr style=\"height: 27.00pt;\">\n<td style=\"height: 27.00pt;\" height=\"36\">Specyfikacja<\/td>\n<td class=\"et2\">dostosowany<\/td>\n<\/tr>\n<tr style=\"height: 27.00pt;\">\n<td style=\"height: 27.00pt;\" height=\"36\">Znak towarowy<\/td>\n<td class=\"et2\">Favamill<\/td>\n<\/tr>\n<tr style=\"height: 27.00pt;\">\n<td style=\"height: 27.00pt;\" height=\"36\">Pochodzenie<\/td>\n<td class=\"et2\">Chiny<\/td>\n<\/tr>\n<tr style=\"height: 27.00pt;\">\n<td style=\"height: 27.00pt;\" height=\"36\">Kod HS<\/td>\n<td class=\"et2\">8466200000<\/td>\n<\/tr>\n<tr style=\"height: 27.00pt;\">\n<td style=\"height: 27.00pt;\" height=\"36\">Zdolno\u015b\u0107 produkcyjna<\/td>\n<td class=\"et2\">2000 zestaw\u00f3w\/rok<\/td>\n<\/tr>\n<\/tbody>\n<\/table>","protected":false},"excerpt":{"rendered":"<p>Ten przyrz\u0105d do spawania ram samochodowych zosta\u0142 zaprojektowany w celu zapewnienia precyzyjnego wyr\u00f3wnania, stabilno\u015bci i powtarzalno\u015bci podczas procesu spawania, poprawiaj\u0105c wydajno\u015b\u0107, dok\u0142adno\u015b\u0107 i jako\u015b\u0107 monta\u017cu ramy pojazdu.<\/p>","protected":false},"featured_media":1395,"template":"","meta":{"_seopress_robots_primary_cat":"","_seopress_titles_title":"","_seopress_titles_desc":"","_seopress_robots_index":""},"product_brand":[],"product_cat":[25],"product_tag":[],"class_list":{"0":"post-1387","1":"product","2":"type-product","3":"status-publish","4":"has-post-thumbnail","6":"product_cat-welding-fixture","8":"first","9":"instock","10":"shipping-taxable","11":"product-type-simple"},"_links":{"self":[{"href":"https:\/\/www.favamill.com\/pl\/wp-json\/wp\/v2\/product\/1387","targetHints":{"allow":["GET"]}}],"collection":[{"href":"https:\/\/www.favamill.com\/pl\/wp-json\/wp\/v2\/product"}],"about":[{"href":"https:\/\/www.favamill.com\/pl\/wp-json\/wp\/v2\/types\/product"}],"wp:featuredmedia":[{"embeddable":true,"href":"https:\/\/www.favamill.com\/pl\/wp-json\/wp\/v2\/media\/1395"}],"wp:attachment":[{"href":"https:\/\/www.favamill.com\/pl\/wp-json\/wp\/v2\/media?parent=1387"}],"wp:term":[{"taxonomy":"product_brand","embeddable":true,"href":"https:\/\/www.favamill.com\/pl\/wp-json\/wp\/v2\/product_brand?post=1387"},{"taxonomy":"product_cat","embeddable":true,"href":"https:\/\/www.favamill.com\/pl\/wp-json\/wp\/v2\/product_cat?post=1387"},{"taxonomy":"product_tag","embeddable":true,"href":"https:\/\/www.favamill.com\/pl\/wp-json\/wp\/v2\/product_tag?post=1387"}],"curies":[{"name":"wp","href":"https:\/\/api.w.org\/{rel}","templated":true}]}}